{"id":6,"date":"2022-01-04T20:50:46","date_gmt":"2022-01-04T18:50:46","guid":{"rendered":"https:\/\/laakiksenspeksi.fi\/juurianimyoten1\/home\/"},"modified":"2022-03-12T10:23:06","modified_gmt":"2022-03-12T08:23:06","slug":"etusivu","status":"publish","type":"page","link":"https:\/\/laakiksenspeksi.fi\/juurianimyoten\/","title":{"rendered":"Helsingin L\u00e4\u00e4kiksen Speksi 2022"},"content":{"rendered":"\n<h2 class=\"has-text-align-center has-x-large-font-size wp-block-heading\" id=\"juuriani-myoten\">Juuriani My\u00f6ten<\/h2>\n\n\n\n<div class=\"wp-block-image\"><figure class=\"aligncenter size-full\"><img decoding=\"async\" loading=\"lazy\" width=\"1000\" height=\"875\" src=\"https:\/\/laakiksenspeksi.fi\/juurianimyoten\/wp-content\/uploads\/sites\/13\/2022\/02\/Korukakut_1.png\" alt=\"\" class=\"wp-image-932\" srcset=\"https:\/\/laakiksenspeksi.fi\/juurianimyoten\/wp-content\/uploads\/sites\/13\/2022\/02\/Korukakut_1.png 1000w, https:\/\/laakiksenspeksi.fi\/juurianimyoten\/wp-content\/uploads\/sites\/13\/2022\/02\/Korukakut_1-300x263.png 300w, https:\/\/laakiksenspeksi.fi\/juurianimyoten\/wp-content\/uploads\/sites\/13\/2022\/02\/Korukakut_1-768x672.png 768w\" sizes=\"(max-width: 767px) 89vw, (max-width: 1000px) 54vw, (max-width: 1071px) 543px, 580px\" \/><\/figure><\/div>\n\n\n\n<div class=\"wp-block-group is-layout-flow wp-block-group-is-layout-flow\"><div class=\"wp-block-group__inner-container\">\n<p class=\"has-text-align-center\">Bostonin alamaailmassa 1980-luvun lopussa oikeudenmukaisuudesta ollaan montaa mielt\u00e4. M\u00e9ni\u00e8ren perhe pysyttelee salakuljetusbisneksiss\u00e4 ja pit\u00e4\u00e4 itsens\u00e4 et\u00e4\u00e4ll\u00e4 kovat piipussa kulkevista Umbran j\u00e4senist\u00e4. Perinteik\u00e4s toiminta alkaa kuitenkin horjua, kun perheen sis\u00e4ll\u00e4 kytev\u00e4t erimielisyydet pulpahtavat pintaan. Kuinka pitk\u00e4lle lain tuolla puolen voi kulkea, ja silti kokea tekonsa oikeutetuiksi?<\/p>\n\n\n\n<p class=\"has-text-align-center\">Samaan aikaan pikkuruista kulmakuppilaa py\u00f6ritt\u00e4v\u00e4t Hatfieldit yritt\u00e4v\u00e4t selvit\u00e4 koventuneen kilpailun alla. He eiv\u00e4t k\u00e4rsi ainoastaan veloista ja v\u00e4lj\u00e4ht\u00e4neest\u00e4 avioliitosta, vaan rahaa tuntuu kirjaimellisesti haihtuvan ilmaan. Onko totuus aina valhetta parempi? Kuka p\u00e4\u00e4tyy kuitenkin haukkaamaan kielletyst\u00e4 hedelm\u00e4kakusta?<\/p>\n<\/div><\/div>\n\n\n\n<div class=\"wp-block-buttons is-horizontal is-content-justification-center is-layout-flex wp-container-2 wp-block-buttons-is-layout-flex\">\n<div class=\"wp-block-button aligncenter has-custom-width wp-block-button__width-100 is-style-fill\"><a class=\"wp-block-button__link has-white-color has-text-color has-background\" href=\"https:\/\/www.lippu.fi\/artist\/helsingin-laakiksen-speksi\/\" style=\"border-radius:44px;background:linear-gradient(135deg,rgb(85,10,75) 11%,rgb(185,25,68) 50%,rgb(77,10,43) 97%)\">Liput Helsingin n\u00e4yt\u00f6ksiin t\u00e4st\u00e4!<\/a><\/div>\n\n\n\n<div class=\"wp-block-button aligncenter has-custom-width wp-block-button__width-100 is-style-fill\"><a class=\"wp-block-button__link has-white-color has-text-color has-background\" href=\"https:\/\/laakiksenspeksi.fi\/kauppa\/\" style=\"border-radius:44px;background:linear-gradient(135deg,rgb(85,10,75) 11%,rgb(185,25,68) 50%,rgb(77,10,43) 97%)\">Kiertueliput t\u00e4st\u00e4!<\/a><\/div>\n<\/div>\n\n\n\n<p class=\"has-text-align-center\"><strong>HELSINGIN N\u00c4YT\u00d6KSET<\/strong><br>Linnanm\u00e4en Peacock-teatterissa<br>(Tivolikuja 1, 00510 Helsinki)<\/p>\n\n\n\n<p class=\"has-text-align-center\">La 26.3. klo 17:00 (Ensi-ilta)<br>Ma 28.3. klo 19:00<br>Ke 30.3. klo 19:00<br>Pe 1.4. klo 18:00 (Sancarin\u00e4yt\u00f6s)<br>La 2.4. klo 15:00<\/p>\n\n\n\n<p class=\"has-text-align-center\">Peacockin l\u00e4mpi\u00f6n ovet aukeavat tuntia ennen esityst\u00e4.<\/p>\n\n\n\n<p class=\"has-text-align-center\"><strong>Helsingin n\u00e4yt\u00f6sten liput:<\/strong><br>Opiskelijat ja muut alennusryhm\u00e4t 16 \u20ac<br>Aikuinen 21\u20ac<br>Kannatuslippu 35 \u20ac<\/p>\n\n\n\n<p class=\"has-text-align-center\">Kannatuslippuun kuuluu v\u00e4liaikatarjoilu. Kannatuslipun ostajia pyydet\u00e4\u00e4n olemaan s\u00e4hk\u00f6postitse yhteydess\u00e4 liput@laakiksenspeksi.fi v\u00e4liaikatarjoilujen suhteen. N\u00e4in varmistamme parhaan mahdollisen kokemuksen kannatuskatsojillemme.<\/p>\n\n\n\n<p class=\"has-text-align-center\">V\u00e4hint\u00e4\u00e4n 10 hengen ryhm\u00e4t saavat alennusta yhden euron verran jokaista lippua kohti! Koko ryhm\u00e4n tulee olla samaa lippukategoriaa esim. opiskelija.<\/p>\n\n\n\n<p class=\"has-text-align-center\">Lippukauppa aukeaa 2.2.2022 klo 12:00 Lippu.fi:ss\u00e4. Huomioithan, ett\u00e4 liput ovat paikkanumeroituja &#8211; nopein ostaja saa parhaimmat paikat!<\/p>\n\n\n\n<div class=\"wp-block-image\"><figure class=\"aligncenter size-large\"><img decoding=\"async\" loading=\"lazy\" width=\"1024\" height=\"922\" src=\"https:\/\/laakiksenspeksi.fi\/juurianimyoten\/wp-content\/uploads\/sites\/13\/2022\/02\/Rahakorimodattu-1024x922.png\" alt=\"\" class=\"wp-image-937\" srcset=\"https:\/\/laakiksenspeksi.fi\/juurianimyoten\/wp-content\/uploads\/sites\/13\/2022\/02\/Rahakorimodattu-1024x922.png 1024w, https:\/\/laakiksenspeksi.fi\/juurianimyoten\/wp-content\/uploads\/sites\/13\/2022\/02\/Rahakorimodattu-300x270.png 300w, https:\/\/laakiksenspeksi.fi\/juurianimyoten\/wp-content\/uploads\/sites\/13\/2022\/02\/Rahakorimodattu-768x691.png 768w, https:\/\/laakiksenspeksi.fi\/juurianimyoten\/wp-content\/uploads\/sites\/13\/2022\/02\/Rahakorimodattu.png 1134w\" sizes=\"(max-width: 767px) 89vw, (max-width: 1000px) 54vw, (max-width: 1071px) 543px, 580px\" \/><\/figure><\/div>\n\n\n\n<p class=\"has-text-align-center\">Kiertueliput tulevat myyntiin 3.3.2022 klo 13:00 lippukaupassamme.<br><br>Kiertuep\u00e4iv\u00e4m\u00e4\u00e4r\u00e4t ja paikat<br><br>Kuopio 8.4. klo 19:00- Hatsalan klassillinen koulu<br>Oulu 9.4. klo 18:00 &#8211; OSAO Kaukovainion konserttisali<br>Tampere 11.4. klo 18:00 &#8211; Tampereen Ylioppilasteatteri<br>Turku 12.4. klo 18:00 &#8211; Manilla-teatteri<\/p>\n\n\n\n<p class=\"has-text-align-center\"><strong>Kiertuen\u00e4yt\u00f6sten liput:<\/strong><br>Opiskelijat ja muut alennusryhm\u00e4t 12 \u20ac<br>Aikuinen 17\u20ac<br>Kannatuslippu 25 \u20ac<\/p>\n\n\n\n<div class=\"wp-block-image\"><figure class=\"aligncenter size-large is-resized\"><img decoding=\"async\" src=\"https:\/\/laakiksenspeksi.fi\/juurianimyoten\/wp-content\/uploads\/sites\/13\/2022\/02\/valkoinen_tekstivasemmalla1-1024x569.png\" alt=\"\" class=\"wp-image-946\" width=\"-51\" height=\"-28\" srcset=\"https:\/\/laakiksenspeksi.fi\/juurianimyoten\/wp-content\/uploads\/sites\/13\/2022\/02\/valkoinen_tekstivasemmalla1-1024x569.png 1024w, https:\/\/laakiksenspeksi.fi\/juurianimyoten\/wp-content\/uploads\/sites\/13\/2022\/02\/valkoinen_tekstivasemmalla1-300x167.png 300w, https:\/\/laakiksenspeksi.fi\/juurianimyoten\/wp-content\/uploads\/sites\/13\/2022\/02\/valkoinen_tekstivasemmalla1-768x427.png 768w, https:\/\/laakiksenspeksi.fi\/juurianimyoten\/wp-content\/uploads\/sites\/13\/2022\/02\/valkoinen_tekstivasemmalla1-1536x853.png 1536w, https:\/\/laakiksenspeksi.fi\/juurianimyoten\/wp-content\/uploads\/sites\/13\/2022\/02\/valkoinen_tekstivasemmalla1-2048x1138.png 2048w\" sizes=\"(max-width: 767px) 89vw, (max-width: 1000px) 54vw, (max-width: 1071px) 543px, 580px\" \/><\/figure><\/div>\n\n\n\n<figure class=\"wp-block-image size-full\"><a href=\"https:\/\/www.marttivannas.com\/\" target=\"_blank\" rel=\"noopener\"><img decoding=\"async\" loading=\"lazy\" width=\"1024\" height=\"576\" src=\"https:\/\/laakiksenspeksi.fi\/juurianimyoten\/wp-content\/uploads\/sites\/13\/2022\/02\/vannas_16_9-1024x576-kopio.jpeg\" alt=\"\" class=\"wp-image-947\" srcset=\"https:\/\/laakiksenspeksi.fi\/juurianimyoten\/wp-content\/uploads\/sites\/13\/2022\/02\/vannas_16_9-1024x576-kopio.jpeg 1024w, https:\/\/laakiksenspeksi.fi\/juurianimyoten\/wp-content\/uploads\/sites\/13\/2022\/02\/vannas_16_9-1024x576-kopio-300x169.jpeg 300w, https:\/\/laakiksenspeksi.fi\/juurianimyoten\/wp-content\/uploads\/sites\/13\/2022\/02\/vannas_16_9-1024x576-kopio-768x432.jpeg 768w\" sizes=\"(max-width: 767px) 89vw, (max-width: 1000px) 54vw, (max-width: 1071px) 543px, 580px\" \/><\/a><\/figure>\n\n\n\n<p><span style=\"color:#000000\" class=\"tadv-color\"><span style=\"background-color:#000000\" class=\"tadv-background-color\"><\/span><\/span><\/p>\n\n\n\n<figure class=\"wp-block-image size-large\"><a href=\"https:\/\/www.vantaa.fi\/laakariksi\/\" target=\"_blank\" rel=\"noopener\"><img decoding=\"async\" loading=\"lazy\" width=\"1024\" height=\"576\" src=\"https:\/\/laakiksenspeksi.fi\/juurianimyoten\/wp-content\/uploads\/sites\/13\/2022\/02\/Vantaa_nettisivu-1024x576.png\" alt=\"\" class=\"wp-image-948\" srcset=\"https:\/\/laakiksenspeksi.fi\/juurianimyoten\/wp-content\/uploads\/sites\/13\/2022\/02\/Vantaa_nettisivu-1024x576.png 1024w, https:\/\/laakiksenspeksi.fi\/juurianimyoten\/wp-content\/uploads\/sites\/13\/2022\/02\/Vantaa_nettisivu-300x169.png 300w, https:\/\/laakiksenspeksi.fi\/juurianimyoten\/wp-content\/uploads\/sites\/13\/2022\/02\/Vantaa_nettisivu-768x432.png 768w, https:\/\/laakiksenspeksi.fi\/juurianimyoten\/wp-content\/uploads\/sites\/13\/2022\/02\/Vantaa_nettisivu-1536x864.png 1536w, https:\/\/laakiksenspeksi.fi\/juurianimyoten\/wp-content\/uploads\/sites\/13\/2022\/02\/Vantaa_nettisivu.png 1600w\" sizes=\"(max-width: 767px) 89vw, (max-width: 1000px) 54vw, (max-width: 1071px) 543px, 580px\" \/><\/a><\/figure>\n\n\n\n<figure class=\"wp-block-image size-large\"><a href=\"https:\/\/www.unisport.fi\/\" target=\"_blank\" rel=\"noopener\"><img decoding=\"async\" loading=\"lazy\" width=\"1024\" height=\"576\" src=\"https:\/\/laakiksenspeksi.fi\/juurianimyoten\/wp-content\/uploads\/sites\/13\/2022\/02\/Unisport-logo-nettiin-1-scaled-1-1024x576.jpeg\" alt=\"\" class=\"wp-image-945\" srcset=\"https:\/\/laakiksenspeksi.fi\/juurianimyoten\/wp-content\/uploads\/sites\/13\/2022\/02\/Unisport-logo-nettiin-1-scaled-1-1024x576.jpeg 1024w, https:\/\/laakiksenspeksi.fi\/juurianimyoten\/wp-content\/uploads\/sites\/13\/2022\/02\/Unisport-logo-nettiin-1-scaled-1-300x169.jpeg 300w, https:\/\/laakiksenspeksi.fi\/juurianimyoten\/wp-content\/uploads\/sites\/13\/2022\/02\/Unisport-logo-nettiin-1-scaled-1-768x432.jpeg 768w, https:\/\/laakiksenspeksi.fi\/juurianimyoten\/wp-content\/uploads\/sites\/13\/2022\/02\/Unisport-logo-nettiin-1-scaled-1-1536x864.jpeg 1536w, https:\/\/laakiksenspeksi.fi\/juurianimyoten\/wp-content\/uploads\/sites\/13\/2022\/02\/Unisport-logo-nettiin-1-scaled-1-2048x1152.jpeg 2048w\" sizes=\"(max-width: 767px) 89vw, (max-width: 1000px) 54vw, (max-width: 1071px) 543px, 580px\" \/><\/a><\/figure>\n\n\n\n<figure class=\"wp-block-image size-large\"><a href=\"https:\/\/www.orion.fi\/\" target=\"_blank\" rel=\"noopener\"><img decoding=\"async\" loading=\"lazy\" width=\"1024\" height=\"576\" src=\"https:\/\/laakiksenspeksi.fi\/juurianimyoten\/wp-content\/uploads\/sites\/13\/2022\/02\/Orion_LKS_Speksi_1600x900-banneri-1-1024x576.jpeg\" alt=\"\" class=\"wp-image-936\" srcset=\"https:\/\/laakiksenspeksi.fi\/juurianimyoten\/wp-content\/uploads\/sites\/13\/2022\/02\/Orion_LKS_Speksi_1600x900-banneri-1-1024x576.jpeg 1024w, https:\/\/laakiksenspeksi.fi\/juurianimyoten\/wp-content\/uploads\/sites\/13\/2022\/02\/Orion_LKS_Speksi_1600x900-banneri-1-300x169.jpeg 300w, https:\/\/laakiksenspeksi.fi\/juurianimyoten\/wp-content\/uploads\/sites\/13\/2022\/02\/Orion_LKS_Speksi_1600x900-banneri-1-768x432.jpeg 768w, https:\/\/laakiksenspeksi.fi\/juurianimyoten\/wp-content\/uploads\/sites\/13\/2022\/02\/Orion_LKS_Speksi_1600x900-banneri-1-1536x864.jpeg 1536w, https:\/\/laakiksenspeksi.fi\/juurianimyoten\/wp-content\/uploads\/sites\/13\/2022\/02\/Orion_LKS_Speksi_1600x900-banneri-1.jpeg 1600w\" sizes=\"(max-width: 767px) 89vw, (max-width: 1000px) 54vw, (max-width: 1071px) 543px, 580px\" \/><\/a><\/figure>\n\n\n\n<figure class=\"wp-block-image size-large\"><a href=\"https:\/\/www.keusote.fi\/etusivu\/toihin-meille\/\" target=\"_blank\" rel=\"noopener\"><img decoding=\"async\" loading=\"lazy\" width=\"1024\" height=\"576\" src=\"https:\/\/laakiksenspeksi.fi\/juurianimyoten\/wp-content\/uploads\/sites\/13\/2022\/02\/Keusote_Speksi2022_nettisivumainos_1600x900_Keusote-1-1024x576.jpeg\" alt=\"\" class=\"wp-image-930\" srcset=\"https:\/\/laakiksenspeksi.fi\/juurianimyoten\/wp-content\/uploads\/sites\/13\/2022\/02\/Keusote_Speksi2022_nettisivumainos_1600x900_Keusote-1-1024x576.jpeg 1024w, https:\/\/laakiksenspeksi.fi\/juurianimyoten\/wp-content\/uploads\/sites\/13\/2022\/02\/Keusote_Speksi2022_nettisivumainos_1600x900_Keusote-1-300x169.jpeg 300w, https:\/\/laakiksenspeksi.fi\/juurianimyoten\/wp-content\/uploads\/sites\/13\/2022\/02\/Keusote_Speksi2022_nettisivumainos_1600x900_Keusote-1-768x432.jpeg 768w, https:\/\/laakiksenspeksi.fi\/juurianimyoten\/wp-content\/uploads\/sites\/13\/2022\/02\/Keusote_Speksi2022_nettisivumainos_1600x900_Keusote-1-1536x864.jpeg 1536w, https:\/\/laakiksenspeksi.fi\/juurianimyoten\/wp-content\/uploads\/sites\/13\/2022\/02\/Keusote_Speksi2022_nettisivumainos_1600x900_Keusote-1.jpeg 1600w\" sizes=\"(max-width: 767px) 89vw, (max-width: 1000px) 54vw, (max-width: 1071px) 543px, 580px\" \/><\/a><\/figure>\n\n\n\n<figure class=\"wp-block-image size-large\"><a href=\"https:\/\/www.luovalaakarit.fi\/\" target=\"_blank\" rel=\"noopener\"><img decoding=\"async\" loading=\"lazy\" width=\"1024\" height=\"576\" src=\"https:\/\/laakiksenspeksi.fi\/juurianimyoten\/wp-content\/uploads\/sites\/13\/2022\/02\/Luovala\u0308a\u0308ka\u0308risakulle-1024x576.jpeg\" alt=\"\" class=\"wp-image-935\" srcset=\"https:\/\/laakiksenspeksi.fi\/juurianimyoten\/wp-content\/uploads\/sites\/13\/2022\/02\/Luovala\u0308a\u0308ka\u0308risakulle-1024x576.jpeg 1024w, https:\/\/laakiksenspeksi.fi\/juurianimyoten\/wp-content\/uploads\/sites\/13\/2022\/02\/Luovala\u0308a\u0308ka\u0308risakulle-300x169.jpeg 300w, https:\/\/laakiksenspeksi.fi\/juurianimyoten\/wp-content\/uploads\/sites\/13\/2022\/02\/Luovala\u0308a\u0308ka\u0308risakulle-768x432.jpeg 768w, https:\/\/laakiksenspeksi.fi\/juurianimyoten\/wp-content\/uploads\/sites\/13\/2022\/02\/Luovala\u0308a\u0308ka\u0308risakulle-1536x864.jpeg 1536w, https:\/\/laakiksenspeksi.fi\/juurianimyoten\/wp-content\/uploads\/sites\/13\/2022\/02\/Luovala\u0308a\u0308ka\u0308risakulle.jpeg 1920w\" sizes=\"(max-width: 767px) 89vw, (max-width: 1000px) 54vw, (max-width: 1071px) 543px, 580px\" \/><\/a><\/figure>\n\n\n\n<figure class=\"wp-block-image size-large\"><a href=\"https:\/\/www.karviainen.fi\/\" target=\"_blank\" rel=\"noopener\"><img decoding=\"async\" loading=\"lazy\" width=\"1024\" height=\"576\" src=\"https:\/\/laakiksenspeksi.fi\/juurianimyoten\/wp-content\/uploads\/sites\/13\/2022\/02\/Sakulle-Karviainn-scaled-1-1024x576.jpeg\" alt=\"\" class=\"wp-image-938\" srcset=\"https:\/\/laakiksenspeksi.fi\/juurianimyoten\/wp-content\/uploads\/sites\/13\/2022\/02\/Sakulle-Karviainn-scaled-1-1024x576.jpeg 1024w, https:\/\/laakiksenspeksi.fi\/juurianimyoten\/wp-content\/uploads\/sites\/13\/2022\/02\/Sakulle-Karviainn-scaled-1-300x169.jpeg 300w, https:\/\/laakiksenspeksi.fi\/juurianimyoten\/wp-content\/uploads\/sites\/13\/2022\/02\/Sakulle-Karviainn-scaled-1-768x432.jpeg 768w, https:\/\/laakiksenspeksi.fi\/juurianimyoten\/wp-content\/uploads\/sites\/13\/2022\/02\/Sakulle-Karviainn-scaled-1-1536x864.jpeg 1536w, https:\/\/laakiksenspeksi.fi\/juurianimyoten\/wp-content\/uploads\/sites\/13\/2022\/02\/Sakulle-Karviainn-scaled-1-2048x1152.jpeg 2048w\" sizes=\"(max-width: 767px) 89vw, (max-width: 1000px) 54vw, (max-width: 1071px) 543px, 580px\" \/><\/a><\/figure>\n\n\n\n<figure class=\"wp-block-image size-large\"><a href=\"https:\/\/www.itsehoitoapteekki.fi\/tuotesivustot\/perusvoide\/\"><img decoding=\"async\" loading=\"lazy\" width=\"1024\" height=\"576\" src=\"https:\/\/laakiksenspeksi.fi\/juurianimyoten\/wp-content\/uploads\/sites\/13\/2022\/02\/Orion2021_Aqualan_1600x900-1024x576.jpg\" alt=\"\" class=\"wp-image-1036\" srcset=\"https:\/\/laakiksenspeksi.fi\/juurianimyoten\/wp-content\/uploads\/sites\/13\/2022\/02\/Orion2021_Aqualan_1600x900-1024x576.jpg 1024w, https:\/\/laakiksenspeksi.fi\/juurianimyoten\/wp-content\/uploads\/sites\/13\/2022\/02\/Orion2021_Aqualan_1600x900-300x169.jpg 300w, https:\/\/laakiksenspeksi.fi\/juurianimyoten\/wp-content\/uploads\/sites\/13\/2022\/02\/Orion2021_Aqualan_1600x900-768x432.jpg 768w, https:\/\/laakiksenspeksi.fi\/juurianimyoten\/wp-content\/uploads\/sites\/13\/2022\/02\/Orion2021_Aqualan_1600x900-1536x864.jpg 1536w, https:\/\/laakiksenspeksi.fi\/juurianimyoten\/wp-content\/uploads\/sites\/13\/2022\/02\/Orion2021_Aqualan_1600x900.jpg 1600w\" sizes=\"(max-width: 767px) 89vw, (max-width: 1000px) 54vw, (max-width: 1071px) 543px, 580px\" \/><\/a><\/figure>\n\n\n\n<figure class=\"wp-block-image size-large\"><a href=\"https:\/\/www.esperi.fi\/kiitos-kun-kiinnostuit-tyopaikoistamme\"><img decoding=\"async\" loading=\"lazy\" width=\"1024\" height=\"576\" src=\"https:\/\/laakiksenspeksi.fi\/juurianimyoten\/wp-content\/uploads\/sites\/13\/2022\/02\/Esperi_-Nettisivumainos-1024x576.jpg\" alt=\"\" class=\"wp-image-1038\" srcset=\"https:\/\/laakiksenspeksi.fi\/juurianimyoten\/wp-content\/uploads\/sites\/13\/2022\/02\/Esperi_-Nettisivumainos-1024x576.jpg 1024w, https:\/\/laakiksenspeksi.fi\/juurianimyoten\/wp-content\/uploads\/sites\/13\/2022\/02\/Esperi_-Nettisivumainos-300x169.jpg 300w, https:\/\/laakiksenspeksi.fi\/juurianimyoten\/wp-content\/uploads\/sites\/13\/2022\/02\/Esperi_-Nettisivumainos-768x432.jpg 768w, https:\/\/laakiksenspeksi.fi\/juurianimyoten\/wp-content\/uploads\/sites\/13\/2022\/02\/Esperi_-Nettisivumainos-1536x864.jpg 1536w, https:\/\/laakiksenspeksi.fi\/juurianimyoten\/wp-content\/uploads\/sites\/13\/2022\/02\/Esperi_-Nettisivumainos.jpg 1600w\" sizes=\"(max-width: 767px) 89vw, (max-width: 1000px) 54vw, (max-width: 1071px) 543px, 580px\" \/><\/a><\/figure>\n\n\n\n<figure class=\"wp-block-image size-large\"><a href=\"https:\/\/www.espoo.fi\/fi\/laakariksi-espooseen\"><img decoding=\"async\" loading=\"lazy\" width=\"1024\" height=\"576\" src=\"https:\/\/laakiksenspeksi.fi\/juurianimyoten\/wp-content\/uploads\/sites\/13\/2022\/03\/Espoo_Etusivu_1600x900px_-1024x576.jpeg\" alt=\"\" class=\"wp-image-1089\" srcset=\"https:\/\/laakiksenspeksi.fi\/juurianimyoten\/wp-content\/uploads\/sites\/13\/2022\/03\/Espoo_Etusivu_1600x900px_-1024x576.jpeg 1024w, https:\/\/laakiksenspeksi.fi\/juurianimyoten\/wp-content\/uploads\/sites\/13\/2022\/03\/Espoo_Etusivu_1600x900px_-300x169.jpeg 300w, https:\/\/laakiksenspeksi.fi\/juurianimyoten\/wp-content\/uploads\/sites\/13\/2022\/03\/Espoo_Etusivu_1600x900px_-768x432.jpeg 768w, https:\/\/laakiksenspeksi.fi\/juurianimyoten\/wp-content\/uploads\/sites\/13\/2022\/03\/Espoo_Etusivu_1600x900px_.jpeg 1280w\" sizes=\"(max-width: 767px) 89vw, (max-width: 1000px) 54vw, (max-width: 1071px) 543px, 580px\" \/><\/a><\/figure>\n","protected":false},"excerpt":{"rendered":"<p>Juuriani My\u00f6ten Bostonin alamaailmassa 1980-luvun lopussa oikeudenmukaisuudesta ollaan montaa mielt\u00e4. M\u00e9ni\u00e8ren perhe pysyttelee salakuljetusbisneksiss\u00e4 ja pit\u00e4\u00e4 itsens\u00e4 et\u00e4\u00e4ll\u00e4 kovat piipussa kulkevista Umbran j\u00e4senist\u00e4. Perinteik\u00e4s toiminta alkaa kuitenkin horjua, kun perheen sis\u00e4ll\u00e4 kytev\u00e4t erimielisyydet pulpahtavat pintaan. Kuinka pitk\u00e4lle lain tuolla puolen voi kulkea, ja silti kokea tekonsa oikeutetuiksi? Samaan aikaan pikkuruista kulmakuppilaa py\u00f6ritt\u00e4v\u00e4t Hatfieldit yritt\u00e4v\u00e4t selvit\u00e4 &hellip; <\/p>\n<p class=\"link-more\"><a href=\"https:\/\/laakiksenspeksi.fi\/juurianimyoten\/\" class=\"more-link\">Jatka lukemista<span class=\"screen-reader-text\"> &#8221;Helsingin L\u00e4\u00e4kiksen Speksi 2022&#8221;<\/span><\/a><\/p>\n","protected":false},"author":6,"featured_media":0,"parent":0,"menu_order":0,"comment_status":"closed","ping_status":"closed","template":"","meta":{"_mi_skip_tracking":false,"_ti_tpc_template_sync":false,"_ti_tpc_template_id":"","footnotes":""},"aioseo_notices":[],"yoast_head":"<!-- This site is optimized with the Yoast SEO plugin v19.13 - https:\/\/yoast.com\/wordpress\/plugins\/seo\/ -->\n<title>Helsingin L\u00e4\u00e4kiksen Speksi 2022 - Juuriani my\u00f6ten<\/title>\n<meta name=\"robots\" content=\"index, follow, max-snippet:-1, max-image-preview:large, max-video-preview:-1\" \/>\n<link rel=\"canonical\" href=\"https:\/\/laakiksenspeksi.fi\/juurianimyoten\/\" \/>\n<meta property=\"og:locale\" content=\"fi_FI\" \/>\n<meta property=\"og:type\" content=\"article\" \/>\n<meta property=\"og:title\" content=\"Helsingin L\u00e4\u00e4kiksen Speksi 2022 - Juuriani my\u00f6ten\" \/>\n<meta property=\"og:description\" content=\"Juuriani My\u00f6ten Bostonin alamaailmassa 1980-luvun lopussa oikeudenmukaisuudesta ollaan montaa mielt\u00e4. M\u00e9ni\u00e8ren perhe pysyttelee salakuljetusbisneksiss\u00e4 ja pit\u00e4\u00e4 itsens\u00e4 et\u00e4\u00e4ll\u00e4 kovat piipussa kulkevista Umbran j\u00e4senist\u00e4. Perinteik\u00e4s toiminta alkaa kuitenkin horjua, kun perheen sis\u00e4ll\u00e4 kytev\u00e4t erimielisyydet pulpahtavat pintaan. Kuinka pitk\u00e4lle lain tuolla puolen voi kulkea, ja silti kokea tekonsa oikeutetuiksi? Samaan aikaan pikkuruista kulmakuppilaa py\u00f6ritt\u00e4v\u00e4t Hatfieldit yritt\u00e4v\u00e4t selvit\u00e4 &hellip; Jatka lukemista &quot;Helsingin L\u00e4\u00e4kiksen Speksi 2022&quot;\" \/>\n<meta property=\"og:url\" content=\"https:\/\/laakiksenspeksi.fi\/juurianimyoten\/\" \/>\n<meta property=\"og:site_name\" content=\"Juuriani my\u00f6ten\" \/>\n<meta property=\"article:modified_time\" content=\"2022-03-12T08:23:06+00:00\" \/>\n<meta property=\"og:image\" content=\"https:\/\/laakiksenspeksi.fi\/juurianimyoten\/wp-content\/uploads\/sites\/13\/2022\/02\/Korukakut_1.png\" \/>\n<meta name=\"twitter:card\" content=\"summary_large_image\" \/>\n<meta name=\"twitter:label1\" content=\"Arvioitu lukuaika\" \/>\n\t<meta name=\"twitter:data1\" content=\"5 minuuttia\" \/>\n<script type=\"application\/ld+json\" class=\"yoast-schema-graph\">{\"@context\":\"https:\/\/schema.org\",\"@graph\":[{\"@type\":\"WebPage\",\"@id\":\"https:\/\/laakiksenspeksi.fi\/juurianimyoten\/\",\"url\":\"https:\/\/laakiksenspeksi.fi\/juurianimyoten\/\",\"name\":\"Helsingin L\u00e4\u00e4kiksen Speksi 2022 - Juuriani my\u00f6ten\",\"isPartOf\":{\"@id\":\"https:\/\/laakiksenspeksi.fi\/juurianimyoten\/#website\"},\"datePublished\":\"2022-01-04T18:50:46+00:00\",\"dateModified\":\"2022-03-12T08:23:06+00:00\",\"breadcrumb\":{\"@id\":\"https:\/\/laakiksenspeksi.fi\/juurianimyoten\/#breadcrumb\"},\"inLanguage\":\"fi\",\"potentialAction\":[{\"@type\":\"ReadAction\",\"target\":[\"https:\/\/laakiksenspeksi.fi\/juurianimyoten\/\"]}]},{\"@type\":\"BreadcrumbList\",\"@id\":\"https:\/\/laakiksenspeksi.fi\/juurianimyoten\/#breadcrumb\",\"itemListElement\":[{\"@type\":\"ListItem\",\"position\":1,\"name\":\"Etusivu\",\"item\":\"https:\/\/laakiksenspeksi.fi\/juurianimyoten\/\"},{\"@type\":\"ListItem\",\"position\":2,\"name\":\"Helsingin L\u00e4\u00e4kiksen Speksi 2022\"}]},{\"@type\":\"WebSite\",\"@id\":\"https:\/\/laakiksenspeksi.fi\/juurianimyoten\/#website\",\"url\":\"https:\/\/laakiksenspeksi.fi\/juurianimyoten\/\",\"name\":\"Juuriani my\u00f6ten\",\"description\":\"34. Helsingin L\u00e4\u00e4kiksen Speksi\",\"potentialAction\":[{\"@type\":\"SearchAction\",\"target\":{\"@type\":\"EntryPoint\",\"urlTemplate\":\"https:\/\/laakiksenspeksi.fi\/juurianimyoten\/?s={search_term_string}\"},\"query-input\":\"required name=search_term_string\"}],\"inLanguage\":\"fi\"}]}<\/script>\n<!-- \/ Yoast SEO plugin. -->","yoast_head_json":{"title":"Helsingin L\u00e4\u00e4kiksen Speksi 2022 - Juuriani my\u00f6ten","robots":{"index":"index","follow":"follow","max-snippet":"max-snippet:-1","max-image-preview":"max-image-preview:large","max-video-preview":"max-video-preview:-1"},"canonical":"https:\/\/laakiksenspeksi.fi\/juurianimyoten\/","og_locale":"fi_FI","og_type":"article","og_title":"Helsingin L\u00e4\u00e4kiksen Speksi 2022 - Juuriani my\u00f6ten","og_description":"Juuriani My\u00f6ten Bostonin alamaailmassa 1980-luvun lopussa oikeudenmukaisuudesta ollaan montaa mielt\u00e4. M\u00e9ni\u00e8ren perhe pysyttelee salakuljetusbisneksiss\u00e4 ja pit\u00e4\u00e4 itsens\u00e4 et\u00e4\u00e4ll\u00e4 kovat piipussa kulkevista Umbran j\u00e4senist\u00e4. Perinteik\u00e4s toiminta alkaa kuitenkin horjua, kun perheen sis\u00e4ll\u00e4 kytev\u00e4t erimielisyydet pulpahtavat pintaan. Kuinka pitk\u00e4lle lain tuolla puolen voi kulkea, ja silti kokea tekonsa oikeutetuiksi? Samaan aikaan pikkuruista kulmakuppilaa py\u00f6ritt\u00e4v\u00e4t Hatfieldit yritt\u00e4v\u00e4t selvit\u00e4 &hellip; Jatka lukemista \"Helsingin L\u00e4\u00e4kiksen Speksi 2022\"","og_url":"https:\/\/laakiksenspeksi.fi\/juurianimyoten\/","og_site_name":"Juuriani my\u00f6ten","article_modified_time":"2022-03-12T08:23:06+00:00","og_image":[{"url":"https:\/\/laakiksenspeksi.fi\/juurianimyoten\/wp-content\/uploads\/sites\/13\/2022\/02\/Korukakut_1.png"}],"twitter_card":"summary_large_image","twitter_misc":{"Arvioitu lukuaika":"5 minuuttia"},"schema":{"@context":"https:\/\/schema.org","@graph":[{"@type":"WebPage","@id":"https:\/\/laakiksenspeksi.fi\/juurianimyoten\/","url":"https:\/\/laakiksenspeksi.fi\/juurianimyoten\/","name":"Helsingin L\u00e4\u00e4kiksen Speksi 2022 - Juuriani my\u00f6ten","isPartOf":{"@id":"https:\/\/laakiksenspeksi.fi\/juurianimyoten\/#website"},"datePublished":"2022-01-04T18:50:46+00:00","dateModified":"2022-03-12T08:23:06+00:00","breadcrumb":{"@id":"https:\/\/laakiksenspeksi.fi\/juurianimyoten\/#breadcrumb"},"inLanguage":"fi","potentialAction":[{"@type":"ReadAction","target":["https:\/\/laakiksenspeksi.fi\/juurianimyoten\/"]}]},{"@type":"BreadcrumbList","@id":"https:\/\/laakiksenspeksi.fi\/juurianimyoten\/#breadcrumb","itemListElement":[{"@type":"ListItem","position":1,"name":"Etusivu","item":"https:\/\/laakiksenspeksi.fi\/juurianimyoten\/"},{"@type":"ListItem","position":2,"name":"Helsingin L\u00e4\u00e4kiksen Speksi 2022"}]},{"@type":"WebSite","@id":"https:\/\/laakiksenspeksi.fi\/juurianimyoten\/#website","url":"https:\/\/laakiksenspeksi.fi\/juurianimyoten\/","name":"Juuriani my\u00f6ten","description":"34. Helsingin L\u00e4\u00e4kiksen Speksi","potentialAction":[{"@type":"SearchAction","target":{"@type":"EntryPoint","urlTemplate":"https:\/\/laakiksenspeksi.fi\/juurianimyoten\/?s={search_term_string}"},"query-input":"required name=search_term_string"}],"inLanguage":"fi"}]}},"_links":{"self":[{"href":"https:\/\/laakiksenspeksi.fi\/juurianimyoten\/wp-json\/wp\/v2\/pages\/6"}],"collection":[{"href":"https:\/\/laakiksenspeksi.fi\/juurianimyoten\/wp-json\/wp\/v2\/pages"}],"about":[{"href":"https:\/\/laakiksenspeksi.fi\/juurianimyoten\/wp-json\/wp\/v2\/types\/page"}],"author":[{"embeddable":true,"href":"https:\/\/laakiksenspeksi.fi\/juurianimyoten\/wp-json\/wp\/v2\/users\/6"}],"replies":[{"embeddable":true,"href":"https:\/\/laakiksenspeksi.fi\/juurianimyoten\/wp-json\/wp\/v2\/comments?post=6"}],"version-history":[{"count":29,"href":"https:\/\/laakiksenspeksi.fi\/juurianimyoten\/wp-json\/wp\/v2\/pages\/6\/revisions"}],"predecessor-version":[{"id":1097,"href":"https:\/\/laakiksenspeksi.fi\/juurianimyoten\/wp-json\/wp\/v2\/pages\/6\/revisions\/1097"}],"wp:attachment":[{"href":"https:\/\/laakiksenspeksi.fi\/juurianimyoten\/wp-json\/wp\/v2\/media?parent=6"}],"curies":[{"name":"wp","href":"https:\/\/api.w.org\/{rel}","templated":true}]}}