{"id":902,"date":"2022-02-01T19:31:09","date_gmt":"2022-02-01T17:31:09","guid":{"rendered":"https:\/\/laakiksenspeksi.fi\/juurianimyoten1\/?page_id=902"},"modified":"2023-02-20T19:17:17","modified_gmt":"2023-02-20T17:17:17","slug":"mika-speksi","status":"publish","type":"page","link":"https:\/\/laakiksenspeksi.fi\/juurianimyoten\/mika-speksi\/","title":{"rendered":"Mik\u00e4 speksi?"},"content":{"rendered":"<div class=\"wp-block-image\">\n<figure class=\"aligncenter size-full\"><img decoding=\"async\" loading=\"lazy\" width=\"1000\" height=\"875\" src=\"https:\/\/laakiksenspeksi.fi\/juurianimyoten\/wp-content\/uploads\/sites\/13\/2022\/02\/Korukakut_1.png\" alt=\"\" class=\"wp-image-932\" srcset=\"https:\/\/laakiksenspeksi.fi\/juurianimyoten\/wp-content\/uploads\/sites\/13\/2022\/02\/Korukakut_1.png 1000w, https:\/\/laakiksenspeksi.fi\/juurianimyoten\/wp-content\/uploads\/sites\/13\/2022\/02\/Korukakut_1-300x263.png 300w, https:\/\/laakiksenspeksi.fi\/juurianimyoten\/wp-content\/uploads\/sites\/13\/2022\/02\/Korukakut_1-768x672.png 768w\" sizes=\"(max-width: 767px) 89vw, (max-width: 1000px) 54vw, (max-width: 1071px) 543px, 580px\" \/><\/figure><\/div>\n\n\n<p>Speksi on Helsingin Yliopiston l\u00e4\u00e4ketieteellisen tiedekunnan opiskelijoiden vuosittain esitt\u00e4m\u00e4 interaktiivinen musiikkin\u00e4ytelm\u00e4. Kaikki mit\u00e4 ymp\u00e4rill\u00e4si n\u00e4et ja kuulet \u2013 tarinan juonenk\u00e4\u00e4nteist\u00e4 aina tanssikoreografioihin, \u00e4\u00e4niefekteihin sek\u00e4 hulmuaviin hameenhelmoihin asti \u2013 &nbsp;on t\u00e4ysin opiskelijavoimin luotua. Jokaisen speksin taustalla on yhteens\u00e4 noin 100 opiskelijaa tiedekuntamme eri ainej\u00e4rjest\u00f6ist\u00e4.<\/p>\n\n\n\n<p>Miss\u00e4 tahansa esityksen vaiheessa katsoja voi huutaa yleis\u00f6st\u00e4 \u201c<strong>omstart!<\/strong>&#8221;. T\u00e4ll\u00f6in n\u00e4yttelij\u00f6iden, tanssijoiden ja soittajien on esitett\u00e4v\u00e4 edellinen osio uudelleen, yleens\u00e4 hieman eri tavalla. Omstart onkin speksin ydin ja se tekee esityksest\u00e4 interaktiivisen, yleis\u00f6n ja n\u00e4ytelm\u00e4n v\u00e4lisen vuoropuhelun. T\u00e4st\u00e4 johtuen yksik\u00e4\u00e4n n\u00e4yt\u00f6s ei ole samanlainen!<\/p>\n\n\n\n<p>Speksin juuret ulottuvat aina 1500-luvulle Uppsalaan, jossa ylioppilaille opetettiin latinaa teatterin avulla. Ruotsinkielinen kandidaattiseura Thorax aloitti speksiperinteen Suomessa 1950-luvulla. Meid\u00e4n nykymuotoisen speksimme edelt\u00e4jin\u00e4 pidet\u00e4\u00e4n kahta medisiinarioopperaa <em>Puoskarin puutarhassa<\/em> (1958) ja <em>Haavurikukko<\/em> (1980). Kandidaattiseuran ensimm\u00e4inen virallinen speksi <em>Schmertzwald<\/em> sai ensi-iltansa vuonna 1988 ja vuosittainen iloittelumme on jatkunut katkeamattomana tuosta l\u00e4htien.<\/p>\n\n\n\n<p>Vierit\u00e4 sivun alas ja k\u00e4y katsomassa viimeisten vuosien speksien kotisivuja!<\/p>\n\n\n\n<p class=\"has-text-align-center has-large-font-size\">Tekij\u00e4t 2022<\/p>\n\n\n\n<p class=\"has-text-align-center has-large-font-size\">Hallitus<\/p>\n\n\n\n<p class=\"has-text-align-center\"><strong>Ohjaaja:<\/strong><br>Emma Kumpulehto<br>ohjaaja@laakiksenspeksi.fi<\/p>\n\n\n\n<p class=\"has-text-align-center\"><strong>Tuottajat:<\/strong><br>Topias Keskitalo<br>Juho Simola<br>tuottajat@laakiksenspeksi.fi<\/p>\n\n\n\n<p class=\"has-text-align-center\"><strong>Talous:<\/strong><br>Arttu Lahtiharju<br>talous@laakiksenspeksi.fi<\/p>\n\n\n\n<p class=\"has-text-align-center\"><strong>Markkinointi:<\/strong><br>Sini Takala<br>liput@laakiksenspeksi.fi<\/p>\n\n\n\n<p class=\"has-text-align-center\"><strong>Yrityssuhteet<\/strong><br>Nuppu Lyytik\u00e4inen<br>yritykset@laakiksenspeksi.fi<\/p>\n\n\n\n<p class=\"has-text-align-center\"><strong>Some ja viestint\u00e4<\/strong><br>Eleonoora Wihuri<br>tiedottaja@laakiksenspeksi.fi<\/p>\n\n\n\n<p class=\"has-text-align-center has-large-font-size\">K\u00e4sikirjoitus<\/p>\n\n\n\n<p class=\"has-text-align-center\"><strong>Pomo:<\/strong><br>Matias Lehtovirta<br><br>Eleonoora Wihuri<br>Emma Kumpulehto<br>Fredi lagerstam<br>Onni Jaskari<\/p>\n\n\n\n<p class=\"has-text-align-center has-large-font-size\">N\u00e4yttelij\u00e4t<\/p>\n\n\n\n<p class=\"has-text-align-center\"><strong>Ohjaaja:<\/strong><br>Emma Kumpulehto<br><br>Beno\u00eet M\u00e9ni\u00e8re &#8211; Matias Lehtovirta<br>Odile M\u00e9ni\u00e8re &#8211; Claudia Danesi<br>Dominique M\u00e9ni\u00e8re &#8211; Topias Keskitalo<br>C\u00e9line M\u00e9ni\u00e8re &#8211; Sofia Laine<br>Lou M\u00e9ni\u00e8re &#8211; Eleonoora Wihuri<br>Larry Hatfield &#8211; Fredi Lagerstam<br>Donna Hatfield &#8211; Anna-Sofia Luoma<br>Emily Hatfield &#8211; Laura Kuha<br>Roma Silvius &#8211; Oskari Kallioinen<br><br><strong>Sivuroolit:<\/strong><br>Carmen Silvius &#8211; Emma Kumpulehto<br>Tullivirkailija &#8211; Sakari Kettunen<br>Kahvilan asiakas &#8211; Sini Takala<\/p>\n\n\n\n<p class=\"has-text-align-center has-large-font-size\">Tanssijat<\/p>\n\n\n\n<p class=\"has-text-align-center\"><strong>Pomot:<\/strong><br>Anna Kuukasj\u00e4rvi<br>Julia Sel\u00e4nne<br><br>Aarni Arjas<br>Anna koskenranta<br>Anni Erkko<br>Eerika Rautavirta<br>Janna Jusl\u00e9n<br>Jenni M\u00e4kel\u00e4<br>Jessica Hentil\u00e4<br>Laura Seitakari<br>Sara G\u00f6ransson<br>Sini Takala<br>Suvi \u00d6hman<br>Sylvia Talikka<\/p>\n\n\n\n<p class=\"has-text-align-center has-large-font-size\">Musatiim\u00d6<\/p>\n\n\n\n<p class=\"has-text-align-center\"><strong>Pomot:<\/strong><br>Erik Haapatalo<br>Juho Simola<\/p>\n\n\n\n<p class=\"has-text-align-center\"><strong>B\u00e4ndi:<\/strong><br>Antti Huuskonen, koskettimet<br>Elias Jetsonen, rummut<br>Emilia Blomberg, viulu<br>Erik Haapatalo, basso<br>Henri Vasara, koskettimet<br>Hilma Mutanen, viulu<br>Ilmari Moisio, klarinetti<br>Juho Simola, alttoviulu<br>Katri Junnila, huilu<br>Kira M\u00e4kinen, sello<br>Nuppu Lyytik\u00e4inen, alttosaksofoni<br>Nuutti Lehtikuusi, viulu<br>Pauli Vaara, kitara<br>Roope Vesterinen, kitara<br>Sanni Kopperi, trumpetti<br>Venla Sepp\u00e4, oboe<\/p>\n\n\n\n<p class=\"has-text-align-center has-large-font-size\">Laulajat<\/p>\n\n\n\n<p class=\"has-text-align-center\"><strong>Solistimentori:<\/strong><br>Ellie Oijala<br><br>Anna-Sofia Luoma<br>Claudia Danesi<br>Eleonoora Wihuri<br>Iiris Mankki<br>Laura Kuha<br>Matias Lehtovirta<br>Nelli Frilander<br>Pauli Vaara<br>Sini Takala<br>Sofia Laine<br>Topias Keskitalo<br><br><strong>Taustalaulajat:<\/strong><br>Iiris Mankki<br>Kustaa Yli-Soini<br>Nelli Frilander<br>Ruth Nousiainen<br>Saku Lauretsalo <\/p>\n\n\n\n<p class=\"has-text-align-center has-large-font-size\">Maskeeraus<\/p>\n\n\n\n<p class=\"has-text-align-center\"><strong>Pomo:<\/strong><br>Mikaela Tuhkiainen<br><br>Enni Survonen<br>Nella-Liina Pihlajaniemi<br>Niiariikka Mets\u00e4ranta<br>Oona Lillrank<br>Pihla Tommiska<br>Pinja Haapala<br>Roosa Hujanen<br>Tuulia R\u00e4is\u00e4nen<\/p>\n\n\n\n<p class=\"has-text-align-center has-large-font-size\">Puvustus<\/p>\n\n\n\n<p class=\"has-text-align-center\"><strong>Pomot:<\/strong><br>Anni Laurinen<br>Pinja Haapala<br><br>Aada Majuri<br>Anni Leskinen<br>Anniina Koutonen<br>Emma Alppi<br>Eveliina Heinonen<br>Janina Parviainen<br>Jenny Puputti<br>Luzhen Fang<br>Milo Grigore<br>Niiariikka Mets\u00e4ranta<br>Saara P\u00e4\u00e4kk\u00f6nen<br>Venla Lankinen<br>Venla Nurmi<\/p>\n\n\n\n<p class=\"has-text-align-center has-large-font-size\">Grafiikka<\/p>\n\n\n\n<p class=\"has-text-align-center\"><strong>Pomo:<\/strong><br>Sakari Kettunen<br><br>Antti Hautam\u00e4ki<br>Ellamaija Kasanen<br>Eveliina Heinonen<br>Henna Ker\u00e4nen<br>Kamos Rehn<br>Luzhen Fang<br>Onni Jaskari<br>Pentti Pesonen<br>Pinja Haapala<br>Saku Lauretsalo<\/p>\n\n\n\n<p class=\"has-text-align-center has-large-font-size\">Nettisivut<\/p>\n\n\n\n<p class=\"has-text-align-center\"><strong>Pomo:<\/strong><br>Pentti Pesonen<br><br>Sakari Kettunen<br>Saku Lauretsalo<\/p>\n\n\n\n<p class=\"has-text-align-center has-large-font-size\">Kuvaus<\/p>\n\n\n\n<p class=\"has-text-align-center\"><strong>Pomo:<br><\/strong>Onni Jaskari<br><br>Aarni Arjas<br>Alma Helev\u00e4<br>Antti Hautam\u00e4ki<br>Guanyu Xin<br>Ella Ihlberg<br>Ria Holstein<\/p>\n\n\n\n<p class=\"has-text-align-center has-large-font-size\">Lavastus<\/p>\n\n\n\n<p class=\"has-text-align-center\"><strong>Pomot:<\/strong><br>Lasse Suominen<br>Sakari Kettunen<br><br>Alisa Toivanen<br>Alvar Martti<br>Antton Nuorala<br>Asser Sepp\u00e4<br>Eero K\u00e4rtev\u00e4<br>Elias Jetsonen<br>Emmi Salonen<br>Erik M\u00e4kitalo<br>Hanna Juvonen<br>Jesse P\u00f6ll\u00e4nen<br>Kia Kemppainen<br>Lauri Lavikainen<br>Lotta Lille<br>Mairi Liukko<br>Maria Kahanp\u00e4\u00e4<br>Merimaija Kasanen<br>Mila Tanner<br>Milo Grigore<br>Oliver Virkaj\u00e4rvi<br>Onni Jaskari<br>Roope Vesterinen<br>Vertti Lintinen<br>Vilja V\u00e4lim\u00e4ki<\/p>\n\n\n\n<p class=\"has-text-align-center has-large-font-size\">Markkinointi<\/p>\n\n\n\n<p class=\"has-text-align-center\"><strong>Pomo:<\/strong><br>Sini Takala<br><br>Claudia Danesi<br>Eleonoora Wihuri<br>Hanna Juvonen<br>Nuppu Lyytik\u00e4inen <\/p>\n\n\n\n<p class=\"has-text-align-center has-large-font-size\">Hupitiimi<\/p>\n\n\n\n<p class=\"has-text-align-center\"><strong>Pomot:<\/strong><br>Milka Nyqvist<br>Riina Br\u00e4ysy<br><br>Anna Lehto<br>Eeva Tuunanen<br>Elsa Alanko <br>Essi Laakko<br>Essi Toivakka<br>Iida Hautamaa<br>Janina Parviainen<br>Jenny Puputti<br>Jessica V\u00e4is\u00e4nen <br>Jonna Heimonen<br>Julia Piela<br>Laura Nurminen<br>Markus V\u00e4\u00e4n\u00e4nen<br>Millaroosa Karjalainen<br>Nea Ojala<br>Pinja Ahokas<br>Sampo Kuusela<br>Sampo Saarela<br>Veera Verkasalo<\/p>\n\n\n\n<p class=\"has-text-align-center has-large-font-size\">Rekvisiitta<\/p>\n\n\n\n<p class=\"has-text-align-center\"><strong>Pomot:<br><\/strong>Kira Huuska<br>Nora Malinen<br><br>Amanda Kurka<br>Anna Lehto <br>Anni Laurinen<br>Kaisa Teikari<br>Maria Kahanp\u00e4\u00e4<br>Saara Tikka<br>Veera Verkasalo<\/p>\n\n\n\n<p class=\"has-text-align-center has-large-font-size\">Speksin tuotteet<\/p>\n\n\n\n<p class=\"has-text-align-center\"><strong>Pomo:<\/strong><br>Niklas Ulfves<\/p>\n\n\n\n<p class=\"has-text-align-center has-large-font-size\">Sanoittajat<\/p>\n\n\n\n<p class=\"has-text-align-center\">Aarni Arjas<br>Anna Lehto<br>Anni Erkko<br>Claudia Danesi<br>Eleonoora Wihuri<br>Elias Jetsonen<br>Emilia Blomberg<br>Emmi Virolainen<br>Fredi Lagerstam<br>Ilmari Moisio<br>Laura Kuha<br>Matias Lehtovirta<br>Nuppu Korhonen<br>Nuppu Lyytik\u00e4inen<br>Oona Lillrank<br>Pauliina Honkanen<br>Roope Vesterinen<br>Saku Lauretsalo<br>Selma Valjus<br>Sofia Laine<br>Topias Keskitalo<\/p>\n\n\n\n<p class=\"has-text-align-center has-large-font-size\">Valot<\/p>\n\n\n\n<p class=\"has-text-align-center\"><strong>Pomo:<\/strong><br>Samu P\u00e4hti<br><br>Eero Aaltonen<br>Ella Ihlberg<br>Otto Lankinen<br>Samu Huovinen<br>Pentti Pesonen<br><\/p>\n\n\n\n<p class=\"has-text-align-center has-large-font-size\">\u00c4\u00e4net<\/p>\n\n\n\n<p class=\"has-text-align-center\"><strong>Pomo:<\/strong><br>Nikke Haataja<br><br>Riku Pirinen<br>Pentti Pesonen<\/p>\n\n\n\n<p class=\"has-text-align-center has-large-font-size\">Kiertue<\/p>\n\n\n\n<p class=\"has-text-align-center\"><strong>Pomo:<\/strong><br>Matias Lehtovirta<\/p>\n\n\n\n<p class=\"has-text-align-center has-large-font-size\">Vanhoja Speksej\u00e4<\/p>\n\n\n\n<p class=\"has-text-align-center\"><strong><span style=\"text-decoration: underline\" class=\"underline\"><a href=\"https:\/\/laakiksenspeksi.fi\/unennakija\/\"><span style=\"color:#ff6900\" class=\"tadv-color\">2020: Unenn\u00e4kij\u00e4<\/span><\/a><br><a href=\"https:\/\/laakiksenspeksi.fi\/minkataakseenjattaa\/\"><span style=\"color:#ff6900\" class=\"tadv-color\">2019: Mink\u00e4 taakseen j\u00e4tt\u00e4\u00e4<\/span><\/a><br><a href=\"https:\/\/laakiksenspeksi.fi\/elatviela\/\"><span style=\"color:#ff6900\" class=\"tadv-color\">2018: El\u00e4t viel\u00e4<\/span><\/a><br><a href=\"https:\/\/laakiksenspeksi.wixsite.com\/speksi2017\"><span style=\"color:#ff6900\" class=\"tadv-color\">2017: K\u00e4tketty<\/span><\/a><br><a href=\"https:\/\/laakiksenspeksi.wixsite.com\/speksi2016\"><span style=\"color:#ff6900\" class=\"tadv-color\">2016: Kenen risti\u00e4 kannat<\/span><\/a><br><a href=\"https:\/\/laakiksenspeksi.wixsite.com\/speksi2015\"><span style=\"color:#ff6900\" class=\"tadv-color\">2015: Tulisielu<\/span><\/a><span style=\"color:#ff6900\" class=\"tadv-color\"><br><\/span><a href=\"https:\/\/laakiksenspeksi.fi\/2014\/\"><span style=\"color:#ff6900\" class=\"tadv-color\">2014: Myrskyn vartijat<\/span><\/a><br><a href=\"https:\/\/laakiksenspeksi.fi\/2013\/\"><span style=\"color:#ff6900\" class=\"tadv-color\">2013: Taivas rajana<\/span><\/a><br><a href=\"https:\/\/laakiksenspeksi.fi\/2012\/\"><span style=\"color:#ff6900\" class=\"tadv-color\">2012: V\u00e4rityskirja. Nyt<\/span><\/a><br><a href=\"https:\/\/laakiksenspeksi.fi\/2010\/\"><span style=\"color:#ff6900\" class=\"tadv-color\">2010: Istuttajat<\/span><\/a><br><a href=\"https:\/\/laakiksenspeksi.fi\/2009\/\"><span style=\"color:#ff6900\" class=\"tadv-color\">2009: Verikoe<\/span><\/a><\/span><\/strong><\/p>\n\n\n<div class=\"wp-block-image\">\n<figure class=\"aligncenter size-large\"><img decoding=\"async\" loading=\"lazy\" width=\"1024\" height=\"922\" src=\"https:\/\/laakiksenspeksi.fi\/juurianimyoten\/wp-content\/uploads\/sites\/13\/2022\/02\/Rahakorimodattu-1024x922.png\" alt=\"\" class=\"wp-image-937\" srcset=\"https:\/\/laakiksenspeksi.fi\/juurianimyoten\/wp-content\/uploads\/sites\/13\/2022\/02\/Rahakorimodattu-1024x922.png 1024w, https:\/\/laakiksenspeksi.fi\/juurianimyoten\/wp-content\/uploads\/sites\/13\/2022\/02\/Rahakorimodattu-300x270.png 300w, https:\/\/laakiksenspeksi.fi\/juurianimyoten\/wp-content\/uploads\/sites\/13\/2022\/02\/Rahakorimodattu-768x691.png 768w, https:\/\/laakiksenspeksi.fi\/juurianimyoten\/wp-content\/uploads\/sites\/13\/2022\/02\/Rahakorimodattu.png 1134w\" sizes=\"(max-width: 767px) 89vw, (max-width: 1000px) 54vw, (max-width: 1071px) 543px, 580px\" \/><\/figure><\/div>","protected":false},"excerpt":{"rendered":"<p>Speksi on Helsingin Yliopiston l\u00e4\u00e4ketieteellisen tiedekunnan opiskelijoiden vuosittain esitt\u00e4m\u00e4 interaktiivinen musiikkin\u00e4ytelm\u00e4. Kaikki mit\u00e4 ymp\u00e4rill\u00e4si n\u00e4et ja kuulet \u2013 tarinan juonenk\u00e4\u00e4nteist\u00e4 aina tanssikoreografioihin, \u00e4\u00e4niefekteihin sek\u00e4 hulmuaviin hameenhelmoihin asti \u2013 &nbsp;on t\u00e4ysin opiskelijavoimin luotua. Jokaisen speksin taustalla on yhteens\u00e4 noin 100 opiskelijaa tiedekuntamme eri ainej\u00e4rjest\u00f6ist\u00e4. Miss\u00e4 tahansa esityksen vaiheessa katsoja voi huutaa yleis\u00f6st\u00e4 \u201comstart!&#8221;. T\u00e4ll\u00f6in n\u00e4yttelij\u00f6iden, tanssijoiden &hellip; <\/p>\n<p class=\"link-more\"><a href=\"https:\/\/laakiksenspeksi.fi\/juurianimyoten\/mika-speksi\/\" class=\"more-link\">Jatka lukemista<span class=\"screen-reader-text\"> &#8221;Mik\u00e4 speksi?&#8221;<\/span><\/a><\/p>\n","protected":false},"author":6,"featured_media":0,"parent":0,"menu_order":0,"comment_status":"closed","ping_status":"closed","template":"","meta":{"_mi_skip_tracking":false,"_ti_tpc_template_sync":false,"_ti_tpc_template_id":"","footnotes":""},"aioseo_notices":[],"yoast_head":"<!-- This site is optimized with the Yoast SEO plugin v19.13 - https:\/\/yoast.com\/wordpress\/plugins\/seo\/ -->\n<title>Mik\u00e4 speksi? - Juuriani my\u00f6ten<\/title>\n<meta name=\"robots\" content=\"index, follow, max-snippet:-1, max-image-preview:large, max-video-preview:-1\" \/>\n<link rel=\"canonical\" href=\"https:\/\/laakiksenspeksi.fi\/juurianimyoten\/mika-speksi\/\" \/>\n<meta property=\"og:locale\" content=\"fi_FI\" \/>\n<meta property=\"og:type\" content=\"article\" \/>\n<meta property=\"og:title\" content=\"Mik\u00e4 speksi? - Juuriani my\u00f6ten\" \/>\n<meta property=\"og:description\" content=\"Speksi on Helsingin Yliopiston l\u00e4\u00e4ketieteellisen tiedekunnan opiskelijoiden vuosittain esitt\u00e4m\u00e4 interaktiivinen musiikkin\u00e4ytelm\u00e4. Kaikki mit\u00e4 ymp\u00e4rill\u00e4si n\u00e4et ja kuulet \u2013 tarinan juonenk\u00e4\u00e4nteist\u00e4 aina tanssikoreografioihin, \u00e4\u00e4niefekteihin sek\u00e4 hulmuaviin hameenhelmoihin asti \u2013 &nbsp;on t\u00e4ysin opiskelijavoimin luotua. Jokaisen speksin taustalla on yhteens\u00e4 noin 100 opiskelijaa tiedekuntamme eri ainej\u00e4rjest\u00f6ist\u00e4. Miss\u00e4 tahansa esityksen vaiheessa katsoja voi huutaa yleis\u00f6st\u00e4 \u201comstart!&#8221;. T\u00e4ll\u00f6in n\u00e4yttelij\u00f6iden, tanssijoiden &hellip; Jatka lukemista &quot;Mik\u00e4 speksi?&quot;\" \/>\n<meta property=\"og:url\" content=\"https:\/\/laakiksenspeksi.fi\/juurianimyoten\/mika-speksi\/\" \/>\n<meta property=\"og:site_name\" content=\"Juuriani my\u00f6ten\" \/>\n<meta property=\"article:modified_time\" content=\"2023-02-20T17:17:17+00:00\" \/>\n<meta property=\"og:image\" content=\"https:\/\/laakiksenspeksi.fi\/juurianimyoten\/wp-content\/uploads\/sites\/13\/2022\/02\/Korukakut_1.png\" \/>\n<meta name=\"twitter:card\" content=\"summary_large_image\" \/>\n<meta name=\"twitter:label1\" content=\"Arvioitu lukuaika\" \/>\n\t<meta name=\"twitter:data1\" content=\"5 minuuttia\" \/>\n<script type=\"application\/ld+json\" class=\"yoast-schema-graph\">{\"@context\":\"https:\/\/schema.org\",\"@graph\":[{\"@type\":\"WebPage\",\"@id\":\"https:\/\/laakiksenspeksi.fi\/juurianimyoten\/mika-speksi\/\",\"url\":\"https:\/\/laakiksenspeksi.fi\/juurianimyoten\/mika-speksi\/\",\"name\":\"Mik\u00e4 speksi? - Juuriani my\u00f6ten\",\"isPartOf\":{\"@id\":\"https:\/\/laakiksenspeksi.fi\/juurianimyoten\/#website\"},\"datePublished\":\"2022-02-01T17:31:09+00:00\",\"dateModified\":\"2023-02-20T17:17:17+00:00\",\"breadcrumb\":{\"@id\":\"https:\/\/laakiksenspeksi.fi\/juurianimyoten\/mika-speksi\/#breadcrumb\"},\"inLanguage\":\"fi\",\"potentialAction\":[{\"@type\":\"ReadAction\",\"target\":[\"https:\/\/laakiksenspeksi.fi\/juurianimyoten\/mika-speksi\/\"]}]},{\"@type\":\"BreadcrumbList\",\"@id\":\"https:\/\/laakiksenspeksi.fi\/juurianimyoten\/mika-speksi\/#breadcrumb\",\"itemListElement\":[{\"@type\":\"ListItem\",\"position\":1,\"name\":\"Etusivu\",\"item\":\"https:\/\/laakiksenspeksi.fi\/juurianimyoten\/\"},{\"@type\":\"ListItem\",\"position\":2,\"name\":\"Mik\u00e4 speksi?\"}]},{\"@type\":\"WebSite\",\"@id\":\"https:\/\/laakiksenspeksi.fi\/juurianimyoten\/#website\",\"url\":\"https:\/\/laakiksenspeksi.fi\/juurianimyoten\/\",\"name\":\"Juuriani my\u00f6ten\",\"description\":\"34. Helsingin L\u00e4\u00e4kiksen Speksi\",\"potentialAction\":[{\"@type\":\"SearchAction\",\"target\":{\"@type\":\"EntryPoint\",\"urlTemplate\":\"https:\/\/laakiksenspeksi.fi\/juurianimyoten\/?s={search_term_string}\"},\"query-input\":\"required name=search_term_string\"}],\"inLanguage\":\"fi\"}]}<\/script>\n<!-- \/ Yoast SEO plugin. -->","yoast_head_json":{"title":"Mik\u00e4 speksi? - Juuriani my\u00f6ten","robots":{"index":"index","follow":"follow","max-snippet":"max-snippet:-1","max-image-preview":"max-image-preview:large","max-video-preview":"max-video-preview:-1"},"canonical":"https:\/\/laakiksenspeksi.fi\/juurianimyoten\/mika-speksi\/","og_locale":"fi_FI","og_type":"article","og_title":"Mik\u00e4 speksi? - Juuriani my\u00f6ten","og_description":"Speksi on Helsingin Yliopiston l\u00e4\u00e4ketieteellisen tiedekunnan opiskelijoiden vuosittain esitt\u00e4m\u00e4 interaktiivinen musiikkin\u00e4ytelm\u00e4. Kaikki mit\u00e4 ymp\u00e4rill\u00e4si n\u00e4et ja kuulet \u2013 tarinan juonenk\u00e4\u00e4nteist\u00e4 aina tanssikoreografioihin, \u00e4\u00e4niefekteihin sek\u00e4 hulmuaviin hameenhelmoihin asti \u2013 &nbsp;on t\u00e4ysin opiskelijavoimin luotua. Jokaisen speksin taustalla on yhteens\u00e4 noin 100 opiskelijaa tiedekuntamme eri ainej\u00e4rjest\u00f6ist\u00e4. Miss\u00e4 tahansa esityksen vaiheessa katsoja voi huutaa yleis\u00f6st\u00e4 \u201comstart!&#8221;. T\u00e4ll\u00f6in n\u00e4yttelij\u00f6iden, tanssijoiden &hellip; Jatka lukemista \"Mik\u00e4 speksi?\"","og_url":"https:\/\/laakiksenspeksi.fi\/juurianimyoten\/mika-speksi\/","og_site_name":"Juuriani my\u00f6ten","article_modified_time":"2023-02-20T17:17:17+00:00","og_image":[{"url":"https:\/\/laakiksenspeksi.fi\/juurianimyoten\/wp-content\/uploads\/sites\/13\/2022\/02\/Korukakut_1.png"}],"twitter_card":"summary_large_image","twitter_misc":{"Arvioitu lukuaika":"5 minuuttia"},"schema":{"@context":"https:\/\/schema.org","@graph":[{"@type":"WebPage","@id":"https:\/\/laakiksenspeksi.fi\/juurianimyoten\/mika-speksi\/","url":"https:\/\/laakiksenspeksi.fi\/juurianimyoten\/mika-speksi\/","name":"Mik\u00e4 speksi? - Juuriani my\u00f6ten","isPartOf":{"@id":"https:\/\/laakiksenspeksi.fi\/juurianimyoten\/#website"},"datePublished":"2022-02-01T17:31:09+00:00","dateModified":"2023-02-20T17:17:17+00:00","breadcrumb":{"@id":"https:\/\/laakiksenspeksi.fi\/juurianimyoten\/mika-speksi\/#breadcrumb"},"inLanguage":"fi","potentialAction":[{"@type":"ReadAction","target":["https:\/\/laakiksenspeksi.fi\/juurianimyoten\/mika-speksi\/"]}]},{"@type":"BreadcrumbList","@id":"https:\/\/laakiksenspeksi.fi\/juurianimyoten\/mika-speksi\/#breadcrumb","itemListElement":[{"@type":"ListItem","position":1,"name":"Etusivu","item":"https:\/\/laakiksenspeksi.fi\/juurianimyoten\/"},{"@type":"ListItem","position":2,"name":"Mik\u00e4 speksi?"}]},{"@type":"WebSite","@id":"https:\/\/laakiksenspeksi.fi\/juurianimyoten\/#website","url":"https:\/\/laakiksenspeksi.fi\/juurianimyoten\/","name":"Juuriani my\u00f6ten","description":"34. Helsingin L\u00e4\u00e4kiksen Speksi","potentialAction":[{"@type":"SearchAction","target":{"@type":"EntryPoint","urlTemplate":"https:\/\/laakiksenspeksi.fi\/juurianimyoten\/?s={search_term_string}"},"query-input":"required name=search_term_string"}],"inLanguage":"fi"}]}},"_links":{"self":[{"href":"https:\/\/laakiksenspeksi.fi\/juurianimyoten\/wp-json\/wp\/v2\/pages\/902"}],"collection":[{"href":"https:\/\/laakiksenspeksi.fi\/juurianimyoten\/wp-json\/wp\/v2\/pages"}],"about":[{"href":"https:\/\/laakiksenspeksi.fi\/juurianimyoten\/wp-json\/wp\/v2\/types\/page"}],"author":[{"embeddable":true,"href":"https:\/\/laakiksenspeksi.fi\/juurianimyoten\/wp-json\/wp\/v2\/users\/6"}],"replies":[{"embeddable":true,"href":"https:\/\/laakiksenspeksi.fi\/juurianimyoten\/wp-json\/wp\/v2\/comments?post=902"}],"version-history":[{"count":18,"href":"https:\/\/laakiksenspeksi.fi\/juurianimyoten\/wp-json\/wp\/v2\/pages\/902\/revisions"}],"predecessor-version":[{"id":1115,"href":"https:\/\/laakiksenspeksi.fi\/juurianimyoten\/wp-json\/wp\/v2\/pages\/902\/revisions\/1115"}],"wp:attachment":[{"href":"https:\/\/laakiksenspeksi.fi\/juurianimyoten\/wp-json\/wp\/v2\/media?parent=902"}],"curies":[{"name":"wp","href":"https:\/\/api.w.org\/{rel}","templated":true}]}}