{"id":916,"date":"2022-02-01T19:44:04","date_gmt":"2022-02-01T17:44:04","guid":{"rendered":"https:\/\/laakiksenspeksi.fi\/juurianimyoten1\/?page_id=916"},"modified":"2022-03-23T15:26:38","modified_gmt":"2022-03-23T13:26:38","slug":"yhteistyossa","status":"publish","type":"page","link":"https:\/\/laakiksenspeksi.fi\/juurianimyoten\/yhteistyossa\/","title":{"rendered":"Yhteisty\u00f6ss\u00e4"},"content":{"rendered":"\n<h2 class=\"has-text-align-center wp-block-heading\" id=\"helsingin-laakiksen-speksin-yhteistyokumppanit-vuonna-2022\">Helsingin L\u00e4\u00e4kiksen Speksin yhteisty\u00f6kumppanit vuonna 2022<br><\/h2>\n\n\n\n<div class=\"wp-block-image\"><figure class=\"aligncenter size-full\"><a href=\"https:\/\/www.laatupaivystys.fi\/\" target=\"_blank\" rel=\"noopener\"><img decoding=\"async\" loading=\"lazy\" width=\"901\" height=\"625\" src=\"https:\/\/laakiksenspeksi.fi\/juurianimyoten\/wp-content\/uploads\/sites\/13\/2022\/02\/Laatupaivystys_logo_petrol-background.png\" alt=\"\" class=\"wp-image-934\" srcset=\"https:\/\/laakiksenspeksi.fi\/juurianimyoten\/wp-content\/uploads\/sites\/13\/2022\/02\/Laatupaivystys_logo_petrol-background.png 901w, https:\/\/laakiksenspeksi.fi\/juurianimyoten\/wp-content\/uploads\/sites\/13\/2022\/02\/Laatupaivystys_logo_petrol-background-300x208.png 300w, https:\/\/laakiksenspeksi.fi\/juurianimyoten\/wp-content\/uploads\/sites\/13\/2022\/02\/Laatupaivystys_logo_petrol-background-768x533.png 768w\" sizes=\"(max-width: 767px) 89vw, (max-width: 1000px) 54vw, (max-width: 1071px) 543px, 580px\" \/><\/a><\/figure><\/div>\n\n\n\n<p class=\"has-text-align-center\">P\u00e4ivystyksen uusi aikakausi on alkanut! Tarjoamme ty\u00f6mahdollisuuksia eri puolella Suomea ja teemme l\u00e4\u00e4k\u00e4reist\u00e4 laatup\u00e4ivyst\u00e4ji\u00e4. Tule kehittym\u00e4\u00e4n ja kehitt\u00e4m\u00e4\u00e4n kanssamme. Laatumeininki on taattu!<br><br><\/p>\n\n\n\n<div class=\"wp-block-image\"><figure class=\"aligncenter size-large\"><a href=\"https:\/\/www.esperi.fi\/kiitos-kun-kiinnostuit-tyopaikoistamme\" target=\"_blank\" rel=\"noopener\"><img decoding=\"async\" loading=\"lazy\" width=\"1024\" height=\"576\" src=\"https:\/\/laakiksenspeksi.fi\/juurianimyoten\/wp-content\/uploads\/sites\/13\/2022\/02\/Esperin-esittely-nettisivuilla_Esperi-terveys-ja-la\u0308a\u0308ka\u0308ripalvelut_kuva_1600x900.JPG-1024x576.jpg\" alt=\"\" class=\"wp-image-929\" srcset=\"https:\/\/laakiksenspeksi.fi\/juurianimyoten\/wp-content\/uploads\/sites\/13\/2022\/02\/Esperin-esittely-nettisivuilla_Esperi-terveys-ja-la\u0308a\u0308ka\u0308ripalvelut_kuva_1600x900.JPG-1024x576.jpg 1024w, https:\/\/laakiksenspeksi.fi\/juurianimyoten\/wp-content\/uploads\/sites\/13\/2022\/02\/Esperin-esittely-nettisivuilla_Esperi-terveys-ja-la\u0308a\u0308ka\u0308ripalvelut_kuva_1600x900.JPG-300x169.jpg 300w, https:\/\/laakiksenspeksi.fi\/juurianimyoten\/wp-content\/uploads\/sites\/13\/2022\/02\/Esperin-esittely-nettisivuilla_Esperi-terveys-ja-la\u0308a\u0308ka\u0308ripalvelut_kuva_1600x900.JPG-768x432.jpg 768w, https:\/\/laakiksenspeksi.fi\/juurianimyoten\/wp-content\/uploads\/sites\/13\/2022\/02\/Esperin-esittely-nettisivuilla_Esperi-terveys-ja-la\u0308a\u0308ka\u0308ripalvelut_kuva_1600x900.JPG-1536x864.jpg 1536w, https:\/\/laakiksenspeksi.fi\/juurianimyoten\/wp-content\/uploads\/sites\/13\/2022\/02\/Esperin-esittely-nettisivuilla_Esperi-terveys-ja-la\u0308a\u0308ka\u0308ripalvelut_kuva_1600x900.JPG.jpg 1600w\" sizes=\"(max-width: 767px) 89vw, (max-width: 1000px) 54vw, (max-width: 1071px) 543px, 580px\" \/><\/a><\/figure><\/div>\n\n\n\n<p class=\"has-text-align-center\">Esperi Terveys- ja L\u00e4\u00e4k\u00e4ripalveluissa on auki useita hienoja ty\u00f6skentelymahdollisuuksia l\u00e4\u00e4k\u00e4reille eri puolella Suomea. Meid\u00e4n joukkoon on helppo tulla, meill\u00e4 viihdyt\u00e4\u00e4n hyvin. Olemme aidosti kiinnostuneita ty\u00f6ntekij\u00f6ist\u00e4mme ja innokkaita kehitt\u00e4m\u00e4\u00e4n toimintaamme ja palveluitamme. R\u00e4\u00e4t\u00e4l\u00f6imme ty\u00f6paikan tarpeidesi ja toiveidesi mukaan. Lue lis\u00e4\u00e4: <a href=\"https:\/\/eur04.safelinks.protection.outlook.com\/?url=https%3A%2F%2Fwww.esperi.fi%2Fkiitos-kun-kiinnostuit-tyopaikoistamme&amp;data=04%7C01%7C%7C1facaef3b46a49b865bb08d9d39c8536%7C762650ea424042e1b53725e4e435ae49%7C0%7C0%7C637773491502868361%7CUnknown%7CTWFpbGZsb3d8eyJWIjoiMC4wLjAwMDAiLCJQIjoiV2luMzIiLCJBTiI6Ik1haWwiLCJXVCI6Mn0%3D%7C2000&amp;sdata=spKfLPHvUaAo68bZmo7A5FxwcmuLlbkkbVFg1votlys%3D&amp;reserved=0\"><span style=\"color:#f78da7\" class=\"tadv-color\">https:\/\/www.esperi.fi\/kiitos-kun-kiinnostuit-tyopaikoistamme<\/span><\/a><br><br><br><\/p>\n\n\n\n<div class=\"wp-block-image\"><figure class=\"aligncenter size-large\"><a href=\"https:\/\/www.pharmanord.fi\/\" target=\"_blank\" rel=\"noopener\"><img decoding=\"async\" loading=\"lazy\" width=\"1024\" height=\"191\" src=\"https:\/\/laakiksenspeksi.fi\/juurianimyoten\/wp-content\/uploads\/sites\/13\/2022\/02\/Kopio-tiedostosta-Pharma-Nord-va\u0308rilogo-1024x191.jpeg\" alt=\"\" class=\"wp-image-931\" srcset=\"https:\/\/laakiksenspeksi.fi\/juurianimyoten\/wp-content\/uploads\/sites\/13\/2022\/02\/Kopio-tiedostosta-Pharma-Nord-va\u0308rilogo-1024x191.jpeg 1024w, https:\/\/laakiksenspeksi.fi\/juurianimyoten\/wp-content\/uploads\/sites\/13\/2022\/02\/Kopio-tiedostosta-Pharma-Nord-va\u0308rilogo-300x56.jpeg 300w, https:\/\/laakiksenspeksi.fi\/juurianimyoten\/wp-content\/uploads\/sites\/13\/2022\/02\/Kopio-tiedostosta-Pharma-Nord-va\u0308rilogo-768x143.jpeg 768w, https:\/\/laakiksenspeksi.fi\/juurianimyoten\/wp-content\/uploads\/sites\/13\/2022\/02\/Kopio-tiedostosta-Pharma-Nord-va\u0308rilogo-1536x286.jpeg 1536w, https:\/\/laakiksenspeksi.fi\/juurianimyoten\/wp-content\/uploads\/sites\/13\/2022\/02\/Kopio-tiedostosta-Pharma-Nord-va\u0308rilogo.jpeg 1964w\" sizes=\"(max-width: 767px) 89vw, (max-width: 1000px) 54vw, (max-width: 1071px) 543px, 580px\" \/><\/a><\/figure><\/div>\n\n\n\n<p class=\"has-text-align-center\">Pharma Nord on tanskalainen l\u00e4\u00e4ketehdas, joka on Euroopan suurimpia tieteeseen ja tutkimukseen perustuvien ravintolisien ja l\u00e4\u00e4kkeiden kehitt\u00e4ji\u00e4 ja valmistajia. EU:n lains\u00e4\u00e4d\u00e4nn\u00f6st\u00e4 johtuen kaikki tuotteet valmistetaan samoja farmaseuttisia laatuvaatimuksia noudattaen, ja ne tunnetaankin hyv\u00e4st\u00e4 biologisesta hy\u00f6tyosuudesta, turvallisuudesta ja dokumentaatiosta. (Tiedoksi: er\u00e4\u00e4t valmisteet, kuten esim. Bio-Qinon Q10 luokitellaan toisissa EU-maissa reseptil\u00e4\u00e4kkeeksi ja toisissa sama tuote on vapautettu ravintolis\u00e4ksi. T\u00e4st\u00e4 johtuen on v\u00e4ltt\u00e4m\u00e4t\u00f6nt\u00e4, ett\u00e4 kaikki tuotteet valmistetaan samoja farmaseuttisia laatuvaatimuksia noudattaen.)<br><br><br><\/p>\n\n\n\n<figure class=\"wp-block-image size-large\"><a href=\"https:\/\/www.osgenic.com\/\" target=\"_blank\" rel=\"noopener\"><img decoding=\"async\" loading=\"lazy\" width=\"1024\" height=\"141\" src=\"https:\/\/laakiksenspeksi.fi\/juurianimyoten\/wp-content\/uploads\/sites\/13\/2022\/02\/Osgenic-Logo@2x-2-1024x141.png\" alt=\"\" class=\"wp-image-1023\" srcset=\"https:\/\/laakiksenspeksi.fi\/juurianimyoten\/wp-content\/uploads\/sites\/13\/2022\/02\/Osgenic-Logo@2x-2-1024x141.png 1024w, https:\/\/laakiksenspeksi.fi\/juurianimyoten\/wp-content\/uploads\/sites\/13\/2022\/02\/Osgenic-Logo@2x-2-300x41.png 300w, https:\/\/laakiksenspeksi.fi\/juurianimyoten\/wp-content\/uploads\/sites\/13\/2022\/02\/Osgenic-Logo@2x-2-768x105.png 768w, https:\/\/laakiksenspeksi.fi\/juurianimyoten\/wp-content\/uploads\/sites\/13\/2022\/02\/Osgenic-Logo@2x-2-1536x211.png 1536w, https:\/\/laakiksenspeksi.fi\/juurianimyoten\/wp-content\/uploads\/sites\/13\/2022\/02\/Osgenic-Logo@2x-2.png 1850w\" sizes=\"(max-width: 767px) 89vw, (max-width: 1000px) 54vw, (max-width: 1071px) 543px, 580px\" \/><\/a><\/figure>\n\n\n\n<p class=\"has-text-align-center\">Osgenic on suomalainen l\u00e4\u00e4k\u00e4reiden perustama yritys, jonka tavoite on tehd\u00e4 kirurgiasta turvallisempaa kehitt\u00e4m\u00e4ll\u00e4 uusia mahdollisuuksia niin leikkauksiin, kuin muuhun kirurgin ty\u00f6h\u00f6n valmistautumiseen. Osgenicin sis\u00e4ll\u00f6t on tuotettu ongelmal\u00e4ht\u00f6isesti vastaamaan erityisesti erikoistuvien l\u00e4\u00e4k\u00e4reiden kohtaamia p\u00e4ivitt\u00e4isi\u00e4 haasteita<br><br><br><\/p>\n\n\n\n<figure class=\"wp-block-image size-large\"><a href=\"https:\/\/www.espoo.fi\/fi\/laakariksi-espooseen\"><img decoding=\"async\" loading=\"lazy\" width=\"1024\" height=\"576\" src=\"https:\/\/laakiksenspeksi.fi\/juurianimyoten\/wp-content\/uploads\/sites\/13\/2022\/03\/Espoo_Etusivu_1600x900px_-1-1024x576.jpeg\" alt=\"\" class=\"wp-image-1093\" srcset=\"https:\/\/laakiksenspeksi.fi\/juurianimyoten\/wp-content\/uploads\/sites\/13\/2022\/03\/Espoo_Etusivu_1600x900px_-1-1024x576.jpeg 1024w, https:\/\/laakiksenspeksi.fi\/juurianimyoten\/wp-content\/uploads\/sites\/13\/2022\/03\/Espoo_Etusivu_1600x900px_-1-300x169.jpeg 300w, https:\/\/laakiksenspeksi.fi\/juurianimyoten\/wp-content\/uploads\/sites\/13\/2022\/03\/Espoo_Etusivu_1600x900px_-1-768x432.jpeg 768w, https:\/\/laakiksenspeksi.fi\/juurianimyoten\/wp-content\/uploads\/sites\/13\/2022\/03\/Espoo_Etusivu_1600x900px_-1.jpeg 1280w\" sizes=\"(max-width: 767px) 89vw, (max-width: 1000px) 54vw, (max-width: 1071px) 543px, 580px\" \/><\/a><\/figure>\n\n\n\n<p>Tervetuloa l\u00e4\u00e4k\u00e4riksi Espoon kehitysmy\u00f6nteiseen ja innokkaaseen joukkoon! Meill\u00e4 voit ty\u00f6skennell\u00e4 mm. terveysasemilla, mielenterveys- ja p\u00e4ihdepalveluissa, kouluterveydenhuollossa tai modernissa Espoon sairaalassa. Espoossa saat parhaan mahdollisen koulutuksen YEK-vaiheessa sek\u00e4 erikoistuessasi esim. yleisl\u00e4\u00e4ketieteeseen, geriatriaan, ty\u00f6terveyshuoltoon, p\u00e4ihdel\u00e4\u00e4ketieteeseen tai kouluterveydenhuoltoon.\u00a0 Ota yhteytt\u00e4, niin jutellaan lis\u00e4\u00e4:\u00a0<a href=\"mailto:laakariksi@espoo.fi\" target=\"_blank\" rel=\"noreferrer noopener\"><span style=\"color:#ff6900\" class=\"tadv-color\">laakariksi@espoo.<\/span><\/a><a href=\"https:\/\/www.esperi.fi\/kiitos-kun-kiinnostuit-tyopaikoistamme\"><span style=\"color:#ff6900\" class=\"tadv-color\">fi<\/span><\/a><\/p>\n\n\n\n<p><\/p>\n\n\n\n<figure class=\"wp-block-image size-large\"><a href=\"http:\/\/www.vestek.fi\/\"><img decoding=\"async\" loading=\"lazy\" width=\"1024\" height=\"270\" src=\"https:\/\/laakiksenspeksi.fi\/juurianimyoten\/wp-content\/uploads\/sites\/13\/2022\/03\/VESTEK-Oy-Ab-CMYK-1024x270.jpg\" alt=\"\" class=\"wp-image-1104\" srcset=\"https:\/\/laakiksenspeksi.fi\/juurianimyoten\/wp-content\/uploads\/sites\/13\/2022\/03\/VESTEK-Oy-Ab-CMYK-1024x270.jpg 1024w, https:\/\/laakiksenspeksi.fi\/juurianimyoten\/wp-content\/uploads\/sites\/13\/2022\/03\/VESTEK-Oy-Ab-CMYK-300x79.jpg 300w, https:\/\/laakiksenspeksi.fi\/juurianimyoten\/wp-content\/uploads\/sites\/13\/2022\/03\/VESTEK-Oy-Ab-CMYK-768x203.jpg 768w, https:\/\/laakiksenspeksi.fi\/juurianimyoten\/wp-content\/uploads\/sites\/13\/2022\/03\/VESTEK-Oy-Ab-CMYK-1536x405.jpg 1536w, https:\/\/laakiksenspeksi.fi\/juurianimyoten\/wp-content\/uploads\/sites\/13\/2022\/03\/VESTEK-Oy-Ab-CMYK-2048x540.jpg 2048w\" sizes=\"(max-width: 767px) 89vw, (max-width: 1000px) 54vw, (max-width: 1071px) 543px, 580px\" \/><\/a><\/figure>\n\n\n\n<p>Laadukkaat laitteet ja monipuoliset tarvikkeet sairaaloihin, terveyskeskuksiin, hoitolaitoksiin ja kotihoitoon.<\/p>\n","protected":false},"excerpt":{"rendered":"<p>Helsingin L\u00e4\u00e4kiksen Speksin yhteisty\u00f6kumppanit vuonna 2022 P\u00e4ivystyksen uusi aikakausi on alkanut! Tarjoamme ty\u00f6mahdollisuuksia eri puolella Suomea ja teemme l\u00e4\u00e4k\u00e4reist\u00e4 laatup\u00e4ivyst\u00e4ji\u00e4. Tule kehittym\u00e4\u00e4n ja kehitt\u00e4m\u00e4\u00e4n kanssamme. Laatumeininki on taattu! Esperi Terveys- ja L\u00e4\u00e4k\u00e4ripalveluissa on auki useita hienoja ty\u00f6skentelymahdollisuuksia l\u00e4\u00e4k\u00e4reille eri puolella Suomea. Meid\u00e4n joukkoon on helppo tulla, meill\u00e4 viihdyt\u00e4\u00e4n hyvin. Olemme aidosti kiinnostuneita ty\u00f6ntekij\u00f6ist\u00e4mme ja innokkaita &hellip; <\/p>\n<p class=\"link-more\"><a href=\"https:\/\/laakiksenspeksi.fi\/juurianimyoten\/yhteistyossa\/\" class=\"more-link\">Jatka lukemista<span class=\"screen-reader-text\"> &#8221;Yhteisty\u00f6ss\u00e4&#8221;<\/span><\/a><\/p>\n","protected":false},"author":6,"featured_media":0,"parent":0,"menu_order":0,"comment_status":"closed","ping_status":"closed","template":"","meta":{"_mi_skip_tracking":false,"_ti_tpc_template_sync":false,"_ti_tpc_template_id":"","footnotes":""},"aioseo_notices":[],"yoast_head":"<!-- This site is optimized with the Yoast SEO plugin v19.13 - https:\/\/yoast.com\/wordpress\/plugins\/seo\/ -->\n<title>Yhteisty\u00f6ss\u00e4 - Juuriani my\u00f6ten<\/title>\n<meta name=\"robots\" content=\"index, follow, max-snippet:-1, max-image-preview:large, max-video-preview:-1\" \/>\n<link rel=\"canonical\" href=\"https:\/\/laakiksenspeksi.fi\/juurianimyoten\/yhteistyossa\/\" \/>\n<meta property=\"og:locale\" content=\"fi_FI\" \/>\n<meta property=\"og:type\" content=\"article\" \/>\n<meta property=\"og:title\" content=\"Yhteisty\u00f6ss\u00e4 - Juuriani my\u00f6ten\" \/>\n<meta property=\"og:description\" content=\"Helsingin L\u00e4\u00e4kiksen Speksin yhteisty\u00f6kumppanit vuonna 2022 P\u00e4ivystyksen uusi aikakausi on alkanut! Tarjoamme ty\u00f6mahdollisuuksia eri puolella Suomea ja teemme l\u00e4\u00e4k\u00e4reist\u00e4 laatup\u00e4ivyst\u00e4ji\u00e4. Tule kehittym\u00e4\u00e4n ja kehitt\u00e4m\u00e4\u00e4n kanssamme. Laatumeininki on taattu! Esperi Terveys- ja L\u00e4\u00e4k\u00e4ripalveluissa on auki useita hienoja ty\u00f6skentelymahdollisuuksia l\u00e4\u00e4k\u00e4reille eri puolella Suomea. Meid\u00e4n joukkoon on helppo tulla, meill\u00e4 viihdyt\u00e4\u00e4n hyvin. Olemme aidosti kiinnostuneita ty\u00f6ntekij\u00f6ist\u00e4mme ja innokkaita &hellip; Jatka lukemista &quot;Yhteisty\u00f6ss\u00e4&quot;\" \/>\n<meta property=\"og:url\" content=\"https:\/\/laakiksenspeksi.fi\/juurianimyoten\/yhteistyossa\/\" \/>\n<meta property=\"og:site_name\" content=\"Juuriani my\u00f6ten\" \/>\n<meta property=\"article:modified_time\" content=\"2022-03-23T13:26:38+00:00\" \/>\n<meta property=\"og:image\" content=\"https:\/\/laakiksenspeksi.fi\/juurianimyoten\/wp-content\/uploads\/sites\/13\/2022\/02\/Laatupaivystys_logo_petrol-background.png\" \/>\n<meta name=\"twitter:card\" content=\"summary_large_image\" \/>\n<meta name=\"twitter:label1\" content=\"Arvioitu lukuaika\" \/>\n\t<meta name=\"twitter:data1\" content=\"3 minuuttia\" \/>\n<script type=\"application\/ld+json\" class=\"yoast-schema-graph\">{\"@context\":\"https:\/\/schema.org\",\"@graph\":[{\"@type\":\"WebPage\",\"@id\":\"https:\/\/laakiksenspeksi.fi\/juurianimyoten\/yhteistyossa\/\",\"url\":\"https:\/\/laakiksenspeksi.fi\/juurianimyoten\/yhteistyossa\/\",\"name\":\"Yhteisty\u00f6ss\u00e4 - Juuriani my\u00f6ten\",\"isPartOf\":{\"@id\":\"https:\/\/laakiksenspeksi.fi\/juurianimyoten\/#website\"},\"datePublished\":\"2022-02-01T17:44:04+00:00\",\"dateModified\":\"2022-03-23T13:26:38+00:00\",\"breadcrumb\":{\"@id\":\"https:\/\/laakiksenspeksi.fi\/juurianimyoten\/yhteistyossa\/#breadcrumb\"},\"inLanguage\":\"fi\",\"potentialAction\":[{\"@type\":\"ReadAction\",\"target\":[\"https:\/\/laakiksenspeksi.fi\/juurianimyoten\/yhteistyossa\/\"]}]},{\"@type\":\"BreadcrumbList\",\"@id\":\"https:\/\/laakiksenspeksi.fi\/juurianimyoten\/yhteistyossa\/#breadcrumb\",\"itemListElement\":[{\"@type\":\"ListItem\",\"position\":1,\"name\":\"Etusivu\",\"item\":\"https:\/\/laakiksenspeksi.fi\/juurianimyoten\/\"},{\"@type\":\"ListItem\",\"position\":2,\"name\":\"Yhteisty\u00f6ss\u00e4\"}]},{\"@type\":\"WebSite\",\"@id\":\"https:\/\/laakiksenspeksi.fi\/juurianimyoten\/#website\",\"url\":\"https:\/\/laakiksenspeksi.fi\/juurianimyoten\/\",\"name\":\"Juuriani my\u00f6ten\",\"description\":\"34. Helsingin L\u00e4\u00e4kiksen Speksi\",\"potentialAction\":[{\"@type\":\"SearchAction\",\"target\":{\"@type\":\"EntryPoint\",\"urlTemplate\":\"https:\/\/laakiksenspeksi.fi\/juurianimyoten\/?s={search_term_string}\"},\"query-input\":\"required name=search_term_string\"}],\"inLanguage\":\"fi\"}]}<\/script>\n<!-- \/ Yoast SEO plugin. -->","yoast_head_json":{"title":"Yhteisty\u00f6ss\u00e4 - Juuriani my\u00f6ten","robots":{"index":"index","follow":"follow","max-snippet":"max-snippet:-1","max-image-preview":"max-image-preview:large","max-video-preview":"max-video-preview:-1"},"canonical":"https:\/\/laakiksenspeksi.fi\/juurianimyoten\/yhteistyossa\/","og_locale":"fi_FI","og_type":"article","og_title":"Yhteisty\u00f6ss\u00e4 - Juuriani my\u00f6ten","og_description":"Helsingin L\u00e4\u00e4kiksen Speksin yhteisty\u00f6kumppanit vuonna 2022 P\u00e4ivystyksen uusi aikakausi on alkanut! Tarjoamme ty\u00f6mahdollisuuksia eri puolella Suomea ja teemme l\u00e4\u00e4k\u00e4reist\u00e4 laatup\u00e4ivyst\u00e4ji\u00e4. Tule kehittym\u00e4\u00e4n ja kehitt\u00e4m\u00e4\u00e4n kanssamme. Laatumeininki on taattu! Esperi Terveys- ja L\u00e4\u00e4k\u00e4ripalveluissa on auki useita hienoja ty\u00f6skentelymahdollisuuksia l\u00e4\u00e4k\u00e4reille eri puolella Suomea. Meid\u00e4n joukkoon on helppo tulla, meill\u00e4 viihdyt\u00e4\u00e4n hyvin. Olemme aidosti kiinnostuneita ty\u00f6ntekij\u00f6ist\u00e4mme ja innokkaita &hellip; Jatka lukemista \"Yhteisty\u00f6ss\u00e4\"","og_url":"https:\/\/laakiksenspeksi.fi\/juurianimyoten\/yhteistyossa\/","og_site_name":"Juuriani my\u00f6ten","article_modified_time":"2022-03-23T13:26:38+00:00","og_image":[{"url":"https:\/\/laakiksenspeksi.fi\/juurianimyoten\/wp-content\/uploads\/sites\/13\/2022\/02\/Laatupaivystys_logo_petrol-background.png"}],"twitter_card":"summary_large_image","twitter_misc":{"Arvioitu lukuaika":"3 minuuttia"},"schema":{"@context":"https:\/\/schema.org","@graph":[{"@type":"WebPage","@id":"https:\/\/laakiksenspeksi.fi\/juurianimyoten\/yhteistyossa\/","url":"https:\/\/laakiksenspeksi.fi\/juurianimyoten\/yhteistyossa\/","name":"Yhteisty\u00f6ss\u00e4 - Juuriani my\u00f6ten","isPartOf":{"@id":"https:\/\/laakiksenspeksi.fi\/juurianimyoten\/#website"},"datePublished":"2022-02-01T17:44:04+00:00","dateModified":"2022-03-23T13:26:38+00:00","breadcrumb":{"@id":"https:\/\/laakiksenspeksi.fi\/juurianimyoten\/yhteistyossa\/#breadcrumb"},"inLanguage":"fi","potentialAction":[{"@type":"ReadAction","target":["https:\/\/laakiksenspeksi.fi\/juurianimyoten\/yhteistyossa\/"]}]},{"@type":"BreadcrumbList","@id":"https:\/\/laakiksenspeksi.fi\/juurianimyoten\/yhteistyossa\/#breadcrumb","itemListElement":[{"@type":"ListItem","position":1,"name":"Etusivu","item":"https:\/\/laakiksenspeksi.fi\/juurianimyoten\/"},{"@type":"ListItem","position":2,"name":"Yhteisty\u00f6ss\u00e4"}]},{"@type":"WebSite","@id":"https:\/\/laakiksenspeksi.fi\/juurianimyoten\/#website","url":"https:\/\/laakiksenspeksi.fi\/juurianimyoten\/","name":"Juuriani my\u00f6ten","description":"34. Helsingin L\u00e4\u00e4kiksen Speksi","potentialAction":[{"@type":"SearchAction","target":{"@type":"EntryPoint","urlTemplate":"https:\/\/laakiksenspeksi.fi\/juurianimyoten\/?s={search_term_string}"},"query-input":"required name=search_term_string"}],"inLanguage":"fi"}]}},"_links":{"self":[{"href":"https:\/\/laakiksenspeksi.fi\/juurianimyoten\/wp-json\/wp\/v2\/pages\/916"}],"collection":[{"href":"https:\/\/laakiksenspeksi.fi\/juurianimyoten\/wp-json\/wp\/v2\/pages"}],"about":[{"href":"https:\/\/laakiksenspeksi.fi\/juurianimyoten\/wp-json\/wp\/v2\/types\/page"}],"author":[{"embeddable":true,"href":"https:\/\/laakiksenspeksi.fi\/juurianimyoten\/wp-json\/wp\/v2\/users\/6"}],"replies":[{"embeddable":true,"href":"https:\/\/laakiksenspeksi.fi\/juurianimyoten\/wp-json\/wp\/v2\/comments?post=916"}],"version-history":[{"count":11,"href":"https:\/\/laakiksenspeksi.fi\/juurianimyoten\/wp-json\/wp\/v2\/pages\/916\/revisions"}],"predecessor-version":[{"id":1111,"href":"https:\/\/laakiksenspeksi.fi\/juurianimyoten\/wp-json\/wp\/v2\/pages\/916\/revisions\/1111"}],"wp:attachment":[{"href":"https:\/\/laakiksenspeksi.fi\/juurianimyoten\/wp-json\/wp\/v2\/media?parent=916"}],"curies":[{"name":"wp","href":"https:\/\/api.w.org\/{rel}","templated":true}]}}