{"id":923,"date":"2022-02-01T19:53:19","date_gmt":"2022-02-01T17:53:19","guid":{"rendered":"https:\/\/laakiksenspeksi.fi\/juurianimyoten1\/?page_id=923"},"modified":"2022-02-02T13:31:14","modified_gmt":"2022-02-02T11:31:14","slug":"yhteystiedot","status":"publish","type":"page","link":"https:\/\/laakiksenspeksi.fi\/juurianimyoten\/yhteystiedot\/","title":{"rendered":"Yhteystiedot"},"content":{"rendered":"\n<div class=\"wp-block-image\"><figure class=\"aligncenter size-large\"><img decoding=\"async\" loading=\"lazy\" width=\"1024\" height=\"922\" src=\"https:\/\/laakiksenspeksi.fi\/juurianimyoten\/wp-content\/uploads\/sites\/13\/2022\/02\/Rahakorimodattu-1024x922.png\" alt=\"\" class=\"wp-image-937\" srcset=\"https:\/\/laakiksenspeksi.fi\/juurianimyoten\/wp-content\/uploads\/sites\/13\/2022\/02\/Rahakorimodattu-1024x922.png 1024w, https:\/\/laakiksenspeksi.fi\/juurianimyoten\/wp-content\/uploads\/sites\/13\/2022\/02\/Rahakorimodattu-300x270.png 300w, https:\/\/laakiksenspeksi.fi\/juurianimyoten\/wp-content\/uploads\/sites\/13\/2022\/02\/Rahakorimodattu-768x691.png 768w, https:\/\/laakiksenspeksi.fi\/juurianimyoten\/wp-content\/uploads\/sites\/13\/2022\/02\/Rahakorimodattu.png 1134w\" sizes=\"(max-width: 767px) 89vw, (max-width: 1000px) 54vw, (max-width: 1071px) 543px, 580px\" \/><\/figure><\/div>\n\n\n\n<p class=\"has-text-align-center\"><strong>Ohjaaja<\/strong><br>Emma Kumpulehto \u2013 ohjaaja@laakiksenspeksi.fi<br><br><\/p>\n\n\n\n<p class=\"has-text-align-center\"><strong>Tuottajat<br><\/strong>Topias Keskitalo (vastaava tuottaja)<\/p>\n\n\n\n<p class=\"has-text-align-center\">Juho Simola<br>Jole Nissil\u00e4<\/p>\n\n\n\n<p class=\"has-text-align-center\">tuottajat@laakiksenspeksi.fi<br><br><\/p>\n\n\n\n<p class=\"has-text-align-center\"><strong>Talous<\/strong><br>Arttu Lahtiharju \u2013 talous@laakiksenspeksi.fi<br><br><\/p>\n\n\n\n<p class=\"has-text-align-center\"><strong>Markkinointi<\/strong><br>Sini Takala \u2013 liput@laakiksenspeksi.fi<br><br><\/p>\n\n\n\n<p class=\"has-text-align-center\"><strong>Yrityssuhteet<\/strong><br>Nuppu Lyytik\u00e4inen \u2013 yritykset@laakiksenspeksi.fi<br><br><\/p>\n\n\n\n<p class=\"has-text-align-center\"><strong>Sosiaalinen media ja viestint\u00e4<\/strong><br>Eleonoora Wihuri \u2013 tiedottaja@laakiksenspeksi.fi<br><br><\/p>\n\n\n\n<p><\/p>\n\n\n\n<p class=\"has-text-align-center has-large-font-size\"><strong>Ota yhteytt\u00e4!<\/strong><\/p>\n\n\n\n<p class=\"has-text-align-center\">Helsingin L\u00e4\u00e4kiksen Speksi<\/p>\n\n\n\n<p class=\"has-text-align-center\">Postiosoite<br>Haartmaninkatu 8 (Biomedicum)<br>00270 Helsinki<\/p>\n\n\n\n<p class=\"has-text-align-center\">Y-tunnus<br>1952055-9<\/p>\n\n\n\n<p><br><\/p>\n\n\n\n<p class=\"has-text-align-center\"><a href=\"https:\/\/laakiksenspeksi.fi\/lasku-speksille\/\" target=\"_blank\" rel=\"noreferrer noopener\"><span style=\"color:#f78da7\" class=\"tadv-color\">Lasku Speksille<\/span><\/a><\/p>\n\n\n\n<p class=\"has-text-align-center\"><a href=\"https:\/\/forms.gle\/nVzregpi8A7GEnVWA\" target=\"_blank\" rel=\"noreferrer noopener\"><span style=\"color:#f78da7\" class=\"tadv-color\">H\u00e4irint\u00e4lomake Helsingin L\u00e4\u00e4kiksen Speksi ry:n j\u00e4senille<\/span><\/a><\/p>\n","protected":false},"excerpt":{"rendered":"<p>OhjaajaEmma Kumpulehto \u2013 ohjaaja@laakiksenspeksi.fi TuottajatTopias Keskitalo (vastaava tuottaja) Juho SimolaJole Nissil\u00e4 tuottajat@laakiksenspeksi.fi TalousArttu Lahtiharju \u2013 talous@laakiksenspeksi.fi MarkkinointiSini Takala \u2013 liput@laakiksenspeksi.fi YrityssuhteetNuppu Lyytik\u00e4inen \u2013 yritykset@laakiksenspeksi.fi Sosiaalinen media ja viestint\u00e4Eleonoora Wihuri \u2013 tiedottaja@laakiksenspeksi.fi Ota yhteytt\u00e4! Helsingin L\u00e4\u00e4kiksen Speksi PostiosoiteHaartmaninkatu 8 (Biomedicum)00270 Helsinki Y-tunnus1952055-9 Lasku Speksille H\u00e4irint\u00e4lomake Helsingin L\u00e4\u00e4kiksen Speksi ry:n j\u00e4senille<\/p>\n","protected":false},"author":6,"featured_media":0,"parent":0,"menu_order":0,"comment_status":"closed","ping_status":"closed","template":"","meta":{"_mi_skip_tracking":false,"_ti_tpc_template_sync":false,"_ti_tpc_template_id":"","footnotes":""},"aioseo_notices":[],"yoast_head":"<!-- This site is optimized with the Yoast SEO plugin v19.13 - https:\/\/yoast.com\/wordpress\/plugins\/seo\/ -->\n<title>Yhteystiedot - Juuriani my\u00f6ten<\/title>\n<meta name=\"robots\" content=\"index, follow, max-snippet:-1, max-image-preview:large, max-video-preview:-1\" \/>\n<link rel=\"canonical\" href=\"https:\/\/laakiksenspeksi.fi\/juurianimyoten\/yhteystiedot\/\" \/>\n<meta property=\"og:locale\" content=\"fi_FI\" \/>\n<meta property=\"og:type\" content=\"article\" \/>\n<meta property=\"og:title\" content=\"Yhteystiedot - Juuriani my\u00f6ten\" \/>\n<meta property=\"og:description\" content=\"OhjaajaEmma Kumpulehto \u2013 ohjaaja@laakiksenspeksi.fi TuottajatTopias Keskitalo (vastaava tuottaja) Juho SimolaJole Nissil\u00e4 tuottajat@laakiksenspeksi.fi TalousArttu Lahtiharju \u2013 talous@laakiksenspeksi.fi MarkkinointiSini Takala \u2013 liput@laakiksenspeksi.fi YrityssuhteetNuppu Lyytik\u00e4inen \u2013 yritykset@laakiksenspeksi.fi Sosiaalinen media ja viestint\u00e4Eleonoora Wihuri \u2013 tiedottaja@laakiksenspeksi.fi Ota yhteytt\u00e4! Helsingin L\u00e4\u00e4kiksen Speksi PostiosoiteHaartmaninkatu 8 (Biomedicum)00270 Helsinki Y-tunnus1952055-9 Lasku Speksille H\u00e4irint\u00e4lomake Helsingin L\u00e4\u00e4kiksen Speksi ry:n j\u00e4senille\" \/>\n<meta property=\"og:url\" content=\"https:\/\/laakiksenspeksi.fi\/juurianimyoten\/yhteystiedot\/\" \/>\n<meta property=\"og:site_name\" content=\"Juuriani my\u00f6ten\" \/>\n<meta property=\"article:modified_time\" content=\"2022-02-02T11:31:14+00:00\" \/>\n<meta property=\"og:image\" content=\"https:\/\/laakiksenspeksi.fi\/juurianimyoten\/wp-content\/uploads\/sites\/13\/2022\/02\/Rahakorimodattu-1024x922.png\" \/>\n<meta name=\"twitter:card\" content=\"summary_large_image\" \/>\n<meta name=\"twitter:label1\" content=\"Arvioitu lukuaika\" \/>\n\t<meta name=\"twitter:data1\" content=\"1 minuutti\" \/>\n<script type=\"application\/ld+json\" class=\"yoast-schema-graph\">{\"@context\":\"https:\/\/schema.org\",\"@graph\":[{\"@type\":\"WebPage\",\"@id\":\"https:\/\/laakiksenspeksi.fi\/juurianimyoten\/yhteystiedot\/\",\"url\":\"https:\/\/laakiksenspeksi.fi\/juurianimyoten\/yhteystiedot\/\",\"name\":\"Yhteystiedot - Juuriani my\u00f6ten\",\"isPartOf\":{\"@id\":\"https:\/\/laakiksenspeksi.fi\/juurianimyoten\/#website\"},\"datePublished\":\"2022-02-01T17:53:19+00:00\",\"dateModified\":\"2022-02-02T11:31:14+00:00\",\"breadcrumb\":{\"@id\":\"https:\/\/laakiksenspeksi.fi\/juurianimyoten\/yhteystiedot\/#breadcrumb\"},\"inLanguage\":\"fi\",\"potentialAction\":[{\"@type\":\"ReadAction\",\"target\":[\"https:\/\/laakiksenspeksi.fi\/juurianimyoten\/yhteystiedot\/\"]}]},{\"@type\":\"BreadcrumbList\",\"@id\":\"https:\/\/laakiksenspeksi.fi\/juurianimyoten\/yhteystiedot\/#breadcrumb\",\"itemListElement\":[{\"@type\":\"ListItem\",\"position\":1,\"name\":\"Etusivu\",\"item\":\"https:\/\/laakiksenspeksi.fi\/juurianimyoten\/\"},{\"@type\":\"ListItem\",\"position\":2,\"name\":\"Yhteystiedot\"}]},{\"@type\":\"WebSite\",\"@id\":\"https:\/\/laakiksenspeksi.fi\/juurianimyoten\/#website\",\"url\":\"https:\/\/laakiksenspeksi.fi\/juurianimyoten\/\",\"name\":\"Juuriani my\u00f6ten\",\"description\":\"34. Helsingin L\u00e4\u00e4kiksen Speksi\",\"potentialAction\":[{\"@type\":\"SearchAction\",\"target\":{\"@type\":\"EntryPoint\",\"urlTemplate\":\"https:\/\/laakiksenspeksi.fi\/juurianimyoten\/?s={search_term_string}\"},\"query-input\":\"required name=search_term_string\"}],\"inLanguage\":\"fi\"}]}<\/script>\n<!-- \/ Yoast SEO plugin. -->","yoast_head_json":{"title":"Yhteystiedot - Juuriani my\u00f6ten","robots":{"index":"index","follow":"follow","max-snippet":"max-snippet:-1","max-image-preview":"max-image-preview:large","max-video-preview":"max-video-preview:-1"},"canonical":"https:\/\/laakiksenspeksi.fi\/juurianimyoten\/yhteystiedot\/","og_locale":"fi_FI","og_type":"article","og_title":"Yhteystiedot - Juuriani my\u00f6ten","og_description":"OhjaajaEmma Kumpulehto \u2013 ohjaaja@laakiksenspeksi.fi TuottajatTopias Keskitalo (vastaava tuottaja) Juho SimolaJole Nissil\u00e4 tuottajat@laakiksenspeksi.fi TalousArttu Lahtiharju \u2013 talous@laakiksenspeksi.fi MarkkinointiSini Takala \u2013 liput@laakiksenspeksi.fi YrityssuhteetNuppu Lyytik\u00e4inen \u2013 yritykset@laakiksenspeksi.fi Sosiaalinen media ja viestint\u00e4Eleonoora Wihuri \u2013 tiedottaja@laakiksenspeksi.fi Ota yhteytt\u00e4! Helsingin L\u00e4\u00e4kiksen Speksi PostiosoiteHaartmaninkatu 8 (Biomedicum)00270 Helsinki Y-tunnus1952055-9 Lasku Speksille H\u00e4irint\u00e4lomake Helsingin L\u00e4\u00e4kiksen Speksi ry:n j\u00e4senille","og_url":"https:\/\/laakiksenspeksi.fi\/juurianimyoten\/yhteystiedot\/","og_site_name":"Juuriani my\u00f6ten","article_modified_time":"2022-02-02T11:31:14+00:00","og_image":[{"url":"https:\/\/laakiksenspeksi.fi\/juurianimyoten\/wp-content\/uploads\/sites\/13\/2022\/02\/Rahakorimodattu-1024x922.png"}],"twitter_card":"summary_large_image","twitter_misc":{"Arvioitu lukuaika":"1 minuutti"},"schema":{"@context":"https:\/\/schema.org","@graph":[{"@type":"WebPage","@id":"https:\/\/laakiksenspeksi.fi\/juurianimyoten\/yhteystiedot\/","url":"https:\/\/laakiksenspeksi.fi\/juurianimyoten\/yhteystiedot\/","name":"Yhteystiedot - Juuriani my\u00f6ten","isPartOf":{"@id":"https:\/\/laakiksenspeksi.fi\/juurianimyoten\/#website"},"datePublished":"2022-02-01T17:53:19+00:00","dateModified":"2022-02-02T11:31:14+00:00","breadcrumb":{"@id":"https:\/\/laakiksenspeksi.fi\/juurianimyoten\/yhteystiedot\/#breadcrumb"},"inLanguage":"fi","potentialAction":[{"@type":"ReadAction","target":["https:\/\/laakiksenspeksi.fi\/juurianimyoten\/yhteystiedot\/"]}]},{"@type":"BreadcrumbList","@id":"https:\/\/laakiksenspeksi.fi\/juurianimyoten\/yhteystiedot\/#breadcrumb","itemListElement":[{"@type":"ListItem","position":1,"name":"Etusivu","item":"https:\/\/laakiksenspeksi.fi\/juurianimyoten\/"},{"@type":"ListItem","position":2,"name":"Yhteystiedot"}]},{"@type":"WebSite","@id":"https:\/\/laakiksenspeksi.fi\/juurianimyoten\/#website","url":"https:\/\/laakiksenspeksi.fi\/juurianimyoten\/","name":"Juuriani my\u00f6ten","description":"34. Helsingin L\u00e4\u00e4kiksen Speksi","potentialAction":[{"@type":"SearchAction","target":{"@type":"EntryPoint","urlTemplate":"https:\/\/laakiksenspeksi.fi\/juurianimyoten\/?s={search_term_string}"},"query-input":"required name=search_term_string"}],"inLanguage":"fi"}]}},"_links":{"self":[{"href":"https:\/\/laakiksenspeksi.fi\/juurianimyoten\/wp-json\/wp\/v2\/pages\/923"}],"collection":[{"href":"https:\/\/laakiksenspeksi.fi\/juurianimyoten\/wp-json\/wp\/v2\/pages"}],"about":[{"href":"https:\/\/laakiksenspeksi.fi\/juurianimyoten\/wp-json\/wp\/v2\/types\/page"}],"author":[{"embeddable":true,"href":"https:\/\/laakiksenspeksi.fi\/juurianimyoten\/wp-json\/wp\/v2\/users\/6"}],"replies":[{"embeddable":true,"href":"https:\/\/laakiksenspeksi.fi\/juurianimyoten\/wp-json\/wp\/v2\/comments?post=923"}],"version-history":[{"count":3,"href":"https:\/\/laakiksenspeksi.fi\/juurianimyoten\/wp-json\/wp\/v2\/pages\/923\/revisions"}],"predecessor-version":[{"id":1016,"href":"https:\/\/laakiksenspeksi.fi\/juurianimyoten\/wp-json\/wp\/v2\/pages\/923\/revisions\/1016"}],"wp:attachment":[{"href":"https:\/\/laakiksenspeksi.fi\/juurianimyoten\/wp-json\/wp\/v2\/media?parent=923"}],"curies":[{"name":"wp","href":"https:\/\/api.w.org\/{rel}","templated":true}]}}