{"id":3654,"date":"2026-01-04T13:41:32","date_gmt":"2026-01-04T11:41:32","guid":{"rendered":"https:\/\/laakiksenspeksi.fi\/kauppa\/?post_type=product&#038;p=3654"},"modified":"2026-04-20T16:44:17","modified_gmt":"2026-04-20T13:44:17","slug":"matakuun-aikaan-nasijarven_napoli","status":"publish","type":"product","link":"https:\/\/laakiksenspeksi.fi\/kauppa\/tuote\/matakuun-aikaan-nasijarven_napoli\/","title":{"rendered":"M\u00e4t\u00e4kuun aikaan: 20.4.2026 18:00: Tampere"},"content":{"rendered":"<p>Helsingin L\u00e4\u00e4kiksen 38. speksi<\/p>\n<p>Hiostavan kes\u00e4y\u00f6n h\u00e4m\u00e4riss\u00e4 kaksi yst\u00e4vyst\u00e4 l\u00e4htee matkaan ja p\u00e4\u00e4tyy lep\u00e4\u00e4m\u00e4\u00e4n syrj\u00e4iseen motelliin. R\u00e4nsistyneiden seinien sis\u00e4ll\u00e4 odottaa v\u00e4rik\u00e4s kavalkadi y\u00f6vieraita. Odottamattoman tapahtumaketjun seurauksena lyhyeksi tarkoitettu v\u00e4lipys\u00e4hdys muuttuu konfliktien painekattilaksi, jossa k\u00e4tketyt motiivit nousevat v\u00e4\u00e4j\u00e4\u00e4m\u00e4tt\u00e4 pintaan.<\/p>\n<p>Kannatuslippu 30\u20ac<br \/>\nPeruslippu 23\u20ac<br \/>\nAlennuslippu (opiskelija, el\u00e4kel\u00e4inen, varusmies, ty\u00f6t\u00f6n) 16\u20ac<\/p>\n<p>Tarjoamme v\u00e4hint\u00e4\u00e4n 10 henkil\u00f6n ryhmille ryhm\u00e4alennusta -2\u20ac\/lippu. Ryhm\u00e4varausta varten pyyd\u00e4mme olemaan yhteydess\u00e4 liput@laakiksenspeksi.fi 12.4.2026 menness\u00e4.<\/p>\n<p>20.4.2026: Tampere, Tanssiteatteri MD (H\u00e4meenkatu 25, 33200 Tampere), klo 18<\/p>\n","protected":false},"excerpt":{"rendered":"<p>20.4.2026: Tampere, Tanssiteatteri MD (H\u00e4meenkatu 25, 33200 Tampere), klo 18<\/p>\n","protected":false},"featured_media":3646,"template":"","meta":{"_mi_skip_tracking":false,"_ti_tpc_template_sync":false,"_ti_tpc_template_id":""},"product_cat":[17],"product_tag":[],"aioseo_notices":[],"yoast_head":"<!-- This site is optimized with the Yoast SEO plugin v19.13 - https:\/\/yoast.com\/wordpress\/plugins\/seo\/ -->\n<title>M\u00e4t\u00e4kuun aikaan: 20.4.2026 18:00: Tampere - Helsingin L\u00e4\u00e4kiksen Speksin lippukauppa<\/title>\n<meta name=\"robots\" content=\"index, follow, max-snippet:-1, max-image-preview:large, max-video-preview:-1\" \/>\n<link rel=\"canonical\" href=\"https:\/\/laakiksenspeksi.fi\/kauppa\/tuote\/matakuun-aikaan-nasijarven_napoli\/\" \/>\n<meta property=\"og:locale\" content=\"fi_FI\" \/>\n<meta property=\"og:type\" content=\"article\" \/>\n<meta property=\"og:title\" content=\"M\u00e4t\u00e4kuun aikaan: 20.4.2026 18:00: Tampere - Helsingin L\u00e4\u00e4kiksen Speksin lippukauppa\" \/>\n<meta property=\"og:description\" content=\"20.4.2026: Tampere, Tanssiteatteri MD (H\u00e4meenkatu 25, 33200 Tampere), klo 18\" \/>\n<meta property=\"og:url\" content=\"https:\/\/laakiksenspeksi.fi\/kauppa\/tuote\/matakuun-aikaan-nasijarven_napoli\/\" \/>\n<meta property=\"og:site_name\" content=\"Helsingin L\u00e4\u00e4kiksen Speksin lippukauppa\" \/>\n<meta property=\"article:modified_time\" content=\"2026-04-20T13:44:17+00:00\" \/>\n<meta property=\"og:image\" content=\"https:\/\/laakiksenspeksi.fi\/kauppa\/wp-content\/uploads\/sites\/3\/2026\/01\/mata3.jpg\" \/>\n\t<meta property=\"og:image:width\" content=\"159\" \/>\n\t<meta property=\"og:image:height\" content=\"159\" \/>\n\t<meta property=\"og:image:type\" content=\"image\/jpeg\" \/>\n<meta name=\"twitter:card\" content=\"summary_large_image\" \/>\n<script type=\"application\/ld+json\" class=\"yoast-schema-graph\">{\"@context\":\"https:\/\/schema.org\",\"@graph\":[{\"@type\":\"WebPage\",\"@id\":\"https:\/\/laakiksenspeksi.fi\/kauppa\/tuote\/matakuun-aikaan-nasijarven_napoli\/\",\"url\":\"https:\/\/laakiksenspeksi.fi\/kauppa\/tuote\/matakuun-aikaan-nasijarven_napoli\/\",\"name\":\"M\u00e4t\u00e4kuun aikaan: 20.4.2026 18:00: Tampere - Helsingin L\u00e4\u00e4kiksen Speksin lippukauppa\",\"isPartOf\":{\"@id\":\"https:\/\/laakiksenspeksi.fi\/kauppa\/#website\"},\"datePublished\":\"2026-01-04T11:41:32+00:00\",\"dateModified\":\"2026-04-20T13:44:17+00:00\",\"breadcrumb\":{\"@id\":\"https:\/\/laakiksenspeksi.fi\/kauppa\/tuote\/matakuun-aikaan-nasijarven_napoli\/#breadcrumb\"},\"inLanguage\":\"fi\",\"potentialAction\":[{\"@type\":\"ReadAction\",\"target\":[\"https:\/\/laakiksenspeksi.fi\/kauppa\/tuote\/matakuun-aikaan-nasijarven_napoli\/\"]}]},{\"@type\":\"BreadcrumbList\",\"@id\":\"https:\/\/laakiksenspeksi.fi\/kauppa\/tuote\/matakuun-aikaan-nasijarven_napoli\/#breadcrumb\",\"itemListElement\":[{\"@type\":\"ListItem\",\"position\":1,\"name\":\"Home\",\"item\":\"https:\/\/laakiksenspeksi.fi\/kauppa\/\"},{\"@type\":\"ListItem\",\"position\":2,\"name\":\"Kauppa\",\"item\":\"https:\/\/laakiksenspeksi.fi\/kauppa\/\"},{\"@type\":\"ListItem\",\"position\":3,\"name\":\"M\u00e4t\u00e4kuun aikaan: 20.4.2026 18:00: Tampere\"}]},{\"@type\":\"WebSite\",\"@id\":\"https:\/\/laakiksenspeksi.fi\/kauppa\/#website\",\"url\":\"https:\/\/laakiksenspeksi.fi\/kauppa\/\",\"name\":\"Helsingin L\u00e4\u00e4kiksen Speksin lippukauppa\",\"description\":\"\",\"publisher\":{\"@id\":\"https:\/\/laakiksenspeksi.fi\/kauppa\/#organization\"},\"potentialAction\":[{\"@type\":\"SearchAction\",\"target\":{\"@type\":\"EntryPoint\",\"urlTemplate\":\"https:\/\/laakiksenspeksi.fi\/kauppa\/?s={search_term_string}\"},\"query-input\":\"required name=search_term_string\"}],\"inLanguage\":\"fi\"},{\"@type\":\"Organization\",\"@id\":\"https:\/\/laakiksenspeksi.fi\/kauppa\/#organization\",\"name\":\"Helsingin L\u00e4\u00e4kiksen Speksin lippukauppa\",\"url\":\"https:\/\/laakiksenspeksi.fi\/kauppa\/\",\"logo\":{\"@type\":\"ImageObject\",\"inLanguage\":\"fi\",\"@id\":\"https:\/\/laakiksenspeksi.fi\/kauppa\/#\/schema\/logo\/image\/\",\"url\":\"https:\/\/laakiksenspeksi.fi\/kauppa\/wp-content\/uploads\/sites\/3\/2024\/12\/cropped-turbokertomus-logo-3.0-valmis-final-e1735483522123.png\",\"contentUrl\":\"https:\/\/laakiksenspeksi.fi\/kauppa\/wp-content\/uploads\/sites\/3\/2024\/12\/cropped-turbokertomus-logo-3.0-valmis-final-e1735483522123.png\",\"width\":240,\"height\":54,\"caption\":\"Helsingin L\u00e4\u00e4kiksen Speksin lippukauppa\"},\"image\":{\"@id\":\"https:\/\/laakiksenspeksi.fi\/kauppa\/#\/schema\/logo\/image\/\"}}]}<\/script>\n<!-- \/ Yoast SEO plugin. -->","yoast_head_json":{"title":"M\u00e4t\u00e4kuun aikaan: 20.4.2026 18:00: Tampere - Helsingin L\u00e4\u00e4kiksen Speksin lippukauppa","robots":{"index":"index","follow":"follow","max-snippet":"max-snippet:-1","max-image-preview":"max-image-preview:large","max-video-preview":"max-video-preview:-1"},"canonical":"https:\/\/laakiksenspeksi.fi\/kauppa\/tuote\/matakuun-aikaan-nasijarven_napoli\/","og_locale":"fi_FI","og_type":"article","og_title":"M\u00e4t\u00e4kuun aikaan: 20.4.2026 18:00: Tampere - Helsingin L\u00e4\u00e4kiksen Speksin lippukauppa","og_description":"20.4.2026: Tampere, Tanssiteatteri MD (H\u00e4meenkatu 25, 33200 Tampere), klo 18","og_url":"https:\/\/laakiksenspeksi.fi\/kauppa\/tuote\/matakuun-aikaan-nasijarven_napoli\/","og_site_name":"Helsingin L\u00e4\u00e4kiksen Speksin lippukauppa","article_modified_time":"2026-04-20T13:44:17+00:00","og_image":[{"width":159,"height":159,"url":"https:\/\/laakiksenspeksi.fi\/kauppa\/wp-content\/uploads\/sites\/3\/2026\/01\/mata3.jpg","type":"image\/jpeg"}],"twitter_card":"summary_large_image","schema":{"@context":"https:\/\/schema.org","@graph":[{"@type":"WebPage","@id":"https:\/\/laakiksenspeksi.fi\/kauppa\/tuote\/matakuun-aikaan-nasijarven_napoli\/","url":"https:\/\/laakiksenspeksi.fi\/kauppa\/tuote\/matakuun-aikaan-nasijarven_napoli\/","name":"M\u00e4t\u00e4kuun aikaan: 20.4.2026 18:00: Tampere - Helsingin L\u00e4\u00e4kiksen Speksin lippukauppa","isPartOf":{"@id":"https:\/\/laakiksenspeksi.fi\/kauppa\/#website"},"datePublished":"2026-01-04T11:41:32+00:00","dateModified":"2026-04-20T13:44:17+00:00","breadcrumb":{"@id":"https:\/\/laakiksenspeksi.fi\/kauppa\/tuote\/matakuun-aikaan-nasijarven_napoli\/#breadcrumb"},"inLanguage":"fi","potentialAction":[{"@type":"ReadAction","target":["https:\/\/laakiksenspeksi.fi\/kauppa\/tuote\/matakuun-aikaan-nasijarven_napoli\/"]}]},{"@type":"BreadcrumbList","@id":"https:\/\/laakiksenspeksi.fi\/kauppa\/tuote\/matakuun-aikaan-nasijarven_napoli\/#breadcrumb","itemListElement":[{"@type":"ListItem","position":1,"name":"Home","item":"https:\/\/laakiksenspeksi.fi\/kauppa\/"},{"@type":"ListItem","position":2,"name":"Kauppa","item":"https:\/\/laakiksenspeksi.fi\/kauppa\/"},{"@type":"ListItem","position":3,"name":"M\u00e4t\u00e4kuun aikaan: 20.4.2026 18:00: Tampere"}]},{"@type":"WebSite","@id":"https:\/\/laakiksenspeksi.fi\/kauppa\/#website","url":"https:\/\/laakiksenspeksi.fi\/kauppa\/","name":"Helsingin L\u00e4\u00e4kiksen Speksin lippukauppa","description":"","publisher":{"@id":"https:\/\/laakiksenspeksi.fi\/kauppa\/#organization"},"potentialAction":[{"@type":"SearchAction","target":{"@type":"EntryPoint","urlTemplate":"https:\/\/laakiksenspeksi.fi\/kauppa\/?s={search_term_string}"},"query-input":"required name=search_term_string"}],"inLanguage":"fi"},{"@type":"Organization","@id":"https:\/\/laakiksenspeksi.fi\/kauppa\/#organization","name":"Helsingin L\u00e4\u00e4kiksen Speksin lippukauppa","url":"https:\/\/laakiksenspeksi.fi\/kauppa\/","logo":{"@type":"ImageObject","inLanguage":"fi","@id":"https:\/\/laakiksenspeksi.fi\/kauppa\/#\/schema\/logo\/image\/","url":"https:\/\/laakiksenspeksi.fi\/kauppa\/wp-content\/uploads\/sites\/3\/2024\/12\/cropped-turbokertomus-logo-3.0-valmis-final-e1735483522123.png","contentUrl":"https:\/\/laakiksenspeksi.fi\/kauppa\/wp-content\/uploads\/sites\/3\/2024\/12\/cropped-turbokertomus-logo-3.0-valmis-final-e1735483522123.png","width":240,"height":54,"caption":"Helsingin L\u00e4\u00e4kiksen Speksin lippukauppa"},"image":{"@id":"https:\/\/laakiksenspeksi.fi\/kauppa\/#\/schema\/logo\/image\/"}}]}},"_links":{"self":[{"href":"https:\/\/laakiksenspeksi.fi\/kauppa\/wp-json\/wp\/v2\/product\/3654"}],"collection":[{"href":"https:\/\/laakiksenspeksi.fi\/kauppa\/wp-json\/wp\/v2\/product"}],"about":[{"href":"https:\/\/laakiksenspeksi.fi\/kauppa\/wp-json\/wp\/v2\/types\/product"}],"wp:featuredmedia":[{"embeddable":true,"href":"https:\/\/laakiksenspeksi.fi\/kauppa\/wp-json\/wp\/v2\/media\/3646"}],"wp:attachment":[{"href":"https:\/\/laakiksenspeksi.fi\/kauppa\/wp-json\/wp\/v2\/media?parent=3654"}],"wp:term":[{"taxonomy":"product_cat","embeddable":true,"href":"https:\/\/laakiksenspeksi.fi\/kauppa\/wp-json\/wp\/v2\/product_cat?post=3654"},{"taxonomy":"product_tag","embeddable":true,"href":"https:\/\/laakiksenspeksi.fi\/kauppa\/wp-json\/wp\/v2\/product_tag?post=3654"}],"curies":[{"name":"wp","href":"https:\/\/api.w.org\/{rel}","templated":true}]}}