{"id":502,"date":"2022-12-24T12:59:32","date_gmt":"2022-12-24T10:59:32","guid":{"rendered":"https:\/\/laakiksenspeksi.fi\/matakuu\/?page_id=502"},"modified":"2026-01-29T20:12:13","modified_gmt":"2026-01-29T18:12:13","slug":"mika-speksi","status":"publish","type":"page","link":"https:\/\/laakiksenspeksi.fi\/matakuu\/mika-speksi\/","title":{"rendered":"Mik\u00e4 speksi?"},"content":{"rendered":"\n<div id=\"wp-block-themeisle-blocks-advanced-columns-6f285c9b\" class=\"wp-block-themeisle-blocks-advanced-columns has-1-columns has-desktop-equal-layout has-tablet-equal-layout has-mobile-equal-layout has-vertical-unset\"><div class=\"wp-block-themeisle-blocks-advanced-columns-overlay\"><\/div><div class=\"innerblocks-wrap\">\n<div id=\"wp-block-themeisle-blocks-advanced-column-c3f897df\" class=\"wp-block-themeisle-blocks-advanced-column\"><div id=\"pl-gb502-6a01b84f33083\"  class=\"panel-layout\" ><div id=\"pg-gb502-6a01b84f33083-0\"  class=\"panel-grid panel-no-style\" ><div id=\"pgc-gb502-6a01b84f33083-0-0\"  class=\"panel-grid-cell\" ><div id=\"panel-gb502-6a01b84f33083-0-0-0\" class=\"so-panel widget widget_text panel-first-child panel-last-child\" data-index=\"0\" >\t\t\t<div class=\"textwidget\"><h2>Speksi on&#8230;<\/h2>\n<p>\u2026 Helsingin Yliopiston l\u00e4\u00e4ketieteellisen tiedekunnan opiskelijoiden vuosittain esitt\u00e4m\u00e4 interaktiivinen musiikkin\u00e4ytelm\u00e4. Kaikki mit\u00e4 ymp\u00e4rill\u00e4si n\u00e4et ja kuulet \u2013 tarinan juonenk\u00e4\u00e4nteist\u00e4 aina tanssikoreografioihin, \u00e4\u00e4niefekteihin sek\u00e4 hulmuaviin hameenhelmoihin asti \u2013 \u00a0on t\u00e4ysin opiskelijavoimin luotua. Jokaisen speksin taustalla on yhteens\u00e4 noin 100 opiskelijaa tiedekuntamme eri ainej\u00e4rjest\u00f6ist\u00e4.<\/p>\n<p>Miss\u00e4 tahansa esityksen vaiheessa katsoja voi huutaa yleis\u00f6st\u00e4 \u201c<strong>omstart!<\/strong>&#8221;. T\u00e4ll\u00f6in n\u00e4yttelij\u00f6iden, tanssijoiden ja soittajien on esitett\u00e4v\u00e4 edellinen osio uudelleen, yleens\u00e4 hieman eri tavalla. Omstart onkin speksin ydin ja se tekee esityksest\u00e4 interaktiivisen, yleis\u00f6n ja n\u00e4ytelm\u00e4n v\u00e4lisen vuoropuhelun. T\u00e4st\u00e4 johtuen yksik\u00e4\u00e4n n\u00e4yt\u00f6s ei ole samanlainen!<\/p>\n<p>Speksin juuret ulottuvat aina 1500-luvulle Uppsalaan, jossa ylioppilaille opetettiin latinaa teatterin avulla. Ruotsinkielinen kandidaattiseura Thorax aloitti speksiperinteen Suomessa 1950-luvulla. Meid\u00e4n nykymuotoisen speksimme edelt\u00e4jin\u00e4 pidet\u00e4\u00e4n kahta medisiinarioopperaa\u00a0<em>Puoskarin puutarhassa<\/em>\u00a0(1958) ja\u00a0<em>Haavurikukko<\/em>\u00a0(1980). Kandidaattiseuran ensimm\u00e4inen virallinen speksi\u00a0<em>Schmertzwald<\/em>\u00a0sai ensi-iltansa vuonna 1988 ja vuosittainen iloittelumme on jatkunut katkeamattomana tuosta l\u00e4htien.<\/p>\n<p>Voit tutustua speksin historiaan ja viritt\u00e4yty\u00e4 speksitunnelmaan vierailemalla edellisten vuosien speksien kotisivuilla!<\/p>\n<\/div>\n\t\t<\/div><\/div><\/div><div id=\"pg-gb502-6a01b84f33083-1\"  class=\"panel-grid panel-no-style\" ><div id=\"pgc-gb502-6a01b84f33083-1-0\"  class=\"panel-grid-cell\" ><div id=\"panel-gb502-6a01b84f33083-1-0-0\" class=\"so-panel widget widget_text panel-first-child panel-last-child\" data-index=\"1\" >\t\t\t<div class=\"textwidget\"><h3 style=\"text-align: center; font-family: wallau;\"><strong>Vanhoja speksej\u00e4<\/strong><\/h3>\n<p class=\"has-text-align-center\"><strong><br \/>\n<a style=\"text-decoration: none; color: #357a38;\" href=\"https:\/\/laakiksenspeksi.fi\/turbokertomus\/\" target=\"_blank\" rel=\"noopener\">2025: Turbokertomus<\/a><br \/>\n<a style=\"text-decoration: none; color: #357a38;\" href=\"https:\/\/laakiksenspeksi.fi\/vajoamispiste\/\" target=\"_blank\" rel=\"noopener\">2024: Vajoamispiste<\/a><br \/>\n<a style=\"text-decoration: none; color: #357a38;\" href=\"https:\/\/laakiksenspeksi.fi\/riidankylvajat\/\" target=\"_blank\" rel=\"noopener\">2023: Riidankylv\u00e4j\u00e4t<\/a><br \/>\n<a style=\"text-decoration: none; color: #357a38;\" href=\"https:\/\/laakiksenspeksi.fi\/juurianimyoten\/\" target=\"_blank\" rel=\"noopener\">2022: Juuriani my\u00f6ten<\/a><br \/>\n<a style=\"text-decoration: none; color: #357a38;\" href=\"https:\/\/laakiksenspeksi.fi\/unennakija\/\" target=\"_blank\" rel=\"noopener\">2020: Unenn\u00e4kij\u00e4<\/a><br \/>\n<a style=\"text-decoration: none; color: #357a38;\" href=\"https:\/\/laakiksenspeksi.fi\/minkataakseenjattaa\/\" target=\"_blank\" rel=\"noopener\">2019: Mink\u00e4 taakseen j\u00e4tt\u00e4\u00e4<\/a><br \/>\n<a style=\"text-decoration: none; color: #357a38;\" href=\"https:\/\/laakiksenspeksi.fi\/elatviela\/\" target=\"_blank\" rel=\"noopener\">2018: El\u00e4t viel\u00e4<\/a><br \/>\n<a style=\"text-decoration: none; color: #357a38;\" href=\"https:\/\/laakiksenspeksi.wixsite.com\/speksi2017\" target=\"_blank\" rel=\"noopener\">2017: K\u00e4tketty<\/a><br \/>\n<a style=\"text-decoration: none; color: #357a38;\" href=\"https:\/\/laakiksenspeksi.wixsite.com\/speksi2016\" target=\"_blank\" rel=\"noopener\">2016: Kenen risti\u00e4 kannat<\/a><br \/>\n<a style=\"text-decoration: none; color: #357a38;\" href=\"https:\/\/laakiksenspeksi.wixsite.com\/speksi2015\" target=\"_blank\" rel=\"noopener\">2015: Tulisielu<\/a><br \/>\n<a style=\"text-decoration: none; color: #357a38;\" href=\"https:\/\/laakiksenspeksi.fi\/2014\/\" target=\"_blank\" rel=\"noopener\">2014: Myrskyn vartijat<\/a><br \/>\n<a style=\"text-decoration: none; color: #357a38;\" href=\"https:\/\/laakiksenspeksi.fi\/2013\/\" target=\"_blank\" rel=\"noopener\">2013: Taivas rajana<\/a><br \/>\n<a style=\"text-decoration: none; color: #357a38;\" href=\"https:\/\/laakiksenspeksi.fi\/2012\/\" target=\"_blank\" rel=\"noopener\">2012: V\u00e4rityskirja. Nyt<\/a><br \/>\n<a style=\"text-decoration: none; color: #357a38;\" href=\"https:\/\/laakiksenspeksi.fi\/2010\/\" target=\"_blank\" rel=\"noopener\">2010: Istuttajat<\/a><br \/>\n<a style=\"text-decoration: none; color: #357a38;\" href=\"https:\/\/laakiksenspeksi.fi\/2009\/\" target=\"_blank\" rel=\"noopener\">2009: Verikoe<\/a><\/strong><\/p>\n<\/div>\n\t\t<\/div><\/div><\/div><\/div><\/div>\n<\/div><\/div>\n\n\n\n<div id=\"wp-block-themeisle-blocks-advanced-columns-0a325ee6\" class=\"wp-block-themeisle-blocks-advanced-columns has-1-columns has-desktop-equal-layout has-tablet-equal-layout has-mobile-equal-layout has-vertical-unset\"><div class=\"wp-block-themeisle-blocks-advanced-columns-overlay\"><\/div><div class=\"innerblocks-wrap\">\n<div id=\"wp-block-themeisle-blocks-advanced-column-3f229258\" class=\"wp-block-themeisle-blocks-advanced-column\"><div class=\"wp-block-image\">\n<figure class=\"aligncenter size-large is-resized\"><img decoding=\"async\" loading=\"lazy\" width=\"501\" height=\"1024\" src=\"https:\/\/laakiksenspeksi.fi\/matakuu\/wp-content\/uploads\/sites\/22\/2026\/01\/rullattava-taikuri-e1768747762176-501x1024.png\" alt=\"\" class=\"wp-image-1082\" style=\"aspect-ratio:0.4892578125;width:193px;height:auto\" srcset=\"https:\/\/laakiksenspeksi.fi\/matakuu\/wp-content\/uploads\/sites\/22\/2026\/01\/rullattava-taikuri-e1768747762176-501x1024.png 501w, https:\/\/laakiksenspeksi.fi\/matakuu\/wp-content\/uploads\/sites\/22\/2026\/01\/rullattava-taikuri-e1768747762176-147x300.png 147w, https:\/\/laakiksenspeksi.fi\/matakuu\/wp-content\/uploads\/sites\/22\/2026\/01\/rullattava-taikuri-e1768747762176-768x1570.png 768w, https:\/\/laakiksenspeksi.fi\/matakuu\/wp-content\/uploads\/sites\/22\/2026\/01\/rullattava-taikuri-e1768747762176-752x1536.png 752w, https:\/\/laakiksenspeksi.fi\/matakuu\/wp-content\/uploads\/sites\/22\/2026\/01\/rullattava-taikuri-e1768747762176-1002x2048.png 1002w, https:\/\/laakiksenspeksi.fi\/matakuu\/wp-content\/uploads\/sites\/22\/2026\/01\/rullattava-taikuri-e1768747762176.png 1071w\" sizes=\"(max-width: 501px) 100vw, 501px\" \/><\/figure><\/div><\/div>\n<\/div><\/div>\n","protected":false},"excerpt":{"rendered":"","protected":false},"author":5,"featured_media":0,"parent":0,"menu_order":0,"comment_status":"closed","ping_status":"closed","template":"","meta":{"_mi_skip_tracking":false,"neve_meta_sidebar":"","neve_meta_container":"","neve_meta_enable_content_width":"","neve_meta_content_width":0,"neve_meta_title_alignment":"","neve_meta_author_avatar":"","neve_post_elements_order":"","neve_meta_disable_header":"","neve_meta_disable_footer":"","neve_meta_disable_title":"","_themeisle_gutenberg_block_has_review":false,"_ti_tpc_template_sync":false,"_ti_tpc_template_id":"","footnotes":""},"aioseo_notices":[],"yoast_head":"<!-- This site is optimized with the Yoast SEO plugin v19.13 - https:\/\/yoast.com\/wordpress\/plugins\/seo\/ -->\n<title>Mik\u00e4 speksi? - M\u00e4t\u00e4kuun aikaan<\/title>\n<meta name=\"robots\" content=\"index, follow, max-snippet:-1, max-image-preview:large, max-video-preview:-1\" \/>\n<link rel=\"canonical\" href=\"https:\/\/laakiksenspeksi.fi\/matakuu\/mika-speksi\/\" \/>\n<meta property=\"og:locale\" content=\"fi_FI\" \/>\n<meta property=\"og:type\" content=\"article\" \/>\n<meta property=\"og:title\" content=\"Mik\u00e4 speksi? - M\u00e4t\u00e4kuun aikaan\" \/>\n<meta property=\"og:url\" content=\"https:\/\/laakiksenspeksi.fi\/matakuu\/mika-speksi\/\" \/>\n<meta property=\"og:site_name\" content=\"M\u00e4t\u00e4kuun aikaan\" \/>\n<meta property=\"article:modified_time\" content=\"2026-01-29T18:12:13+00:00\" \/>\n<meta property=\"og:image\" content=\"https:\/\/laakiksenspeksi.fi\/matakuu\/wp-content\/uploads\/sites\/22\/2026\/01\/rullattava-taikuri-e1768747762176-501x1024.png\" \/>\n<meta name=\"twitter:card\" content=\"summary_large_image\" \/>\n<meta name=\"twitter:label1\" content=\"Arvioitu lukuaika\" \/>\n\t<meta name=\"twitter:data1\" content=\"6 minuuttia\" \/>\n<script type=\"application\/ld+json\" class=\"yoast-schema-graph\">{\"@context\":\"https:\/\/schema.org\",\"@graph\":[{\"@type\":\"WebPage\",\"@id\":\"https:\/\/laakiksenspeksi.fi\/matakuu\/mika-speksi\/\",\"url\":\"https:\/\/laakiksenspeksi.fi\/matakuu\/mika-speksi\/\",\"name\":\"Mik\u00e4 speksi? - M\u00e4t\u00e4kuun aikaan\",\"isPartOf\":{\"@id\":\"https:\/\/laakiksenspeksi.fi\/matakuu\/#website\"},\"datePublished\":\"2022-12-24T10:59:32+00:00\",\"dateModified\":\"2026-01-29T18:12:13+00:00\",\"breadcrumb\":{\"@id\":\"https:\/\/laakiksenspeksi.fi\/matakuu\/mika-speksi\/#breadcrumb\"},\"inLanguage\":\"fi\",\"potentialAction\":[{\"@type\":\"ReadAction\",\"target\":[\"https:\/\/laakiksenspeksi.fi\/matakuu\/mika-speksi\/\"]}]},{\"@type\":\"BreadcrumbList\",\"@id\":\"https:\/\/laakiksenspeksi.fi\/matakuu\/mika-speksi\/#breadcrumb\",\"itemListElement\":[{\"@type\":\"ListItem\",\"position\":1,\"name\":\"Etusivu\",\"item\":\"https:\/\/laakiksenspeksi.fi\/matakuu\/\"},{\"@type\":\"ListItem\",\"position\":2,\"name\":\"Mik\u00e4 speksi?\"}]},{\"@type\":\"WebSite\",\"@id\":\"https:\/\/laakiksenspeksi.fi\/matakuu\/#website\",\"url\":\"https:\/\/laakiksenspeksi.fi\/matakuu\/\",\"name\":\"M\u00e4t\u00e4kuun aikaan\",\"description\":\"Helsingin L\u00e4\u00e4kiksen Speksi 2026 - M\u00e4t\u00e4kuun aikaan\",\"potentialAction\":[{\"@type\":\"SearchAction\",\"target\":{\"@type\":\"EntryPoint\",\"urlTemplate\":\"https:\/\/laakiksenspeksi.fi\/matakuu\/?s={search_term_string}\"},\"query-input\":\"required name=search_term_string\"}],\"inLanguage\":\"fi\"}]}<\/script>\n<!-- \/ Yoast SEO plugin. -->","yoast_head_json":{"title":"Mik\u00e4 speksi? - M\u00e4t\u00e4kuun aikaan","robots":{"index":"index","follow":"follow","max-snippet":"max-snippet:-1","max-image-preview":"max-image-preview:large","max-video-preview":"max-video-preview:-1"},"canonical":"https:\/\/laakiksenspeksi.fi\/matakuu\/mika-speksi\/","og_locale":"fi_FI","og_type":"article","og_title":"Mik\u00e4 speksi? - M\u00e4t\u00e4kuun aikaan","og_url":"https:\/\/laakiksenspeksi.fi\/matakuu\/mika-speksi\/","og_site_name":"M\u00e4t\u00e4kuun aikaan","article_modified_time":"2026-01-29T18:12:13+00:00","og_image":[{"url":"https:\/\/laakiksenspeksi.fi\/matakuu\/wp-content\/uploads\/sites\/22\/2026\/01\/rullattava-taikuri-e1768747762176-501x1024.png"}],"twitter_card":"summary_large_image","twitter_misc":{"Arvioitu lukuaika":"6 minuuttia"},"schema":{"@context":"https:\/\/schema.org","@graph":[{"@type":"WebPage","@id":"https:\/\/laakiksenspeksi.fi\/matakuu\/mika-speksi\/","url":"https:\/\/laakiksenspeksi.fi\/matakuu\/mika-speksi\/","name":"Mik\u00e4 speksi? - M\u00e4t\u00e4kuun aikaan","isPartOf":{"@id":"https:\/\/laakiksenspeksi.fi\/matakuu\/#website"},"datePublished":"2022-12-24T10:59:32+00:00","dateModified":"2026-01-29T18:12:13+00:00","breadcrumb":{"@id":"https:\/\/laakiksenspeksi.fi\/matakuu\/mika-speksi\/#breadcrumb"},"inLanguage":"fi","potentialAction":[{"@type":"ReadAction","target":["https:\/\/laakiksenspeksi.fi\/matakuu\/mika-speksi\/"]}]},{"@type":"BreadcrumbList","@id":"https:\/\/laakiksenspeksi.fi\/matakuu\/mika-speksi\/#breadcrumb","itemListElement":[{"@type":"ListItem","position":1,"name":"Etusivu","item":"https:\/\/laakiksenspeksi.fi\/matakuu\/"},{"@type":"ListItem","position":2,"name":"Mik\u00e4 speksi?"}]},{"@type":"WebSite","@id":"https:\/\/laakiksenspeksi.fi\/matakuu\/#website","url":"https:\/\/laakiksenspeksi.fi\/matakuu\/","name":"M\u00e4t\u00e4kuun aikaan","description":"Helsingin L\u00e4\u00e4kiksen Speksi 2026 - M\u00e4t\u00e4kuun aikaan","potentialAction":[{"@type":"SearchAction","target":{"@type":"EntryPoint","urlTemplate":"https:\/\/laakiksenspeksi.fi\/matakuu\/?s={search_term_string}"},"query-input":"required name=search_term_string"}],"inLanguage":"fi"}]}},"_links":{"self":[{"href":"https:\/\/laakiksenspeksi.fi\/matakuu\/wp-json\/wp\/v2\/pages\/502"}],"collection":[{"href":"https:\/\/laakiksenspeksi.fi\/matakuu\/wp-json\/wp\/v2\/pages"}],"about":[{"href":"https:\/\/laakiksenspeksi.fi\/matakuu\/wp-json\/wp\/v2\/types\/page"}],"author":[{"embeddable":true,"href":"https:\/\/laakiksenspeksi.fi\/matakuu\/wp-json\/wp\/v2\/users\/5"}],"replies":[{"embeddable":true,"href":"https:\/\/laakiksenspeksi.fi\/matakuu\/wp-json\/wp\/v2\/comments?post=502"}],"version-history":[{"count":58,"href":"https:\/\/laakiksenspeksi.fi\/matakuu\/wp-json\/wp\/v2\/pages\/502\/revisions"}],"predecessor-version":[{"id":1134,"href":"https:\/\/laakiksenspeksi.fi\/matakuu\/wp-json\/wp\/v2\/pages\/502\/revisions\/1134"}],"wp:attachment":[{"href":"https:\/\/laakiksenspeksi.fi\/matakuu\/wp-json\/wp\/v2\/media?parent=502"}],"curies":[{"name":"wp","href":"https:\/\/api.w.org\/{rel}","templated":true}]}}