{"id":653,"date":"2022-12-25T16:56:35","date_gmt":"2022-12-25T14:56:35","guid":{"rendered":"https:\/\/laakiksenspeksi.fi\/matakuu\/?page_id=653"},"modified":"2026-02-04T22:45:12","modified_gmt":"2026-02-04T20:45:12","slug":"helsingin-laakiksen-speksi-2026","status":"publish","type":"page","link":"https:\/\/laakiksenspeksi.fi\/matakuu\/","title":{"rendered":"Helsingin L\u00e4\u00e4kiksen Speksi 2026"},"content":{"rendered":"\n<div id=\"wp-block-themeisle-blocks-advanced-columns-2fe8cd38\" class=\"wp-block-themeisle-blocks-advanced-columns has-1-columns has-desktop-equal-layout has-tablet-equal-layout has-mobile-equal-layout has-vertical-unset\"><div class=\"wp-block-themeisle-blocks-advanced-columns-overlay\"><\/div><div class=\"innerblocks-wrap\">\n<div id=\"wp-block-themeisle-blocks-advanced-column-68302c7c\" class=\"wp-block-themeisle-blocks-advanced-column\"><div class=\"wp-block-image\">\n<figure class=\"aligncenter size-large is-resized\"><img decoding=\"async\" loading=\"lazy\" width=\"1024\" height=\"262\" src=\"https:\/\/laakiksenspeksi.fi\/matakuu\/wp-content\/uploads\/sites\/22\/2026\/01\/matakuu_logo_must-1024x262.png\" alt=\"\" class=\"wp-image-1059\" style=\"aspect-ratio:3.9083969465648853;width:805px;height:auto\" srcset=\"https:\/\/laakiksenspeksi.fi\/matakuu\/wp-content\/uploads\/sites\/22\/2026\/01\/matakuu_logo_must-1024x262.png 1024w, https:\/\/laakiksenspeksi.fi\/matakuu\/wp-content\/uploads\/sites\/22\/2026\/01\/matakuu_logo_must-300x77.png 300w, https:\/\/laakiksenspeksi.fi\/matakuu\/wp-content\/uploads\/sites\/22\/2026\/01\/matakuu_logo_must-768x196.png 768w, https:\/\/laakiksenspeksi.fi\/matakuu\/wp-content\/uploads\/sites\/22\/2026\/01\/matakuu_logo_must-1536x393.png 1536w, https:\/\/laakiksenspeksi.fi\/matakuu\/wp-content\/uploads\/sites\/22\/2026\/01\/matakuu_logo_must.png 1890w\" sizes=\"(max-width: 1024px) 100vw, 1024px\" \/><\/figure><\/div><\/div>\n<\/div><\/div>\n\n\n\n<div id=\"wp-block-themeisle-blocks-advanced-columns-3a241839\" class=\"wp-block-themeisle-blocks-advanced-columns has-1-columns has-desktop-equal-layout has-tablet-equal-layout has-mobile-equal-layout has-vertical-unset\"><div class=\"wp-block-themeisle-blocks-advanced-columns-overlay\"><\/div><div class=\"innerblocks-wrap\">\n<div id=\"wp-block-themeisle-blocks-advanced-column-74874863\" class=\"wp-block-themeisle-blocks-advanced-column\"><div id=\"pl-gb653-6a01ae1ef0947\"  class=\"panel-layout ticss-52ac970a\" ><div id=\"pg-gb653-6a01ae1ef0947-0\"  class=\"panel-grid panel-no-style\" ><div id=\"pgc-gb653-6a01ae1ef0947-0-0\"  class=\"panel-grid-cell\" ><div id=\"panel-gb653-6a01ae1ef0947-0-0-0\" class=\"so-panel widget widget_text panel-first-child panel-last-child\" data-index=\"0\" >\t\t\t<div class=\"textwidget\"><h3 style=\"text-align: center; font-family: perpetua;\"><strong>HELSINGIN L\u00c4\u00c4KIKSEN SPEKSI 2026<\/strong><\/h3>\n<p>Hiostavan kes\u00e4y\u00f6n h\u00e4m\u00e4riss\u00e4 kaksi yst\u00e4vyst\u00e4 l\u00e4htee matkaan ja p\u00e4\u00e4tyy lep\u00e4\u00e4m\u00e4\u00e4n syrj\u00e4iseen motelliin. R\u00e4nsistyneiden seinien sis\u00e4ll\u00e4 odottaa v\u00e4rik\u00e4s kavalkadi y\u00f6vieraita. Odottamattoman tapahtumaketjun seurauksena lyhyeksi tarkoitettu v\u00e4lipys\u00e4hdys muuttuu konfliktien painekattilaksi, jossa k\u00e4tketyt motiivit nousevat v\u00e4\u00e4j\u00e4\u00e4m\u00e4tt\u00e4 pintaan.<\/p>\n<\/div>\n\t\t<\/div><\/div><\/div><\/div><\/div>\n<\/div><\/div>\n\n\n\n<div id=\"wp-block-themeisle-blocks-advanced-columns-4054157f\" class=\"wp-block-themeisle-blocks-advanced-columns has-1-columns has-desktop-equal-layout has-tablet-equal-layout has-mobile-collapsedRows-layout has-vertical-unset\"><div class=\"wp-block-themeisle-blocks-advanced-columns-overlay\"><\/div><div class=\"innerblocks-wrap\">\n<div id=\"wp-block-themeisle-blocks-advanced-column-76a76940\" class=\"wp-block-themeisle-blocks-advanced-column\">\n<div class=\"wp-block-buttons is-content-justification-center is-layout-flex wp-container-1 wp-block-buttons-is-layout-flex\">\n<div class=\"wp-block-button ticss-9cb78126\"><a class=\"wp-block-button__link wp-element-button\" href=\"https:\/\/www.lippu.fi\/artist\/helsingin-laakiksen-speksi\" target=\"_blank\" rel=\"noreferrer noopener\">Helsingin n\u00e4yt\u00f6sten liput t\u00e4st\u00e4!<\/a><\/div>\n\n\n\n<div class=\"wp-block-button\"><a class=\"wp-block-button__link wp-element-button\" href=\"https:\/\/laakiksenspeksi.fi\/kauppa\/\" target=\"_blank\" rel=\"noreferrer noopener\">Kiertueliput t\u00e4st\u00e4!<\/a><\/div>\n<\/div>\n<\/div>\n<\/div><\/div>\n\n\n\n<div id=\"wp-block-themeisle-blocks-advanced-columns-e6685d74\" class=\"wp-block-themeisle-blocks-advanced-columns has-1-columns has-desktop-equal-layout has-tablet-equal-layout has-mobile-collapsedRows-layout has-vertical-unset\"><div class=\"wp-block-themeisle-blocks-advanced-columns-overlay\"><\/div><div class=\"innerblocks-wrap\">\n<div id=\"wp-block-themeisle-blocks-advanced-column-0b8b1f17\" class=\"wp-block-themeisle-blocks-advanced-column ticss-4180d7bc\"><div id=\"pl-gb653-6a01ae1ef1b50\"  class=\"panel-layout ticss-43ba8218\" ><div id=\"pg-gb653-6a01ae1ef1b50-0\"  class=\"panel-grid panel-no-style\" ><div id=\"pgc-gb653-6a01ae1ef1b50-0-0\"  class=\"panel-grid-cell\" ><div id=\"panel-gb653-6a01ae1ef1b50-0-0-0\" class=\"so-panel widget widget_sow-slider panel-first-child panel-last-child\" data-index=\"0\" ><div\n\t\t\t\n\t\t\tclass=\"so-widget-sow-slider so-widget-sow-slider-default-7cafc58928e9-653\"\n\t\t\t\n\t\t><div class=\"sow-slider-base\" style=\"display: none\"><ul\n\t\t\t\t\tclass=\"sow-slider-images\"\n\t\t\t\t\tdata-settings=\"{&quot;pagination&quot;:true,&quot;speed&quot;:800,&quot;timeout&quot;:4000,&quot;paused&quot;:false,&quot;pause_on_hover&quot;:false,&quot;swipe&quot;:true,&quot;nav_always_show_desktop&quot;:&quot;&quot;,&quot;nav_always_show_mobile&quot;:true,&quot;breakpoint&quot;:&quot;780px&quot;,&quot;unmute&quot;:false,&quot;anchor&quot;:null}\"\n\t\t\t\t\t\t\t\t\t\tdata-anchor-id=\"\"\n\t\t\t\t>\t\t<li class=\"sow-slider-image  sow-slider-image-cover\" style=\"visibility: visible;;background-image: url(https:\/\/laakiksenspeksi.fi\/matakuu\/wp-content\/uploads\/sites\/22\/2026\/01\/Mehilainen_Laakis_Speksi_1600x900.jpg);cursor: pointer;\" data-url=\"{&quot;url&quot;:&quot;https:\\\/\\\/www.mehilainen.fi\\\/avoimet-tyopaikat&quot;,&quot;new_window&quot;:true}\" >\n\t\t\t\t\t\t\t\t\t\t<a href=\"https:\/\/www.mehilainen.fi\/avoimet-tyopaikat\"\n\t\t\t\t\t\t\t\t\t\t\t\t\t\t\ttarget=\"_blank\" \t\t\t\t\t\t\t\t\t\t\t\t\t\t\t\t\t\t\t\trel=\"noopener noreferrer\" \t\t\t\t\t\t\t\t\t>\n\t\t\t\t\t\t<img width=\"1600\" height=\"900\" src=\"https:\/\/laakiksenspeksi.fi\/matakuu\/wp-content\/uploads\/sites\/22\/2026\/01\/Mehilainen_Laakis_Speksi_1600x900.jpg\" class=\"sow-slider-background-image skip-lazy\" alt=\"\" decoding=\"async\" loading=\"eager\" fetchpriority=\"high\" srcset=\"https:\/\/laakiksenspeksi.fi\/matakuu\/wp-content\/uploads\/sites\/22\/2026\/01\/Mehilainen_Laakis_Speksi_1600x900.jpg 1600w, https:\/\/laakiksenspeksi.fi\/matakuu\/wp-content\/uploads\/sites\/22\/2026\/01\/Mehilainen_Laakis_Speksi_1600x900-300x169.jpg 300w, https:\/\/laakiksenspeksi.fi\/matakuu\/wp-content\/uploads\/sites\/22\/2026\/01\/Mehilainen_Laakis_Speksi_1600x900-1024x576.jpg 1024w, https:\/\/laakiksenspeksi.fi\/matakuu\/wp-content\/uploads\/sites\/22\/2026\/01\/Mehilainen_Laakis_Speksi_1600x900-768x432.jpg 768w, https:\/\/laakiksenspeksi.fi\/matakuu\/wp-content\/uploads\/sites\/22\/2026\/01\/Mehilainen_Laakis_Speksi_1600x900-1536x864.jpg 1536w\" sizes=\"(max-width: 1600px) 100vw, 1600px\" \/>\t\t\t\t\t\t\t<\/a>\n\t\t\t\t\t\t\t\t<\/li>\n\t\t\t\t<li class=\"sow-slider-image  sow-slider-image-cover\" style=\"visibility: hidden;;background-image: url(https:\/\/laakiksenspeksi.fi\/matakuu\/wp-content\/uploads\/sites\/22\/2026\/02\/Vannas-scaled.jpg);cursor: pointer;\" data-url=\"{&quot;url&quot;:&quot;https:\\\/\\\/www.marttivannas.com\\\/&quot;,&quot;new_window&quot;:true}\" >\n\t\t\t\t\t\t\t\t\t\t<a href=\"https:\/\/www.marttivannas.com\/\"\n\t\t\t\t\t\t\t\t\t\t\t\t\t\t\ttarget=\"_blank\" \t\t\t\t\t\t\t\t\t\t\t\t\t\t\t\t\t\t\t\trel=\"noopener noreferrer\" \t\t\t\t\t\t\t\t\t>\n\t\t\t\t\t\t<img width=\"2560\" height=\"1439\" src=\"https:\/\/laakiksenspeksi.fi\/matakuu\/wp-content\/uploads\/sites\/22\/2026\/02\/Vannas-scaled.jpg\" class=\"sow-slider-background-image skip-lazy\" alt=\"\" decoding=\"async\" loading=\"eager\" srcset=\"https:\/\/laakiksenspeksi.fi\/matakuu\/wp-content\/uploads\/sites\/22\/2026\/02\/Vannas-scaled.jpg 2560w, https:\/\/laakiksenspeksi.fi\/matakuu\/wp-content\/uploads\/sites\/22\/2026\/02\/Vannas-300x169.jpg 300w, https:\/\/laakiksenspeksi.fi\/matakuu\/wp-content\/uploads\/sites\/22\/2026\/02\/Vannas-1024x576.jpg 1024w, https:\/\/laakiksenspeksi.fi\/matakuu\/wp-content\/uploads\/sites\/22\/2026\/02\/Vannas-768x432.jpg 768w, https:\/\/laakiksenspeksi.fi\/matakuu\/wp-content\/uploads\/sites\/22\/2026\/02\/Vannas-1536x864.jpg 1536w, https:\/\/laakiksenspeksi.fi\/matakuu\/wp-content\/uploads\/sites\/22\/2026\/02\/Vannas-2048x1151.jpg 2048w\" sizes=\"(max-width: 2560px) 100vw, 2560px\" \/>\t\t\t\t\t\t\t<\/a>\n\t\t\t\t\t\t\t\t<\/li>\n\t\t\t\t<li class=\"sow-slider-image  sow-slider-image-cover\" style=\"visibility: hidden;;background-image: url(https:\/\/laakiksenspeksi.fi\/matakuu\/wp-content\/uploads\/sites\/22\/2026\/02\/kkoy_1600x900.png);cursor: pointer;\" data-url=\"{&quot;url&quot;:&quot;https:\\\/\\\/www.kandidaattikustannus.fi\\\/&quot;,&quot;new_window&quot;:true}\" >\n\t\t\t\t\t\t\t\t\t\t<a href=\"https:\/\/www.kandidaattikustannus.fi\/\"\n\t\t\t\t\t\t\t\t\t\t\t\t\t\t\ttarget=\"_blank\" \t\t\t\t\t\t\t\t\t\t\t\t\t\t\t\t\t\t\t\trel=\"noopener noreferrer\" \t\t\t\t\t\t\t\t\t>\n\t\t\t\t\t\t<img width=\"1600\" height=\"900\" src=\"https:\/\/laakiksenspeksi.fi\/matakuu\/wp-content\/uploads\/sites\/22\/2026\/02\/kkoy_1600x900.png\" class=\"sow-slider-background-image skip-lazy\" alt=\"\" decoding=\"async\" loading=\"eager\" srcset=\"https:\/\/laakiksenspeksi.fi\/matakuu\/wp-content\/uploads\/sites\/22\/2026\/02\/kkoy_1600x900.png 1600w, https:\/\/laakiksenspeksi.fi\/matakuu\/wp-content\/uploads\/sites\/22\/2026\/02\/kkoy_1600x900-300x169.png 300w, https:\/\/laakiksenspeksi.fi\/matakuu\/wp-content\/uploads\/sites\/22\/2026\/02\/kkoy_1600x900-1024x576.png 1024w, https:\/\/laakiksenspeksi.fi\/matakuu\/wp-content\/uploads\/sites\/22\/2026\/02\/kkoy_1600x900-768x432.png 768w, https:\/\/laakiksenspeksi.fi\/matakuu\/wp-content\/uploads\/sites\/22\/2026\/02\/kkoy_1600x900-1536x864.png 1536w\" sizes=\"(max-width: 1600px) 100vw, 1600px\" \/>\t\t\t\t\t\t\t<\/a>\n\t\t\t\t\t\t\t\t<\/li>\n\t\t\t\t<li class=\"sow-slider-image  sow-slider-image-cover\" style=\"visibility: hidden;;background-image: url(https:\/\/laakiksenspeksi.fi\/matakuu\/wp-content\/uploads\/sites\/22\/2026\/02\/Psyli-2026-logo-verkkosivulle-1600x900px.png);cursor: pointer;\" data-url=\"{&quot;url&quot;:&quot;https:\\\/\\\/www.psyli.fi\\\/&quot;,&quot;new_window&quot;:true}\" >\n\t\t\t\t\t\t\t\t\t\t<a href=\"https:\/\/www.psyli.fi\/\"\n\t\t\t\t\t\t\t\t\t\t\t\t\t\t\ttarget=\"_blank\" \t\t\t\t\t\t\t\t\t\t\t\t\t\t\t\t\t\t\t\trel=\"noopener noreferrer\" \t\t\t\t\t\t\t\t\t>\n\t\t\t\t\t\t<img width=\"1600\" height=\"900\" src=\"https:\/\/laakiksenspeksi.fi\/matakuu\/wp-content\/uploads\/sites\/22\/2026\/02\/Psyli-2026-logo-verkkosivulle-1600x900px.png\" class=\"sow-slider-background-image skip-lazy\" alt=\"\" decoding=\"async\" loading=\"eager\" srcset=\"https:\/\/laakiksenspeksi.fi\/matakuu\/wp-content\/uploads\/sites\/22\/2026\/02\/Psyli-2026-logo-verkkosivulle-1600x900px.png 1600w, https:\/\/laakiksenspeksi.fi\/matakuu\/wp-content\/uploads\/sites\/22\/2026\/02\/Psyli-2026-logo-verkkosivulle-1600x900px-300x169.png 300w, https:\/\/laakiksenspeksi.fi\/matakuu\/wp-content\/uploads\/sites\/22\/2026\/02\/Psyli-2026-logo-verkkosivulle-1600x900px-1024x576.png 1024w, https:\/\/laakiksenspeksi.fi\/matakuu\/wp-content\/uploads\/sites\/22\/2026\/02\/Psyli-2026-logo-verkkosivulle-1600x900px-768x432.png 768w, https:\/\/laakiksenspeksi.fi\/matakuu\/wp-content\/uploads\/sites\/22\/2026\/02\/Psyli-2026-logo-verkkosivulle-1600x900px-1536x864.png 1536w\" sizes=\"(max-width: 1600px) 100vw, 1600px\" \/>\t\t\t\t\t\t\t<\/a>\n\t\t\t\t\t\t\t\t<\/li>\n\t\t<\/ul>\t\t\t\t<ol class=\"sow-slider-pagination\">\n\t\t\t\t\t\t\t\t\t\t\t<li><a href=\"#\" data-goto=\"0\" aria-label=\"display slide 1\"><\/a><\/li>\n\t\t\t\t\t\t\t\t\t\t\t<li><a href=\"#\" data-goto=\"1\" aria-label=\"display slide 2\"><\/a><\/li>\n\t\t\t\t\t\t\t\t\t\t\t<li><a href=\"#\" data-goto=\"2\" aria-label=\"display slide 3\"><\/a><\/li>\n\t\t\t\t\t\t\t\t\t\t\t<li><a href=\"#\" data-goto=\"3\" aria-label=\"display slide 4\"><\/a><\/li>\n\t\t\t\t\t\t\t\t\t<\/ol>\n\n\t\t\t\t<div class=\"sow-slide-nav sow-slide-nav-next\">\n\t\t\t\t\t<a href=\"#\" data-goto=\"next\" aria-label=\"next slide\" data-action=\"next\">\n\t\t\t\t\t\t<em class=\"sow-sld-icon-thin-right\"><\/em>\n\t\t\t\t\t<\/a>\n\t\t\t\t<\/div>\n\n\t\t\t\t<div class=\"sow-slide-nav sow-slide-nav-prev\">\n\t\t\t\t\t<a href=\"#\" data-goto=\"previous\" aria-label=\"previous slide\" data-action=\"prev\">\n\t\t\t\t\t\t<em class=\"sow-sld-icon-thin-left\"><\/em>\n\t\t\t\t\t<\/a>\n\t\t\t\t<\/div>\n\t\t\t\t<\/div><\/div><\/div><\/div><\/div><\/div><\/div>\n<\/div><\/div>\n\n\n\n<div id=\"wp-block-themeisle-blocks-advanced-columns-427f53fe\" class=\"wp-block-themeisle-blocks-advanced-columns alignfull has-1-columns has-desktop-equal-layout has-tablet-equal-layout has-mobile-equal-layout has-vertical-top\"><div class=\"wp-block-themeisle-blocks-advanced-columns-overlay\"><\/div><div class=\"innerblocks-wrap\">\n<div id=\"wp-block-themeisle-blocks-advanced-column-e917b60f\" class=\"wp-block-themeisle-blocks-advanced-column\"><div class=\"wp-block-image\">\n<figure class=\"aligncenter size-large is-resized\"><img decoding=\"async\" loading=\"lazy\" width=\"1024\" height=\"990\" src=\"https:\/\/laakiksenspeksi.fi\/matakuu\/wp-content\/uploads\/sites\/22\/2026\/01\/rullattava-pelikortit-1024x990.png\" alt=\"\" class=\"wp-image-1085\" style=\"aspect-ratio:1.0343434343434343;width:468px;height:auto\" srcset=\"https:\/\/laakiksenspeksi.fi\/matakuu\/wp-content\/uploads\/sites\/22\/2026\/01\/rullattava-pelikortit-1024x990.png 1024w, https:\/\/laakiksenspeksi.fi\/matakuu\/wp-content\/uploads\/sites\/22\/2026\/01\/rullattava-pelikortit-300x290.png 300w, https:\/\/laakiksenspeksi.fi\/matakuu\/wp-content\/uploads\/sites\/22\/2026\/01\/rullattava-pelikortit-768x743.png 768w, https:\/\/laakiksenspeksi.fi\/matakuu\/wp-content\/uploads\/sites\/22\/2026\/01\/rullattava-pelikortit.png 1034w\" sizes=\"(max-width: 1024px) 100vw, 1024px\" \/><\/figure><\/div><\/div>\n<\/div><\/div>\n","protected":false},"excerpt":{"rendered":"","protected":false},"author":5,"featured_media":0,"parent":0,"menu_order":0,"comment_status":"closed","ping_status":"closed","template":"","meta":{"_mi_skip_tracking":false,"neve_meta_sidebar":"","neve_meta_container":"","neve_meta_enable_content_width":"","neve_meta_content_width":0,"neve_meta_title_alignment":"","neve_meta_author_avatar":"","neve_post_elements_order":"","neve_meta_disable_header":"","neve_meta_disable_footer":"","neve_meta_disable_title":"","_themeisle_gutenberg_block_has_review":false,"_ti_tpc_template_sync":false,"_ti_tpc_template_id":"","footnotes":""},"aioseo_notices":[],"yoast_head":"<!-- This site is optimized with the Yoast SEO plugin v19.13 - https:\/\/yoast.com\/wordpress\/plugins\/seo\/ -->\n<title>Helsingin L\u00e4\u00e4kiksen Speksi 2026 - M\u00e4t\u00e4kuun aikaan<\/title>\n<meta name=\"robots\" content=\"index, follow, max-snippet:-1, max-image-preview:large, max-video-preview:-1\" \/>\n<link rel=\"canonical\" href=\"https:\/\/laakiksenspeksi.fi\/matakuu\/\" \/>\n<meta property=\"og:locale\" content=\"fi_FI\" \/>\n<meta property=\"og:type\" content=\"article\" \/>\n<meta property=\"og:title\" content=\"Helsingin L\u00e4\u00e4kiksen Speksi 2026 - M\u00e4t\u00e4kuun aikaan\" \/>\n<meta property=\"og:url\" content=\"https:\/\/laakiksenspeksi.fi\/matakuu\/\" \/>\n<meta property=\"og:site_name\" content=\"M\u00e4t\u00e4kuun aikaan\" \/>\n<meta property=\"article:modified_time\" content=\"2026-02-04T20:45:12+00:00\" \/>\n<meta property=\"og:image\" content=\"https:\/\/laakiksenspeksi.fi\/matakuu\/wp-content\/uploads\/sites\/22\/2026\/01\/matakuu_logo_must-1024x262.png\" \/>\n<meta name=\"twitter:card\" content=\"summary_large_image\" \/>\n<meta name=\"twitter:label1\" content=\"Arvioitu lukuaika\" \/>\n\t<meta name=\"twitter:data1\" content=\"3 minuuttia\" \/>\n<script type=\"application\/ld+json\" class=\"yoast-schema-graph\">{\"@context\":\"https:\/\/schema.org\",\"@graph\":[{\"@type\":\"WebPage\",\"@id\":\"https:\/\/laakiksenspeksi.fi\/matakuu\/\",\"url\":\"https:\/\/laakiksenspeksi.fi\/matakuu\/\",\"name\":\"Helsingin L\u00e4\u00e4kiksen Speksi 2026 - M\u00e4t\u00e4kuun aikaan\",\"isPartOf\":{\"@id\":\"https:\/\/laakiksenspeksi.fi\/matakuu\/#website\"},\"datePublished\":\"2022-12-25T14:56:35+00:00\",\"dateModified\":\"2026-02-04T20:45:12+00:00\",\"breadcrumb\":{\"@id\":\"https:\/\/laakiksenspeksi.fi\/matakuu\/#breadcrumb\"},\"inLanguage\":\"fi\",\"potentialAction\":[{\"@type\":\"ReadAction\",\"target\":[\"https:\/\/laakiksenspeksi.fi\/matakuu\/\"]}]},{\"@type\":\"BreadcrumbList\",\"@id\":\"https:\/\/laakiksenspeksi.fi\/matakuu\/#breadcrumb\",\"itemListElement\":[{\"@type\":\"ListItem\",\"position\":1,\"name\":\"Etusivu\",\"item\":\"https:\/\/laakiksenspeksi.fi\/matakuu\/\"},{\"@type\":\"ListItem\",\"position\":2,\"name\":\"Helsingin L\u00e4\u00e4kiksen Speksi 2026\"}]},{\"@type\":\"WebSite\",\"@id\":\"https:\/\/laakiksenspeksi.fi\/matakuu\/#website\",\"url\":\"https:\/\/laakiksenspeksi.fi\/matakuu\/\",\"name\":\"M\u00e4t\u00e4kuun aikaan\",\"description\":\"Helsingin L\u00e4\u00e4kiksen Speksi 2026 - M\u00e4t\u00e4kuun aikaan\",\"potentialAction\":[{\"@type\":\"SearchAction\",\"target\":{\"@type\":\"EntryPoint\",\"urlTemplate\":\"https:\/\/laakiksenspeksi.fi\/matakuu\/?s={search_term_string}\"},\"query-input\":\"required name=search_term_string\"}],\"inLanguage\":\"fi\"}]}<\/script>\n<!-- \/ Yoast SEO plugin. -->","yoast_head_json":{"title":"Helsingin L\u00e4\u00e4kiksen Speksi 2026 - M\u00e4t\u00e4kuun aikaan","robots":{"index":"index","follow":"follow","max-snippet":"max-snippet:-1","max-image-preview":"max-image-preview:large","max-video-preview":"max-video-preview:-1"},"canonical":"https:\/\/laakiksenspeksi.fi\/matakuu\/","og_locale":"fi_FI","og_type":"article","og_title":"Helsingin L\u00e4\u00e4kiksen Speksi 2026 - M\u00e4t\u00e4kuun aikaan","og_url":"https:\/\/laakiksenspeksi.fi\/matakuu\/","og_site_name":"M\u00e4t\u00e4kuun aikaan","article_modified_time":"2026-02-04T20:45:12+00:00","og_image":[{"url":"https:\/\/laakiksenspeksi.fi\/matakuu\/wp-content\/uploads\/sites\/22\/2026\/01\/matakuu_logo_must-1024x262.png"}],"twitter_card":"summary_large_image","twitter_misc":{"Arvioitu lukuaika":"3 minuuttia"},"schema":{"@context":"https:\/\/schema.org","@graph":[{"@type":"WebPage","@id":"https:\/\/laakiksenspeksi.fi\/matakuu\/","url":"https:\/\/laakiksenspeksi.fi\/matakuu\/","name":"Helsingin L\u00e4\u00e4kiksen Speksi 2026 - M\u00e4t\u00e4kuun aikaan","isPartOf":{"@id":"https:\/\/laakiksenspeksi.fi\/matakuu\/#website"},"datePublished":"2022-12-25T14:56:35+00:00","dateModified":"2026-02-04T20:45:12+00:00","breadcrumb":{"@id":"https:\/\/laakiksenspeksi.fi\/matakuu\/#breadcrumb"},"inLanguage":"fi","potentialAction":[{"@type":"ReadAction","target":["https:\/\/laakiksenspeksi.fi\/matakuu\/"]}]},{"@type":"BreadcrumbList","@id":"https:\/\/laakiksenspeksi.fi\/matakuu\/#breadcrumb","itemListElement":[{"@type":"ListItem","position":1,"name":"Etusivu","item":"https:\/\/laakiksenspeksi.fi\/matakuu\/"},{"@type":"ListItem","position":2,"name":"Helsingin L\u00e4\u00e4kiksen Speksi 2026"}]},{"@type":"WebSite","@id":"https:\/\/laakiksenspeksi.fi\/matakuu\/#website","url":"https:\/\/laakiksenspeksi.fi\/matakuu\/","name":"M\u00e4t\u00e4kuun aikaan","description":"Helsingin L\u00e4\u00e4kiksen Speksi 2026 - M\u00e4t\u00e4kuun aikaan","potentialAction":[{"@type":"SearchAction","target":{"@type":"EntryPoint","urlTemplate":"https:\/\/laakiksenspeksi.fi\/matakuu\/?s={search_term_string}"},"query-input":"required name=search_term_string"}],"inLanguage":"fi"}]}},"_links":{"self":[{"href":"https:\/\/laakiksenspeksi.fi\/matakuu\/wp-json\/wp\/v2\/pages\/653"}],"collection":[{"href":"https:\/\/laakiksenspeksi.fi\/matakuu\/wp-json\/wp\/v2\/pages"}],"about":[{"href":"https:\/\/laakiksenspeksi.fi\/matakuu\/wp-json\/wp\/v2\/types\/page"}],"author":[{"embeddable":true,"href":"https:\/\/laakiksenspeksi.fi\/matakuu\/wp-json\/wp\/v2\/users\/5"}],"replies":[{"embeddable":true,"href":"https:\/\/laakiksenspeksi.fi\/matakuu\/wp-json\/wp\/v2\/comments?post=653"}],"version-history":[{"count":70,"href":"https:\/\/laakiksenspeksi.fi\/matakuu\/wp-json\/wp\/v2\/pages\/653\/revisions"}],"predecessor-version":[{"id":1144,"href":"https:\/\/laakiksenspeksi.fi\/matakuu\/wp-json\/wp\/v2\/pages\/653\/revisions\/1144"}],"wp:attachment":[{"href":"https:\/\/laakiksenspeksi.fi\/matakuu\/wp-json\/wp\/v2\/media?parent=653"}],"curies":[{"name":"wp","href":"https:\/\/api.w.org\/{rel}","templated":true}]}}