{"id":5,"date":"2019-01-06T16:43:39","date_gmt":"2019-01-06T14:43:39","guid":{"rendered":"https:\/\/laakiksenspeksi.fi\/minkataakseenjattaa\/?page_id=5"},"modified":"2019-01-13T21:16:27","modified_gmt":"2019-01-13T19:16:27","slug":"mika-speksi","status":"publish","type":"page","link":"https:\/\/laakiksenspeksi.fi\/minkataakseenjattaa\/mika-speksi\/","title":{"rendered":"Mik\u00e4 speksi?"},"content":{"rendered":"<div id=\"pl-5\"  class=\"panel-layout\" ><div id=\"pg-5-0\"  class=\"panel-grid panel-has-style\" ><div class=\"panel-row-style panel-row-style-for-5-0\" ><div id=\"pgc-5-0-0\"  class=\"panel-grid-cell\" ><div id=\"panel-5-0-0-0\" class=\"so-panel widget widget_sow-editor panel-first-child panel-last-child\" data-index=\"0\" ><div\n\t\t\t\n\t\t\tclass=\"so-widget-sow-editor so-widget-sow-editor-base\"\n\t\t\t\n\t\t><h3 class=\"widget-title\">Speksi on...<\/h3>\n<div class=\"siteorigin-widget-tinymce textwidget\">\n\t<p>\u2026 Helsingin Yliopiston l\u00e4\u00e4ketieteellisen tiedekunnan opiskelijoiden vuosittain esitt\u00e4m\u00e4 interaktiivinen musiikkin\u00e4ytelm\u00e4. Kaikki mit\u00e4 ymp\u00e4rill\u00e4si n\u00e4et ja kuulet \u2013 tarinan juonenk\u00e4\u00e4nteist\u00e4 aina tanssikoreografioihin, \u00e4\u00e4niefekteihin sek\u00e4 hulmuaviin hameenhelmoihin asti \u2013 \u00a0on t\u00e4ysin opiskelijavoimin luotua. Jokaisen speksin taustalla on yhteens\u00e4 noin 100 opiskelijaa tiedekuntamme eri ainej\u00e4rjest\u00f6ist\u00e4.<\/p>\n<p>Miss\u00e4 tahansa esityksen vaiheessa katsoja voi huutaa yleis\u00f6st\u00e4 \u201comstart\u201d. T\u00e4ll\u00f6in n\u00e4yttelij\u00f6iden, tanssijoiden ja soittajien on esitett\u00e4v\u00e4 edellinen osio uudelleen, yleens\u00e4 hieman eri tavalla. Omstart onkin speksin ydin ja se tekee esityksest\u00e4 interaktiivisen, yleis\u00f6n ja n\u00e4ytelm\u00e4n v\u00e4lisen vuoropuhelun. T\u00e4st\u00e4 johtuen yksik\u00e4\u00e4n n\u00e4yt\u00f6s ei ole samanlainen!<\/p>\n<p>Speksin juuret ulottuvat aina 1500-luvulle Uppsalaan, jossa ylioppilaille opetettiin latinaa teatterin avulla. Ruotsinkielinen kandidaattiseura Thorax aloitti speksiperinteen Suomessa 1950-luvulla. Meid\u00e4n nykymuotoisen speksimme edelt\u00e4jin\u00e4 pidet\u00e4\u00e4n kahta medisiinarioopperaa Puoskarin puutarhassa (1958) ja Haavurikukko (1980). Kandidaattiseuran ensimm\u00e4inen virallinen speksi \u201cSchmertzwald\u201d sai ensi-iltansa vuonna 1988 ja vuosittainen iloittelumme on jatkunut katkeamattomana tuosta l\u00e4htien.<\/p>\n<\/div>\n<\/div><\/div><\/div><\/div><\/div><div id=\"pg-5-1\"  class=\"panel-grid panel-has-style\" ><div class=\"siteorigin-panels-stretch panel-row-style panel-row-style-for-5-1\" data-stretch-type=\"full\" ><div id=\"pgc-5-1-0\"  class=\"panel-grid-cell\" ><div id=\"panel-5-1-0-0\" class=\"so-panel widget widget_sow-editor panel-first-child panel-last-child\" data-index=\"1\" ><div\n\t\t\t\n\t\t\tclass=\"so-widget-sow-editor so-widget-sow-editor-base\"\n\t\t\t\n\t\t><h3 class=\"widget-title\">Tiimit 2019<\/h3>\n<div class=\"siteorigin-widget-tinymce textwidget\">\n\t<\/div>\n<\/div><\/div><\/div><div id=\"pgc-5-1-1\"  class=\"panel-grid-cell\" ><div id=\"panel-5-1-1-0\" class=\"so-panel widget widget_sow-editor panel-first-child panel-last-child\" data-index=\"2\" ><div\n\t\t\t\n\t\t\tclass=\"so-widget-sow-editor so-widget-sow-editor-base\"\n\t\t\t\n\t\t><h3 class=\"widget-title\">Tiimit 2019<\/h3>\n<div class=\"siteorigin-widget-tinymce textwidget\">\n\t<\/div>\n<\/div><\/div><\/div><div id=\"pgc-5-1-2\"  class=\"panel-grid-cell\" ><div id=\"panel-5-1-2-0\" class=\"so-panel widget widget_sow-editor panel-first-child panel-last-child\" data-index=\"3\" ><div\n\t\t\t\n\t\t\tclass=\"so-widget-sow-editor so-widget-sow-editor-base\"\n\t\t\t\n\t\t><h3 class=\"widget-title\">Tiimit 2019<\/h3>\n<div class=\"siteorigin-widget-tinymce textwidget\">\n\t<\/div>\n<\/div><\/div><\/div><div id=\"pgc-5-1-3\"  class=\"panel-grid-cell\" ><div id=\"panel-5-1-3-0\" class=\"so-panel widget widget_sow-editor panel-first-child panel-last-child\" data-index=\"4\" ><div\n\t\t\t\n\t\t\tclass=\"so-widget-sow-editor so-widget-sow-editor-base\"\n\t\t\t\n\t\t><h3 class=\"widget-title\">Tiimit 2019<\/h3>\n<div class=\"siteorigin-widget-tinymce textwidget\">\n\t<\/div>\n<\/div><\/div><\/div><\/div><\/div><\/div>","protected":false},"excerpt":{"rendered":"<p>\u2026 Helsingin Yliopiston l\u00e4\u00e4ketieteellisen tiedekunnan opiskelijoiden vuosittain esitt\u00e4m\u00e4 interaktiivinen musiikkin\u00e4ytelm\u00e4. Kaikki mit\u00e4 ymp\u00e4rill\u00e4si n\u00e4et ja kuulet \u2013 tarinan juonenk\u00e4\u00e4nteist\u00e4 aina tanssikoreografioihin, \u00e4\u00e4niefekteihin sek\u00e4 hulmuaviin hameenhelmoihin asti \u2013 \u00a0on t\u00e4ysin opiskelijavoimin luotua. Jokaisen speksin taustalla on yhteens\u00e4 noin 100 opiskelijaa tiedekuntamme eri ainej\u00e4rjest\u00f6ist\u00e4. Miss\u00e4 tahansa esityksen vaiheessa katsoja voi huutaa yleis\u00f6st\u00e4 \u201comstart\u201d. T\u00e4ll\u00f6in n\u00e4yttelij\u00f6iden, tanssijoiden ja<\/p>\n<div><a class=\"btn-filled btn\" href=\"https:\/\/laakiksenspeksi.fi\/minkataakseenjattaa\/mika-speksi\/\" title=\"Mik\u00e4 speksi?\">Read More<\/a><\/div>\n","protected":false},"author":5,"featured_media":0,"parent":0,"menu_order":0,"comment_status":"closed","ping_status":"closed","template":"page-templates\/template-widget.php","meta":{"_mi_skip_tracking":false,"_ti_tpc_template_sync":false,"_ti_tpc_template_id":"","footnotes":""},"aioseo_notices":[],"yoast_head":"<!-- This site is optimized with the Yoast SEO plugin v19.13 - https:\/\/yoast.com\/wordpress\/plugins\/seo\/ -->\n<title>Mik\u00e4 speksi? - Mink\u00e4 taakseen j\u00e4tt\u00e4\u00e4<\/title>\n<meta name=\"robots\" content=\"index, follow, max-snippet:-1, max-image-preview:large, max-video-preview:-1\" \/>\n<link rel=\"canonical\" href=\"https:\/\/laakiksenspeksi.fi\/minkataakseenjattaa\/mika-speksi\/\" \/>\n<meta property=\"og:locale\" content=\"fi_FI\" \/>\n<meta property=\"og:type\" content=\"article\" \/>\n<meta property=\"og:title\" content=\"Mik\u00e4 speksi? - Mink\u00e4 taakseen j\u00e4tt\u00e4\u00e4\" \/>\n<meta property=\"og:description\" content=\"\u2026 Helsingin Yliopiston l\u00e4\u00e4ketieteellisen tiedekunnan opiskelijoiden vuosittain esitt\u00e4m\u00e4 interaktiivinen musiikkin\u00e4ytelm\u00e4. Kaikki mit\u00e4 ymp\u00e4rill\u00e4si n\u00e4et ja kuulet \u2013 tarinan juonenk\u00e4\u00e4nteist\u00e4 aina tanssikoreografioihin, \u00e4\u00e4niefekteihin sek\u00e4 hulmuaviin hameenhelmoihin asti \u2013 \u00a0on t\u00e4ysin opiskelijavoimin luotua. Jokaisen speksin taustalla on yhteens\u00e4 noin 100 opiskelijaa tiedekuntamme eri ainej\u00e4rjest\u00f6ist\u00e4. Miss\u00e4 tahansa esityksen vaiheessa katsoja voi huutaa yleis\u00f6st\u00e4 \u201comstart\u201d. T\u00e4ll\u00f6in n\u00e4yttelij\u00f6iden, tanssijoiden jaRead More\" \/>\n<meta property=\"og:url\" content=\"https:\/\/laakiksenspeksi.fi\/minkataakseenjattaa\/mika-speksi\/\" \/>\n<meta property=\"og:site_name\" content=\"Mink\u00e4 taakseen j\u00e4tt\u00e4\u00e4\" \/>\n<meta property=\"article:modified_time\" content=\"2019-01-13T19:16:27+00:00\" \/>\n<meta name=\"twitter:card\" content=\"summary_large_image\" \/>\n<meta name=\"twitter:label1\" content=\"Arvioitu lukuaika\" \/>\n\t<meta name=\"twitter:data1\" content=\"1 minuutti\" \/>\n<script type=\"application\/ld+json\" class=\"yoast-schema-graph\">{\"@context\":\"https:\/\/schema.org\",\"@graph\":[{\"@type\":\"WebPage\",\"@id\":\"https:\/\/laakiksenspeksi.fi\/minkataakseenjattaa\/mika-speksi\/\",\"url\":\"https:\/\/laakiksenspeksi.fi\/minkataakseenjattaa\/mika-speksi\/\",\"name\":\"Mik\u00e4 speksi? - Mink\u00e4 taakseen j\u00e4tt\u00e4\u00e4\",\"isPartOf\":{\"@id\":\"https:\/\/laakiksenspeksi.fi\/minkataakseenjattaa\/#website\"},\"datePublished\":\"2019-01-06T14:43:39+00:00\",\"dateModified\":\"2019-01-13T19:16:27+00:00\",\"breadcrumb\":{\"@id\":\"https:\/\/laakiksenspeksi.fi\/minkataakseenjattaa\/mika-speksi\/#breadcrumb\"},\"inLanguage\":\"fi\",\"potentialAction\":[{\"@type\":\"ReadAction\",\"target\":[\"https:\/\/laakiksenspeksi.fi\/minkataakseenjattaa\/mika-speksi\/\"]}]},{\"@type\":\"BreadcrumbList\",\"@id\":\"https:\/\/laakiksenspeksi.fi\/minkataakseenjattaa\/mika-speksi\/#breadcrumb\",\"itemListElement\":[{\"@type\":\"ListItem\",\"position\":1,\"name\":\"Home\",\"item\":\"https:\/\/laakiksenspeksi.fi\/minkataakseenjattaa\/\"},{\"@type\":\"ListItem\",\"position\":2,\"name\":\"Mik\u00e4 speksi?\"}]},{\"@type\":\"WebSite\",\"@id\":\"https:\/\/laakiksenspeksi.fi\/minkataakseenjattaa\/#website\",\"url\":\"https:\/\/laakiksenspeksi.fi\/minkataakseenjattaa\/\",\"name\":\"Mink\u00e4 taakseen j\u00e4tt\u00e4\u00e4\",\"description\":\"32. Helsingin L\u00e4\u00e4kiksen Speksi\",\"potentialAction\":[{\"@type\":\"SearchAction\",\"target\":{\"@type\":\"EntryPoint\",\"urlTemplate\":\"https:\/\/laakiksenspeksi.fi\/minkataakseenjattaa\/?s={search_term_string}\"},\"query-input\":\"required name=search_term_string\"}],\"inLanguage\":\"fi\"}]}<\/script>\n<!-- \/ Yoast SEO plugin. -->","yoast_head_json":{"title":"Mik\u00e4 speksi? - Mink\u00e4 taakseen j\u00e4tt\u00e4\u00e4","robots":{"index":"index","follow":"follow","max-snippet":"max-snippet:-1","max-image-preview":"max-image-preview:large","max-video-preview":"max-video-preview:-1"},"canonical":"https:\/\/laakiksenspeksi.fi\/minkataakseenjattaa\/mika-speksi\/","og_locale":"fi_FI","og_type":"article","og_title":"Mik\u00e4 speksi? - Mink\u00e4 taakseen j\u00e4tt\u00e4\u00e4","og_description":"\u2026 Helsingin Yliopiston l\u00e4\u00e4ketieteellisen tiedekunnan opiskelijoiden vuosittain esitt\u00e4m\u00e4 interaktiivinen musiikkin\u00e4ytelm\u00e4. Kaikki mit\u00e4 ymp\u00e4rill\u00e4si n\u00e4et ja kuulet \u2013 tarinan juonenk\u00e4\u00e4nteist\u00e4 aina tanssikoreografioihin, \u00e4\u00e4niefekteihin sek\u00e4 hulmuaviin hameenhelmoihin asti \u2013 \u00a0on t\u00e4ysin opiskelijavoimin luotua. Jokaisen speksin taustalla on yhteens\u00e4 noin 100 opiskelijaa tiedekuntamme eri ainej\u00e4rjest\u00f6ist\u00e4. Miss\u00e4 tahansa esityksen vaiheessa katsoja voi huutaa yleis\u00f6st\u00e4 \u201comstart\u201d. T\u00e4ll\u00f6in n\u00e4yttelij\u00f6iden, tanssijoiden jaRead More","og_url":"https:\/\/laakiksenspeksi.fi\/minkataakseenjattaa\/mika-speksi\/","og_site_name":"Mink\u00e4 taakseen j\u00e4tt\u00e4\u00e4","article_modified_time":"2019-01-13T19:16:27+00:00","twitter_card":"summary_large_image","twitter_misc":{"Arvioitu lukuaika":"1 minuutti"},"schema":{"@context":"https:\/\/schema.org","@graph":[{"@type":"WebPage","@id":"https:\/\/laakiksenspeksi.fi\/minkataakseenjattaa\/mika-speksi\/","url":"https:\/\/laakiksenspeksi.fi\/minkataakseenjattaa\/mika-speksi\/","name":"Mik\u00e4 speksi? - Mink\u00e4 taakseen j\u00e4tt\u00e4\u00e4","isPartOf":{"@id":"https:\/\/laakiksenspeksi.fi\/minkataakseenjattaa\/#website"},"datePublished":"2019-01-06T14:43:39+00:00","dateModified":"2019-01-13T19:16:27+00:00","breadcrumb":{"@id":"https:\/\/laakiksenspeksi.fi\/minkataakseenjattaa\/mika-speksi\/#breadcrumb"},"inLanguage":"fi","potentialAction":[{"@type":"ReadAction","target":["https:\/\/laakiksenspeksi.fi\/minkataakseenjattaa\/mika-speksi\/"]}]},{"@type":"BreadcrumbList","@id":"https:\/\/laakiksenspeksi.fi\/minkataakseenjattaa\/mika-speksi\/#breadcrumb","itemListElement":[{"@type":"ListItem","position":1,"name":"Home","item":"https:\/\/laakiksenspeksi.fi\/minkataakseenjattaa\/"},{"@type":"ListItem","position":2,"name":"Mik\u00e4 speksi?"}]},{"@type":"WebSite","@id":"https:\/\/laakiksenspeksi.fi\/minkataakseenjattaa\/#website","url":"https:\/\/laakiksenspeksi.fi\/minkataakseenjattaa\/","name":"Mink\u00e4 taakseen j\u00e4tt\u00e4\u00e4","description":"32. Helsingin L\u00e4\u00e4kiksen Speksi","potentialAction":[{"@type":"SearchAction","target":{"@type":"EntryPoint","urlTemplate":"https:\/\/laakiksenspeksi.fi\/minkataakseenjattaa\/?s={search_term_string}"},"query-input":"required name=search_term_string"}],"inLanguage":"fi"}]}},"_links":{"self":[{"href":"https:\/\/laakiksenspeksi.fi\/minkataakseenjattaa\/wp-json\/wp\/v2\/pages\/5"}],"collection":[{"href":"https:\/\/laakiksenspeksi.fi\/minkataakseenjattaa\/wp-json\/wp\/v2\/pages"}],"about":[{"href":"https:\/\/laakiksenspeksi.fi\/minkataakseenjattaa\/wp-json\/wp\/v2\/types\/page"}],"author":[{"embeddable":true,"href":"https:\/\/laakiksenspeksi.fi\/minkataakseenjattaa\/wp-json\/wp\/v2\/users\/5"}],"replies":[{"embeddable":true,"href":"https:\/\/laakiksenspeksi.fi\/minkataakseenjattaa\/wp-json\/wp\/v2\/comments?post=5"}],"version-history":[{"count":22,"href":"https:\/\/laakiksenspeksi.fi\/minkataakseenjattaa\/wp-json\/wp\/v2\/pages\/5\/revisions"}],"predecessor-version":[{"id":147,"href":"https:\/\/laakiksenspeksi.fi\/minkataakseenjattaa\/wp-json\/wp\/v2\/pages\/5\/revisions\/147"}],"wp:attachment":[{"href":"https:\/\/laakiksenspeksi.fi\/minkataakseenjattaa\/wp-json\/wp\/v2\/media?parent=5"}],"curies":[{"name":"wp","href":"https:\/\/api.w.org\/{rel}","templated":true}]}}