{"id":7,"date":"2019-01-06T16:44:10","date_gmt":"2019-01-06T14:44:10","guid":{"rendered":"https:\/\/laakiksenspeksi.fi\/minkataakseenjattaa\/?page_id=7"},"modified":"2019-01-09T13:30:07","modified_gmt":"2019-01-09T11:30:07","slug":"yhteistyossa","status":"publish","type":"page","link":"https:\/\/laakiksenspeksi.fi\/minkataakseenjattaa\/yhteistyossa\/","title":{"rendered":"Yhteisty\u00f6ss\u00e4"},"content":{"rendered":"<div id=\"pl-7\" class=\"panel-layout\">\n<div id=\"pg-7-0\" class=\"panel-grid panel-no-style\">\n<div id=\"pgc-7-0-0\" class=\"panel-grid-cell panel-grid-cell-empty\" data-weight=\"1\"><\/div>\n<\/div>\n<\/div>\n","protected":false},"excerpt":{"rendered":"","protected":false},"author":5,"featured_media":0,"parent":0,"menu_order":0,"comment_status":"closed","ping_status":"closed","template":"page-templates\/template-widget.php","meta":{"_mi_skip_tracking":false,"_ti_tpc_template_sync":false,"_ti_tpc_template_id":"","footnotes":""},"aioseo_notices":[],"yoast_head":"<!-- This site is optimized with the Yoast SEO plugin v19.13 - https:\/\/yoast.com\/wordpress\/plugins\/seo\/ -->\n<title>Yhteisty\u00f6ss\u00e4 - Mink\u00e4 taakseen j\u00e4tt\u00e4\u00e4<\/title>\n<meta name=\"robots\" content=\"index, follow, max-snippet:-1, max-image-preview:large, max-video-preview:-1\" \/>\n<link rel=\"canonical\" href=\"https:\/\/laakiksenspeksi.fi\/minkataakseenjattaa\/yhteistyossa\/\" \/>\n<meta property=\"og:locale\" content=\"fi_FI\" \/>\n<meta property=\"og:type\" content=\"article\" \/>\n<meta property=\"og:title\" content=\"Yhteisty\u00f6ss\u00e4 - Mink\u00e4 taakseen j\u00e4tt\u00e4\u00e4\" \/>\n<meta property=\"og:url\" content=\"https:\/\/laakiksenspeksi.fi\/minkataakseenjattaa\/yhteistyossa\/\" \/>\n<meta property=\"og:site_name\" content=\"Mink\u00e4 taakseen j\u00e4tt\u00e4\u00e4\" \/>\n<meta property=\"article:modified_time\" content=\"2019-01-09T11:30:07+00:00\" \/>\n<meta name=\"twitter:card\" content=\"summary_large_image\" \/>\n<script type=\"application\/ld+json\" class=\"yoast-schema-graph\">{\"@context\":\"https:\/\/schema.org\",\"@graph\":[{\"@type\":\"WebPage\",\"@id\":\"https:\/\/laakiksenspeksi.fi\/minkataakseenjattaa\/yhteistyossa\/\",\"url\":\"https:\/\/laakiksenspeksi.fi\/minkataakseenjattaa\/yhteistyossa\/\",\"name\":\"Yhteisty\u00f6ss\u00e4 - Mink\u00e4 taakseen j\u00e4tt\u00e4\u00e4\",\"isPartOf\":{\"@id\":\"https:\/\/laakiksenspeksi.fi\/minkataakseenjattaa\/#website\"},\"datePublished\":\"2019-01-06T14:44:10+00:00\",\"dateModified\":\"2019-01-09T11:30:07+00:00\",\"breadcrumb\":{\"@id\":\"https:\/\/laakiksenspeksi.fi\/minkataakseenjattaa\/yhteistyossa\/#breadcrumb\"},\"inLanguage\":\"fi\",\"potentialAction\":[{\"@type\":\"ReadAction\",\"target\":[\"https:\/\/laakiksenspeksi.fi\/minkataakseenjattaa\/yhteistyossa\/\"]}]},{\"@type\":\"BreadcrumbList\",\"@id\":\"https:\/\/laakiksenspeksi.fi\/minkataakseenjattaa\/yhteistyossa\/#breadcrumb\",\"itemListElement\":[{\"@type\":\"ListItem\",\"position\":1,\"name\":\"Home\",\"item\":\"https:\/\/laakiksenspeksi.fi\/minkataakseenjattaa\/\"},{\"@type\":\"ListItem\",\"position\":2,\"name\":\"Yhteisty\u00f6ss\u00e4\"}]},{\"@type\":\"WebSite\",\"@id\":\"https:\/\/laakiksenspeksi.fi\/minkataakseenjattaa\/#website\",\"url\":\"https:\/\/laakiksenspeksi.fi\/minkataakseenjattaa\/\",\"name\":\"Mink\u00e4 taakseen j\u00e4tt\u00e4\u00e4\",\"description\":\"32. Helsingin L\u00e4\u00e4kiksen Speksi\",\"potentialAction\":[{\"@type\":\"SearchAction\",\"target\":{\"@type\":\"EntryPoint\",\"urlTemplate\":\"https:\/\/laakiksenspeksi.fi\/minkataakseenjattaa\/?s={search_term_string}\"},\"query-input\":\"required name=search_term_string\"}],\"inLanguage\":\"fi\"}]}<\/script>\n<!-- \/ Yoast SEO plugin. -->","yoast_head_json":{"title":"Yhteisty\u00f6ss\u00e4 - Mink\u00e4 taakseen j\u00e4tt\u00e4\u00e4","robots":{"index":"index","follow":"follow","max-snippet":"max-snippet:-1","max-image-preview":"max-image-preview:large","max-video-preview":"max-video-preview:-1"},"canonical":"https:\/\/laakiksenspeksi.fi\/minkataakseenjattaa\/yhteistyossa\/","og_locale":"fi_FI","og_type":"article","og_title":"Yhteisty\u00f6ss\u00e4 - Mink\u00e4 taakseen j\u00e4tt\u00e4\u00e4","og_url":"https:\/\/laakiksenspeksi.fi\/minkataakseenjattaa\/yhteistyossa\/","og_site_name":"Mink\u00e4 taakseen j\u00e4tt\u00e4\u00e4","article_modified_time":"2019-01-09T11:30:07+00:00","twitter_card":"summary_large_image","schema":{"@context":"https:\/\/schema.org","@graph":[{"@type":"WebPage","@id":"https:\/\/laakiksenspeksi.fi\/minkataakseenjattaa\/yhteistyossa\/","url":"https:\/\/laakiksenspeksi.fi\/minkataakseenjattaa\/yhteistyossa\/","name":"Yhteisty\u00f6ss\u00e4 - Mink\u00e4 taakseen j\u00e4tt\u00e4\u00e4","isPartOf":{"@id":"https:\/\/laakiksenspeksi.fi\/minkataakseenjattaa\/#website"},"datePublished":"2019-01-06T14:44:10+00:00","dateModified":"2019-01-09T11:30:07+00:00","breadcrumb":{"@id":"https:\/\/laakiksenspeksi.fi\/minkataakseenjattaa\/yhteistyossa\/#breadcrumb"},"inLanguage":"fi","potentialAction":[{"@type":"ReadAction","target":["https:\/\/laakiksenspeksi.fi\/minkataakseenjattaa\/yhteistyossa\/"]}]},{"@type":"BreadcrumbList","@id":"https:\/\/laakiksenspeksi.fi\/minkataakseenjattaa\/yhteistyossa\/#breadcrumb","itemListElement":[{"@type":"ListItem","position":1,"name":"Home","item":"https:\/\/laakiksenspeksi.fi\/minkataakseenjattaa\/"},{"@type":"ListItem","position":2,"name":"Yhteisty\u00f6ss\u00e4"}]},{"@type":"WebSite","@id":"https:\/\/laakiksenspeksi.fi\/minkataakseenjattaa\/#website","url":"https:\/\/laakiksenspeksi.fi\/minkataakseenjattaa\/","name":"Mink\u00e4 taakseen j\u00e4tt\u00e4\u00e4","description":"32. Helsingin L\u00e4\u00e4kiksen Speksi","potentialAction":[{"@type":"SearchAction","target":{"@type":"EntryPoint","urlTemplate":"https:\/\/laakiksenspeksi.fi\/minkataakseenjattaa\/?s={search_term_string}"},"query-input":"required name=search_term_string"}],"inLanguage":"fi"}]}},"_links":{"self":[{"href":"https:\/\/laakiksenspeksi.fi\/minkataakseenjattaa\/wp-json\/wp\/v2\/pages\/7"}],"collection":[{"href":"https:\/\/laakiksenspeksi.fi\/minkataakseenjattaa\/wp-json\/wp\/v2\/pages"}],"about":[{"href":"https:\/\/laakiksenspeksi.fi\/minkataakseenjattaa\/wp-json\/wp\/v2\/types\/page"}],"author":[{"embeddable":true,"href":"https:\/\/laakiksenspeksi.fi\/minkataakseenjattaa\/wp-json\/wp\/v2\/users\/5"}],"replies":[{"embeddable":true,"href":"https:\/\/laakiksenspeksi.fi\/minkataakseenjattaa\/wp-json\/wp\/v2\/comments?post=7"}],"version-history":[{"count":6,"href":"https:\/\/laakiksenspeksi.fi\/minkataakseenjattaa\/wp-json\/wp\/v2\/pages\/7\/revisions"}],"predecessor-version":[{"id":66,"href":"https:\/\/laakiksenspeksi.fi\/minkataakseenjattaa\/wp-json\/wp\/v2\/pages\/7\/revisions\/66"}],"wp:attachment":[{"href":"https:\/\/laakiksenspeksi.fi\/minkataakseenjattaa\/wp-json\/wp\/v2\/media?parent=7"}],"curies":[{"name":"wp","href":"https:\/\/api.w.org\/{rel}","templated":true}]}}