{"id":221,"date":"2022-10-29T14:22:10","date_gmt":"2022-10-29T11:22:10","guid":{"rendered":"https:\/\/laakiksenspeksi.fi\/mysteerimikitin\/?page_id=221"},"modified":"2023-02-08T17:31:15","modified_gmt":"2023-02-08T15:31:15","slug":"yhteystiedot","status":"publish","type":"page","link":"https:\/\/laakiksenspeksi.fi\/riidankylvajat\/yhteystiedot\/","title":{"rendered":"Yhteystiedot"},"content":{"rendered":"\n<div id=\"wp-block-themeisle-blocks-advanced-columns-1fe42457\" class=\"wp-block-themeisle-blocks-advanced-columns has-2-columns has-desktop-equal-layout has-tablet-equal-layout has-mobile-collapsedRows-layout has-vertical-unset\"><div class=\"wp-block-themeisle-blocks-advanced-columns-overlay\"><\/div><div class=\"innerblocks-wrap\">\n<div id=\"wp-block-themeisle-blocks-advanced-column-47da812c\" class=\"wp-block-themeisle-blocks-advanced-column\"><div id=\"pl-gb221-69e0c4ac86ad2\"  class=\"panel-layout ticss-d43a65c8\" ><div id=\"pg-gb221-69e0c4ac86ad2-0\"  class=\"panel-grid panel-no-style\" ><div id=\"pgc-gb221-69e0c4ac86ad2-0-0\"  class=\"panel-grid-cell\" ><div id=\"panel-gb221-69e0c4ac86ad2-0-0-0\" class=\"so-panel widget widget_text panel-first-child panel-last-child\" data-index=\"0\" >\t\t\t<div class=\"textwidget\"><h1 style=\"color: #4b3621; font-family: wallau;\">YHTEYSTIEDOT<\/h1>\n<h1><\/h1>\n<\/div>\n\t\t<\/div><\/div><\/div><div id=\"pg-gb221-69e0c4ac86ad2-1\"  class=\"panel-grid panel-no-style\" ><div id=\"pgc-gb221-69e0c4ac86ad2-1-0\"  class=\"panel-grid-cell\" ><div id=\"panel-gb221-69e0c4ac86ad2-1-0-0\" class=\"so-panel widget widget_text panel-first-child panel-last-child\" data-index=\"1\" >\t\t\t<div class=\"textwidget\"><h3 style=\"font-family: wallau;\" data-tadv-p=\"keep\"><strong>Kauden 2022 &#8211; 2023 hallitus<\/strong><\/h3>\n<p data-tadv-p=\"keep\"><strong>Ohjaaja<\/strong><br \/>\nTopias Keskitalo &#8211; ohjaaja@laakiksenspeksi.fi<\/p>\n<p data-tadv-p=\"keep\"><strong>Apuohjaaja<\/strong><br \/>\nEleonoora Wihuri &#8211; ohjaaja@laakiksenspeksi.fi<\/p>\n<p data-tadv-p=\"keep\"><strong>Tuottajat<\/strong><br \/>\nNuppu Lyytik\u00e4inen &#8211; tuottajat@laakiksenspeksi.fi<br \/>\nSaku Lauretsalo &#8211; tuottajat@laakiksenspeksi.fi<br \/>\nJuho Simola &#8211; tuottajat@laakiksenspeksi.fi<\/p>\n<p data-tadv-p=\"keep\"><strong>Talous<\/strong><br \/>\nRiku Pirinen &#8211; talous@laakiksenspeksi.fi<\/p>\n<p data-tadv-p=\"keep\"><strong>Markkinointi<\/strong><br \/>\nAnni Erkko &#8211; liput@laakiksenspeksi.fi<\/p>\n<p data-tadv-p=\"keep\"><strong>Yrityssuhteet<\/strong><br \/>\nEmilia Blomberg &#8211; yritykset@laakiksenspeksi.fi<\/p>\n<p data-tadv-p=\"keep\"><strong>Sosiaalinen media ja viestint\u00e4<\/strong><br \/>\nLaura Seitakari &#8211; tiedottaja@laakiksenspeksi.fi<\/p>\n<h3 style=\"font-family: wallau;\" data-tadv-p=\"keep\"><strong>Helsingin L\u00e4\u00e4kiksen Speksi<\/strong><\/h3>\n<p data-tadv-p=\"keep\"><strong>Postiosoite<\/strong><br \/>\nHaartmaninkatu 8 (Biomedicum)<br \/>\n00270 Helsinki<\/p>\n<p data-tadv-p=\"keep\"><strong>Y-tunnus<\/strong><br \/>\n1952055-9<\/p>\n<p data-tadv-p=\"keep\"><strong>S\u00e4hk\u00f6posti<\/strong><br \/>\ntiedottaja@laakiksenspeksi.fi<\/p>\n<p data-tadv-p=\"keep\"><strong>Yhdenvertaisuusvastaava<\/strong><br \/>\nNelli Frilander &#8211; yhdenvertaisuusvastaava@laakiksenspeksi.fi<\/p>\n<p data-tadv-p=\"keep\"><strong><a style=\"text-decoration: none; color: #357a38;\" href=\"https:\/\/docs.google.com\/forms\/d\/e\/1FAIpQLSeXKPCJ0Zvkikuk1Tp48Qrv5cglP3VS3PuoAOCxuU3572deGw\/viewform\" target=\"_blank\" rel=\"noopener\">Ota yhteytt\u00e4 yhdenvertaisuusvastaavaan<\/a><\/strong><\/p>\n<p data-tadv-p=\"keep\"><strong><a style=\"text-decoration: none; color: #357a38;\" href=\"https:\/\/laakiksenspeksi.fi\/lasku-speksille\/\" target=\"_blank\" rel=\"noopener\">Lasku Speksille<\/a><\/strong><\/p>\n<\/div>\n\t\t<\/div><\/div><\/div><\/div><\/div>\n\n\n\n<div id=\"wp-block-themeisle-blocks-advanced-column-c071789f\" class=\"wp-block-themeisle-blocks-advanced-column\">\n<div id=\"wp-block-themeisle-blocks-advanced-columns-ffaaefa7\" class=\"wp-block-themeisle-blocks-advanced-columns has-1-columns has-desktop-equal-layout has-tablet-equal-layout has-mobile-equal-layout has-vertical-center\"><div class=\"wp-block-themeisle-blocks-advanced-columns-overlay\"><\/div><div class=\"innerblocks-wrap\">\n<div id=\"wp-block-themeisle-blocks-advanced-column-18a888f4\" class=\"wp-block-themeisle-blocks-advanced-column\">\n<figure class=\"wp-block-image size-large\"><img decoding=\"async\" loading=\"lazy\" width=\"1024\" height=\"616\" src=\"https:\/\/laakiksenspeksi.fi\/riidankylvajat\/wp-content\/uploads\/sites\/16\/2022\/12\/My-project-1024x616.png\" alt=\"\" class=\"wp-image-688\" srcset=\"https:\/\/laakiksenspeksi.fi\/riidankylvajat\/wp-content\/uploads\/sites\/16\/2022\/12\/My-project-1024x616.png 1024w, https:\/\/laakiksenspeksi.fi\/riidankylvajat\/wp-content\/uploads\/sites\/16\/2022\/12\/My-project-300x180.png 300w, https:\/\/laakiksenspeksi.fi\/riidankylvajat\/wp-content\/uploads\/sites\/16\/2022\/12\/My-project-768x462.png 768w, https:\/\/laakiksenspeksi.fi\/riidankylvajat\/wp-content\/uploads\/sites\/16\/2022\/12\/My-project-1536x924.png 1536w, https:\/\/laakiksenspeksi.fi\/riidankylvajat\/wp-content\/uploads\/sites\/16\/2022\/12\/My-project-2048x1232.png 2048w\" sizes=\"(max-width: 1024px) 100vw, 1024px\" \/><\/figure>\n\n\n<div class=\"wp-block-image\">\n<figure class=\"aligncenter size-medium\"><img decoding=\"async\" loading=\"lazy\" width=\"273\" height=\"300\" src=\"https:\/\/laakiksenspeksi.fi\/riidankylvajat\/wp-content\/uploads\/sites\/16\/2022\/12\/IMG_2014-min-273x300.png\" alt=\"\" class=\"wp-image-308\" srcset=\"https:\/\/laakiksenspeksi.fi\/riidankylvajat\/wp-content\/uploads\/sites\/16\/2022\/12\/IMG_2014-min-273x300.png 273w, https:\/\/laakiksenspeksi.fi\/riidankylvajat\/wp-content\/uploads\/sites\/16\/2022\/12\/IMG_2014-min-933x1024.png 933w, https:\/\/laakiksenspeksi.fi\/riidankylvajat\/wp-content\/uploads\/sites\/16\/2022\/12\/IMG_2014-min-768x843.png 768w, https:\/\/laakiksenspeksi.fi\/riidankylvajat\/wp-content\/uploads\/sites\/16\/2022\/12\/IMG_2014-min-1400x1536.png 1400w, https:\/\/laakiksenspeksi.fi\/riidankylvajat\/wp-content\/uploads\/sites\/16\/2022\/12\/IMG_2014-min.png 1602w\" sizes=\"(max-width: 273px) 100vw, 273px\" \/><\/figure><\/div><\/div>\n<\/div><\/div>\n<\/div>\n<\/div><\/div>\n","protected":false},"excerpt":{"rendered":"","protected":false},"author":5,"featured_media":0,"parent":0,"menu_order":0,"comment_status":"closed","ping_status":"closed","template":"","meta":{"_mi_skip_tracking":false,"neve_meta_sidebar":"","neve_meta_container":"","neve_meta_enable_content_width":"","neve_meta_content_width":0,"neve_meta_title_alignment":"","neve_meta_author_avatar":"","neve_post_elements_order":"","neve_meta_disable_header":"","neve_meta_disable_footer":"","neve_meta_disable_title":"","_themeisle_gutenberg_block_has_review":false,"_ti_tpc_template_sync":false,"_ti_tpc_template_id":"","footnotes":""},"aioseo_notices":[],"yoast_head":"<!-- This site is optimized with the Yoast SEO plugin v19.13 - https:\/\/yoast.com\/wordpress\/plugins\/seo\/ -->\n<title>Yhteystiedot - Riidankylv\u00e4j\u00e4t<\/title>\n<meta name=\"robots\" content=\"index, follow, max-snippet:-1, max-image-preview:large, max-video-preview:-1\" \/>\n<link rel=\"canonical\" href=\"https:\/\/laakiksenspeksi.fi\/riidankylvajat\/yhteystiedot\/\" \/>\n<meta property=\"og:locale\" content=\"fi_FI\" \/>\n<meta property=\"og:type\" content=\"article\" \/>\n<meta property=\"og:title\" content=\"Yhteystiedot - Riidankylv\u00e4j\u00e4t\" \/>\n<meta property=\"og:url\" content=\"https:\/\/laakiksenspeksi.fi\/riidankylvajat\/yhteystiedot\/\" \/>\n<meta property=\"og:site_name\" content=\"Riidankylv\u00e4j\u00e4t\" \/>\n<meta property=\"article:modified_time\" content=\"2023-02-08T15:31:15+00:00\" \/>\n<meta property=\"og:image\" content=\"https:\/\/laakiksenspeksi.fi\/riidankylvajat\/wp-content\/uploads\/sites\/16\/2022\/12\/My-project-1024x616.png\" \/>\n<meta name=\"twitter:card\" content=\"summary_large_image\" \/>\n<meta name=\"twitter:label1\" content=\"Arvioitu lukuaika\" \/>\n\t<meta name=\"twitter:data1\" content=\"1 minuutti\" \/>\n<script type=\"application\/ld+json\" class=\"yoast-schema-graph\">{\"@context\":\"https:\/\/schema.org\",\"@graph\":[{\"@type\":\"WebPage\",\"@id\":\"https:\/\/laakiksenspeksi.fi\/riidankylvajat\/yhteystiedot\/\",\"url\":\"https:\/\/laakiksenspeksi.fi\/riidankylvajat\/yhteystiedot\/\",\"name\":\"Yhteystiedot - Riidankylv\u00e4j\u00e4t\",\"isPartOf\":{\"@id\":\"https:\/\/laakiksenspeksi.fi\/riidankylvajat\/#website\"},\"datePublished\":\"2022-10-29T11:22:10+00:00\",\"dateModified\":\"2023-02-08T15:31:15+00:00\",\"breadcrumb\":{\"@id\":\"https:\/\/laakiksenspeksi.fi\/riidankylvajat\/yhteystiedot\/#breadcrumb\"},\"inLanguage\":\"fi\",\"potentialAction\":[{\"@type\":\"ReadAction\",\"target\":[\"https:\/\/laakiksenspeksi.fi\/riidankylvajat\/yhteystiedot\/\"]}]},{\"@type\":\"BreadcrumbList\",\"@id\":\"https:\/\/laakiksenspeksi.fi\/riidankylvajat\/yhteystiedot\/#breadcrumb\",\"itemListElement\":[{\"@type\":\"ListItem\",\"position\":1,\"name\":\"Etusivu\",\"item\":\"https:\/\/laakiksenspeksi.fi\/riidankylvajat\/\"},{\"@type\":\"ListItem\",\"position\":2,\"name\":\"Yhteystiedot\"}]},{\"@type\":\"WebSite\",\"@id\":\"https:\/\/laakiksenspeksi.fi\/riidankylvajat\/#website\",\"url\":\"https:\/\/laakiksenspeksi.fi\/riidankylvajat\/\",\"name\":\"Riidankylv\u00e4j\u00e4t\",\"description\":\"Helsingin L\u00e4\u00e4kiksen Speksi 2023 - Riidankylv\u00e4j\u00e4t\",\"potentialAction\":[{\"@type\":\"SearchAction\",\"target\":{\"@type\":\"EntryPoint\",\"urlTemplate\":\"https:\/\/laakiksenspeksi.fi\/riidankylvajat\/?s={search_term_string}\"},\"query-input\":\"required name=search_term_string\"}],\"inLanguage\":\"fi\"}]}<\/script>\n<!-- \/ Yoast SEO plugin. -->","yoast_head_json":{"title":"Yhteystiedot - Riidankylv\u00e4j\u00e4t","robots":{"index":"index","follow":"follow","max-snippet":"max-snippet:-1","max-image-preview":"max-image-preview:large","max-video-preview":"max-video-preview:-1"},"canonical":"https:\/\/laakiksenspeksi.fi\/riidankylvajat\/yhteystiedot\/","og_locale":"fi_FI","og_type":"article","og_title":"Yhteystiedot - Riidankylv\u00e4j\u00e4t","og_url":"https:\/\/laakiksenspeksi.fi\/riidankylvajat\/yhteystiedot\/","og_site_name":"Riidankylv\u00e4j\u00e4t","article_modified_time":"2023-02-08T15:31:15+00:00","og_image":[{"url":"https:\/\/laakiksenspeksi.fi\/riidankylvajat\/wp-content\/uploads\/sites\/16\/2022\/12\/My-project-1024x616.png"}],"twitter_card":"summary_large_image","twitter_misc":{"Arvioitu lukuaika":"1 minuutti"},"schema":{"@context":"https:\/\/schema.org","@graph":[{"@type":"WebPage","@id":"https:\/\/laakiksenspeksi.fi\/riidankylvajat\/yhteystiedot\/","url":"https:\/\/laakiksenspeksi.fi\/riidankylvajat\/yhteystiedot\/","name":"Yhteystiedot - Riidankylv\u00e4j\u00e4t","isPartOf":{"@id":"https:\/\/laakiksenspeksi.fi\/riidankylvajat\/#website"},"datePublished":"2022-10-29T11:22:10+00:00","dateModified":"2023-02-08T15:31:15+00:00","breadcrumb":{"@id":"https:\/\/laakiksenspeksi.fi\/riidankylvajat\/yhteystiedot\/#breadcrumb"},"inLanguage":"fi","potentialAction":[{"@type":"ReadAction","target":["https:\/\/laakiksenspeksi.fi\/riidankylvajat\/yhteystiedot\/"]}]},{"@type":"BreadcrumbList","@id":"https:\/\/laakiksenspeksi.fi\/riidankylvajat\/yhteystiedot\/#breadcrumb","itemListElement":[{"@type":"ListItem","position":1,"name":"Etusivu","item":"https:\/\/laakiksenspeksi.fi\/riidankylvajat\/"},{"@type":"ListItem","position":2,"name":"Yhteystiedot"}]},{"@type":"WebSite","@id":"https:\/\/laakiksenspeksi.fi\/riidankylvajat\/#website","url":"https:\/\/laakiksenspeksi.fi\/riidankylvajat\/","name":"Riidankylv\u00e4j\u00e4t","description":"Helsingin L\u00e4\u00e4kiksen Speksi 2023 - Riidankylv\u00e4j\u00e4t","potentialAction":[{"@type":"SearchAction","target":{"@type":"EntryPoint","urlTemplate":"https:\/\/laakiksenspeksi.fi\/riidankylvajat\/?s={search_term_string}"},"query-input":"required name=search_term_string"}],"inLanguage":"fi"}]}},"_links":{"self":[{"href":"https:\/\/laakiksenspeksi.fi\/riidankylvajat\/wp-json\/wp\/v2\/pages\/221"}],"collection":[{"href":"https:\/\/laakiksenspeksi.fi\/riidankylvajat\/wp-json\/wp\/v2\/pages"}],"about":[{"href":"https:\/\/laakiksenspeksi.fi\/riidankylvajat\/wp-json\/wp\/v2\/types\/page"}],"author":[{"embeddable":true,"href":"https:\/\/laakiksenspeksi.fi\/riidankylvajat\/wp-json\/wp\/v2\/users\/5"}],"replies":[{"embeddable":true,"href":"https:\/\/laakiksenspeksi.fi\/riidankylvajat\/wp-json\/wp\/v2\/comments?post=221"}],"version-history":[{"count":39,"href":"https:\/\/laakiksenspeksi.fi\/riidankylvajat\/wp-json\/wp\/v2\/pages\/221\/revisions"}],"predecessor-version":[{"id":1001,"href":"https:\/\/laakiksenspeksi.fi\/riidankylvajat\/wp-json\/wp\/v2\/pages\/221\/revisions\/1001"}],"wp:attachment":[{"href":"https:\/\/laakiksenspeksi.fi\/riidankylvajat\/wp-json\/wp\/v2\/media?parent=221"}],"curies":[{"name":"wp","href":"https:\/\/api.w.org\/{rel}","templated":true}]}}