{"id":504,"date":"2022-12-24T12:59:32","date_gmt":"2022-12-24T10:59:32","guid":{"rendered":"https:\/\/laakiksenspeksi.fi\/riidankylvajat\/?page_id=504"},"modified":"2023-11-06T15:41:56","modified_gmt":"2023-11-06T13:41:56","slug":"yhteistyossa","status":"publish","type":"page","link":"https:\/\/laakiksenspeksi.fi\/riidankylvajat\/yhteistyossa\/","title":{"rendered":"Yhteisty\u00f6ss\u00e4"},"content":{"rendered":"\n<div id=\"wp-block-themeisle-blocks-advanced-columns-ad17745e\" class=\"wp-block-themeisle-blocks-advanced-columns has-1-columns has-desktop-equal-layout has-tablet-equal-layout has-mobile-equal-layout has-vertical-unset\"><div class=\"wp-block-themeisle-blocks-advanced-columns-overlay\"><\/div><div class=\"innerblocks-wrap\">\n<div id=\"wp-block-themeisle-blocks-advanced-column-f91f8d1e\" class=\"wp-block-themeisle-blocks-advanced-column\"><div id=\"pl-gb504-69dadc6e2788c\"  class=\"panel-layout ticss-d43a65c8\" ><div id=\"pg-gb504-69dadc6e2788c-0\"  class=\"panel-grid panel-no-style\" ><div id=\"pgc-gb504-69dadc6e2788c-0-0\"  class=\"panel-grid-cell\" ><div id=\"panel-gb504-69dadc6e2788c-0-0-0\" class=\"so-panel widget widget_text panel-first-child panel-last-child\" data-index=\"0\" >\t\t\t<div class=\"textwidget\"><h1 style=\"text-align: center; color: #4b3621; font-family: wallau;\">YHTEISTY\u00d6SS\u00c4<\/h1>\n<h3 style=\"text-align: center; font-family: wallau;\"><strong>Helsingin L\u00e4\u00e4kiksen Speksin yhteisty\u00f6kumppanit vuonna 2023<\/strong><\/h3>\n<\/div>\n\t\t<\/div><\/div><\/div><div id=\"pg-gb504-69dadc6e2788c-1\"  class=\"panel-grid panel-no-style\" ><div id=\"pgc-gb504-69dadc6e2788c-1-0\"  class=\"panel-grid-cell\" ><div id=\"panel-gb504-69dadc6e2788c-1-0-0\" class=\"so-panel widget widget_media_image panel-first-child panel-last-child\" data-index=\"1\" ><a href=\"https:\/\/osgenic.com\" target=\"_blank\" rel=\"noopener\"><img loading=\"lazy\" width=\"300\" height=\"41\" src=\"https:\/\/laakiksenspeksi.fi\/riidankylvajat\/wp-content\/uploads\/sites\/16\/2023\/01\/Osgenic-Logo@2x-2-300x41.png\" class=\"image wp-image-982  attachment-medium size-medium\" alt=\"\" decoding=\"async\" style=\"max-width: 100%; height: auto;\" srcset=\"https:\/\/laakiksenspeksi.fi\/riidankylvajat\/wp-content\/uploads\/sites\/16\/2023\/01\/Osgenic-Logo@2x-2-300x41.png 300w, https:\/\/laakiksenspeksi.fi\/riidankylvajat\/wp-content\/uploads\/sites\/16\/2023\/01\/Osgenic-Logo@2x-2-1024x141.png 1024w, https:\/\/laakiksenspeksi.fi\/riidankylvajat\/wp-content\/uploads\/sites\/16\/2023\/01\/Osgenic-Logo@2x-2-768x105.png 768w, https:\/\/laakiksenspeksi.fi\/riidankylvajat\/wp-content\/uploads\/sites\/16\/2023\/01\/Osgenic-Logo@2x-2-1536x211.png 1536w, https:\/\/laakiksenspeksi.fi\/riidankylvajat\/wp-content\/uploads\/sites\/16\/2023\/01\/Osgenic-Logo@2x-2.png 1850w\" sizes=\"(max-width: 300px) 100vw, 300px\" \/><\/a><\/div><\/div><div id=\"pgc-gb504-69dadc6e2788c-1-1\"  class=\"panel-grid-cell\" ><div id=\"panel-gb504-69dadc6e2788c-1-1-0\" class=\"so-panel widget widget_text panel-first-child panel-last-child\" data-index=\"2\" >\t\t\t<div class=\"textwidget\"><p>Osgenic on l\u00e4\u00e4k\u00e4ri Arne Schlenzkan perustama yritys, jonka tavoite on v\u00e4hent\u00e4\u00e4 ehk\u00e4ist\u00e4vi\u00e4 kirurgisia komplikaatioita. Osgenicin online-alusta on lukuisissa suomalaisissa sairaaloissa k\u00e4yt\u00f6ss\u00e4 ja on nyt saatavilla my\u00f6s yksitt\u00e4iselle l\u00e4\u00e4k\u00e4rille ja l\u00e4\u00e4ketieteen opiskelijoille. Alustalta l\u00f6yd\u00e4t niin suurempiin, kuin pienempiin toimenpiteisiin k\u00e4yt\u00e4nn\u00f6nl\u00e4heisi\u00e4 sis\u00e4lt\u00f6j\u00e4. Lis\u00e4ksi alusta tarjoaa my\u00f6s toiminnallisuuksia jotka sopivat hyvin l\u00e4\u00e4k\u00e4rin arkeen.<\/p>\n<\/div>\n\t\t<\/div><\/div><\/div><div id=\"pg-gb504-69dadc6e2788c-2\"  class=\"panel-grid panel-no-style\" ><div id=\"pgc-gb504-69dadc6e2788c-2-0\"  class=\"panel-grid-cell\" ><div id=\"panel-gb504-69dadc6e2788c-2-0-0\" class=\"so-panel widget widget_media_image panel-first-child panel-last-child\" data-index=\"3\" ><a href=\"https:\/\/www.yleislaakarit.fi\" target=\"_blank\" rel=\"noopener\"><img loading=\"lazy\" width=\"300\" height=\"169\" src=\"https:\/\/laakiksenspeksi.fi\/riidankylvajat\/wp-content\/uploads\/sites\/16\/2023\/01\/Suomen-yleislaakarit-nettisivumainos-300x169.jpg\" class=\"image wp-image-891  attachment-medium size-medium\" alt=\"\" decoding=\"async\" style=\"max-width: 100%; height: auto;\" srcset=\"https:\/\/laakiksenspeksi.fi\/riidankylvajat\/wp-content\/uploads\/sites\/16\/2023\/01\/Suomen-yleislaakarit-nettisivumainos-300x169.jpg 300w, https:\/\/laakiksenspeksi.fi\/riidankylvajat\/wp-content\/uploads\/sites\/16\/2023\/01\/Suomen-yleislaakarit-nettisivumainos.jpg 640w\" sizes=\"(max-width: 300px) 100vw, 300px\" \/><\/a><\/div><\/div><div id=\"pgc-gb504-69dadc6e2788c-2-1\"  class=\"panel-grid-cell\" ><div id=\"panel-gb504-69dadc6e2788c-2-1-0\" class=\"so-panel widget widget_text panel-first-child panel-last-child\" data-index=\"4\" >\t\t\t<div class=\"textwidget\"><p><span style=\"font-weight: 400;\">GPF on vahva terveyspoliittinen vaikuttaja, joka huolehtii j\u00e4sentens\u00e4 edunvalvonnasta, ammattitaidon kehitt\u00e4misest\u00e4 ja parhaista toimintaedellytyksist\u00e4. Yhdistys toimii hyvinvointialueilla perusterveydenhuoltoa vahvistaen<\/span><\/p>\n<\/div>\n\t\t<\/div><\/div><\/div><div id=\"pg-gb504-69dadc6e2788c-3\"  class=\"panel-grid panel-no-style\" ><div id=\"pgc-gb504-69dadc6e2788c-3-0\"  class=\"panel-grid-cell\" ><div id=\"panel-gb504-69dadc6e2788c-3-0-0\" class=\"so-panel widget widget_media_image panel-first-child panel-last-child\" data-index=\"5\" ><a href=\"https:\/\/www.laatupaivystys.fi\" target=\"_blank\" rel=\"noopener\"><img loading=\"lazy\" width=\"300\" height=\"208\" src=\"https:\/\/laakiksenspeksi.fi\/riidankylvajat\/wp-content\/uploads\/sites\/16\/2023\/01\/Kopio-tiedostosta-Laatupaivystys_logo_petrol-background-300x208.png\" class=\"image wp-image-890  attachment-medium size-medium\" alt=\"\" decoding=\"async\" style=\"max-width: 100%; height: auto;\" srcset=\"https:\/\/laakiksenspeksi.fi\/riidankylvajat\/wp-content\/uploads\/sites\/16\/2023\/01\/Kopio-tiedostosta-Laatupaivystys_logo_petrol-background-300x208.png 300w, https:\/\/laakiksenspeksi.fi\/riidankylvajat\/wp-content\/uploads\/sites\/16\/2023\/01\/Kopio-tiedostosta-Laatupaivystys_logo_petrol-background-768x533.png 768w, https:\/\/laakiksenspeksi.fi\/riidankylvajat\/wp-content\/uploads\/sites\/16\/2023\/01\/Kopio-tiedostosta-Laatupaivystys_logo_petrol-background.png 901w\" sizes=\"(max-width: 300px) 100vw, 300px\" \/><\/a><\/div><\/div><div id=\"pgc-gb504-69dadc6e2788c-3-1\"  class=\"panel-grid-cell\" ><div id=\"panel-gb504-69dadc6e2788c-3-1-0\" class=\"so-panel widget widget_text panel-first-child panel-last-child\" data-index=\"6\" >\t\t\t<div class=\"textwidget\"><p><span style=\"font-weight: 400;\">Koulutusmy\u00f6nteinen l\u00e4\u00e4k\u00e4rilafka. Synytynyt Helsingiss\u00e4, kasvanut Kouvolassa. Koulutuksia ja ty\u00f6paikkoja ymp\u00e4ri Suomen aina Stadista Lappiin. <\/span><a style=\"color: #357a38;\" href=\"http:\/\/www.laatupaivystys.fi\" target=\"_blank\" rel=\"noopener\"><span style=\"font-weight: 400; color: #357a38;\">www.laatupaivystys.fi<\/span><\/a><\/p>\n<\/div>\n\t\t<\/div><\/div><\/div><div id=\"pg-gb504-69dadc6e2788c-4\"  class=\"panel-grid panel-no-style\" ><div id=\"pgc-gb504-69dadc6e2788c-4-0\"  class=\"panel-grid-cell\" ><div id=\"panel-gb504-69dadc6e2788c-4-0-0\" class=\"so-panel widget widget_media_image panel-first-child panel-last-child\" data-index=\"7\" ><a href=\"https:\/\/laakiksenspeksi.fi\/riidankylvajat\/yhteistyossa\/keusote_logo_horizontal_vector_graphics\/\" target=\"_blank\" rel=\"noopener\"><img loading=\"lazy\" width=\"300\" height=\"107\" src=\"https:\/\/laakiksenspeksi.fi\/riidankylvajat\/wp-content\/uploads\/sites\/16\/2023\/01\/KEUSOTE_esittelykuva-300x107.jpg\" class=\"image wp-image-900  attachment-medium size-medium\" alt=\"\" decoding=\"async\" style=\"max-width: 100%; height: auto;\" srcset=\"https:\/\/laakiksenspeksi.fi\/riidankylvajat\/wp-content\/uploads\/sites\/16\/2023\/01\/KEUSOTE_esittelykuva-300x107.jpg 300w, https:\/\/laakiksenspeksi.fi\/riidankylvajat\/wp-content\/uploads\/sites\/16\/2023\/01\/KEUSOTE_esittelykuva-1024x364.jpg 1024w, https:\/\/laakiksenspeksi.fi\/riidankylvajat\/wp-content\/uploads\/sites\/16\/2023\/01\/KEUSOTE_esittelykuva-768x273.jpg 768w, https:\/\/laakiksenspeksi.fi\/riidankylvajat\/wp-content\/uploads\/sites\/16\/2023\/01\/KEUSOTE_esittelykuva-1536x546.jpg 1536w, https:\/\/laakiksenspeksi.fi\/riidankylvajat\/wp-content\/uploads\/sites\/16\/2023\/01\/KEUSOTE_esittelykuva-2048x729.jpg 2048w\" sizes=\"(max-width: 300px) 100vw, 300px\" \/><\/a><\/div><\/div><div id=\"pgc-gb504-69dadc6e2788c-4-1\"  class=\"panel-grid-cell\" ><div id=\"panel-gb504-69dadc6e2788c-4-1-0\" class=\"so-panel widget widget_text panel-first-child panel-last-child\" data-index=\"8\" >\t\t\t<div class=\"textwidget\"><p><span style=\"font-weight: 400;\">K\u00e4\u00e4nn\u00e4 katseesi kohti Keusotea ja tule edell\u00e4k\u00e4vij\u00f6iden joukkoon. Isona organisaationa, mahdollisuutemme ovat my\u00f6s sen mukaiset. Tutustu meihin ja mahdollisuuksiimme lis\u00e4\u00e4 osoitteessa. <\/span><a style=\"color: #357a38;\" href=\"http:\/\/www.keusote.fi\/laakarirekry\" target=\"_blank\" rel=\"noopener\"><span style=\"font-weight: 400; color: #357a38;\">www.keusote.fi\/laakarirekry<\/span><\/a><\/p>\n<\/div>\n\t\t<\/div><\/div><\/div><div id=\"pg-gb504-69dadc6e2788c-5\"  class=\"panel-grid panel-no-style\" ><div id=\"pgc-gb504-69dadc6e2788c-5-0\"  class=\"panel-grid-cell\" ><div id=\"panel-gb504-69dadc6e2788c-5-0-0\" class=\"so-panel widget widget_media_image panel-first-child panel-last-child\" data-index=\"9\" ><a href=\"https:\/\/www.hyvinvointiala.fi\/\"><img loading=\"lazy\" width=\"300\" height=\"86\" src=\"https:\/\/laakiksenspeksi.fi\/riidankylvajat\/wp-content\/uploads\/sites\/16\/2023\/01\/HALI-Vaakalogo_RGB-300x86.png\" class=\"image wp-image-898  attachment-medium size-medium\" alt=\"\" decoding=\"async\" style=\"max-width: 100%; height: auto;\" srcset=\"https:\/\/laakiksenspeksi.fi\/riidankylvajat\/wp-content\/uploads\/sites\/16\/2023\/01\/HALI-Vaakalogo_RGB-300x86.png 300w, https:\/\/laakiksenspeksi.fi\/riidankylvajat\/wp-content\/uploads\/sites\/16\/2023\/01\/HALI-Vaakalogo_RGB.png 326w\" sizes=\"(max-width: 300px) 100vw, 300px\" \/><\/a><\/div><\/div><div id=\"pgc-gb504-69dadc6e2788c-5-1\"  class=\"panel-grid-cell\" ><div id=\"panel-gb504-69dadc6e2788c-5-1-0\" class=\"so-panel widget widget_text panel-first-child panel-last-child\" data-index=\"10\" >\t\t\t<div class=\"textwidget\"><p><span style=\"font-weight: 400;\">Hyvinvointiala HALI ry on johtava asiantuntija, joka tarjoaa ratkaisuja hyvinvoinnin turvaamiseen. HALI neuvottelee alan yleissitovat ty\u00f6ehtosopimukset sek\u00e4 huolehtii j\u00e4sentens\u00e4 edunvalvonnasta. Lue lis\u00e4\u00e4 osoitteesta <\/span><a style=\"color: #357a38;\" href=\"https:\/\/www.hyvinvointiala.fi\/\" target=\"_blank\" rel=\"noopener\"><span style=\"font-weight: 400; color: #357a38;\">www.hyvinvointiala.fi<\/span><\/a><\/p>\n<\/div>\n\t\t<\/div><\/div><\/div><\/div><\/div>\n<\/div><\/div>\n","protected":false},"excerpt":{"rendered":"","protected":false},"author":5,"featured_media":0,"parent":0,"menu_order":0,"comment_status":"closed","ping_status":"closed","template":"","meta":{"_mi_skip_tracking":false,"neve_meta_sidebar":"","neve_meta_container":"","neve_meta_enable_content_width":"","neve_meta_content_width":0,"neve_meta_title_alignment":"","neve_meta_author_avatar":"","neve_post_elements_order":"","neve_meta_disable_header":"","neve_meta_disable_footer":"","neve_meta_disable_title":"","_themeisle_gutenberg_block_has_review":false,"_ti_tpc_template_sync":false,"_ti_tpc_template_id":"","footnotes":""},"aioseo_notices":[],"yoast_head":"<!-- This site is optimized with the Yoast SEO plugin v19.13 - https:\/\/yoast.com\/wordpress\/plugins\/seo\/ -->\n<title>Yhteisty\u00f6ss\u00e4 - Riidankylv\u00e4j\u00e4t<\/title>\n<meta name=\"robots\" content=\"index, follow, max-snippet:-1, max-image-preview:large, max-video-preview:-1\" \/>\n<link rel=\"canonical\" href=\"https:\/\/laakiksenspeksi.fi\/riidankylvajat\/yhteistyossa\/\" \/>\n<meta property=\"og:locale\" content=\"fi_FI\" \/>\n<meta property=\"og:type\" content=\"article\" \/>\n<meta property=\"og:title\" content=\"Yhteisty\u00f6ss\u00e4 - Riidankylv\u00e4j\u00e4t\" \/>\n<meta property=\"og:url\" content=\"https:\/\/laakiksenspeksi.fi\/riidankylvajat\/yhteistyossa\/\" \/>\n<meta property=\"og:site_name\" content=\"Riidankylv\u00e4j\u00e4t\" \/>\n<meta property=\"article:modified_time\" content=\"2023-11-06T13:41:56+00:00\" \/>\n<meta property=\"og:image\" content=\"https:\/\/laakiksenspeksi.fi\/riidankylvajat\/wp-content\/uploads\/sites\/16\/2023\/01\/Osgenic-Logo@2x-2-300x41.png\" \/>\n<meta name=\"twitter:card\" content=\"summary_large_image\" \/>\n<meta name=\"twitter:label1\" content=\"Arvioitu lukuaika\" \/>\n\t<meta name=\"twitter:data1\" content=\"2 minuuttia\" \/>\n<script type=\"application\/ld+json\" class=\"yoast-schema-graph\">{\"@context\":\"https:\/\/schema.org\",\"@graph\":[{\"@type\":\"WebPage\",\"@id\":\"https:\/\/laakiksenspeksi.fi\/riidankylvajat\/yhteistyossa\/\",\"url\":\"https:\/\/laakiksenspeksi.fi\/riidankylvajat\/yhteistyossa\/\",\"name\":\"Yhteisty\u00f6ss\u00e4 - Riidankylv\u00e4j\u00e4t\",\"isPartOf\":{\"@id\":\"https:\/\/laakiksenspeksi.fi\/riidankylvajat\/#website\"},\"datePublished\":\"2022-12-24T10:59:32+00:00\",\"dateModified\":\"2023-11-06T13:41:56+00:00\",\"breadcrumb\":{\"@id\":\"https:\/\/laakiksenspeksi.fi\/riidankylvajat\/yhteistyossa\/#breadcrumb\"},\"inLanguage\":\"fi\",\"potentialAction\":[{\"@type\":\"ReadAction\",\"target\":[\"https:\/\/laakiksenspeksi.fi\/riidankylvajat\/yhteistyossa\/\"]}]},{\"@type\":\"BreadcrumbList\",\"@id\":\"https:\/\/laakiksenspeksi.fi\/riidankylvajat\/yhteistyossa\/#breadcrumb\",\"itemListElement\":[{\"@type\":\"ListItem\",\"position\":1,\"name\":\"Etusivu\",\"item\":\"https:\/\/laakiksenspeksi.fi\/riidankylvajat\/\"},{\"@type\":\"ListItem\",\"position\":2,\"name\":\"Yhteisty\u00f6ss\u00e4\"}]},{\"@type\":\"WebSite\",\"@id\":\"https:\/\/laakiksenspeksi.fi\/riidankylvajat\/#website\",\"url\":\"https:\/\/laakiksenspeksi.fi\/riidankylvajat\/\",\"name\":\"Riidankylv\u00e4j\u00e4t\",\"description\":\"Helsingin L\u00e4\u00e4kiksen Speksi 2023 - Riidankylv\u00e4j\u00e4t\",\"potentialAction\":[{\"@type\":\"SearchAction\",\"target\":{\"@type\":\"EntryPoint\",\"urlTemplate\":\"https:\/\/laakiksenspeksi.fi\/riidankylvajat\/?s={search_term_string}\"},\"query-input\":\"required name=search_term_string\"}],\"inLanguage\":\"fi\"}]}<\/script>\n<!-- \/ Yoast SEO plugin. -->","yoast_head_json":{"title":"Yhteisty\u00f6ss\u00e4 - Riidankylv\u00e4j\u00e4t","robots":{"index":"index","follow":"follow","max-snippet":"max-snippet:-1","max-image-preview":"max-image-preview:large","max-video-preview":"max-video-preview:-1"},"canonical":"https:\/\/laakiksenspeksi.fi\/riidankylvajat\/yhteistyossa\/","og_locale":"fi_FI","og_type":"article","og_title":"Yhteisty\u00f6ss\u00e4 - Riidankylv\u00e4j\u00e4t","og_url":"https:\/\/laakiksenspeksi.fi\/riidankylvajat\/yhteistyossa\/","og_site_name":"Riidankylv\u00e4j\u00e4t","article_modified_time":"2023-11-06T13:41:56+00:00","og_image":[{"url":"https:\/\/laakiksenspeksi.fi\/riidankylvajat\/wp-content\/uploads\/sites\/16\/2023\/01\/Osgenic-Logo@2x-2-300x41.png"}],"twitter_card":"summary_large_image","twitter_misc":{"Arvioitu lukuaika":"2 minuuttia"},"schema":{"@context":"https:\/\/schema.org","@graph":[{"@type":"WebPage","@id":"https:\/\/laakiksenspeksi.fi\/riidankylvajat\/yhteistyossa\/","url":"https:\/\/laakiksenspeksi.fi\/riidankylvajat\/yhteistyossa\/","name":"Yhteisty\u00f6ss\u00e4 - Riidankylv\u00e4j\u00e4t","isPartOf":{"@id":"https:\/\/laakiksenspeksi.fi\/riidankylvajat\/#website"},"datePublished":"2022-12-24T10:59:32+00:00","dateModified":"2023-11-06T13:41:56+00:00","breadcrumb":{"@id":"https:\/\/laakiksenspeksi.fi\/riidankylvajat\/yhteistyossa\/#breadcrumb"},"inLanguage":"fi","potentialAction":[{"@type":"ReadAction","target":["https:\/\/laakiksenspeksi.fi\/riidankylvajat\/yhteistyossa\/"]}]},{"@type":"BreadcrumbList","@id":"https:\/\/laakiksenspeksi.fi\/riidankylvajat\/yhteistyossa\/#breadcrumb","itemListElement":[{"@type":"ListItem","position":1,"name":"Etusivu","item":"https:\/\/laakiksenspeksi.fi\/riidankylvajat\/"},{"@type":"ListItem","position":2,"name":"Yhteisty\u00f6ss\u00e4"}]},{"@type":"WebSite","@id":"https:\/\/laakiksenspeksi.fi\/riidankylvajat\/#website","url":"https:\/\/laakiksenspeksi.fi\/riidankylvajat\/","name":"Riidankylv\u00e4j\u00e4t","description":"Helsingin L\u00e4\u00e4kiksen Speksi 2023 - Riidankylv\u00e4j\u00e4t","potentialAction":[{"@type":"SearchAction","target":{"@type":"EntryPoint","urlTemplate":"https:\/\/laakiksenspeksi.fi\/riidankylvajat\/?s={search_term_string}"},"query-input":"required name=search_term_string"}],"inLanguage":"fi"}]}},"_links":{"self":[{"href":"https:\/\/laakiksenspeksi.fi\/riidankylvajat\/wp-json\/wp\/v2\/pages\/504"}],"collection":[{"href":"https:\/\/laakiksenspeksi.fi\/riidankylvajat\/wp-json\/wp\/v2\/pages"}],"about":[{"href":"https:\/\/laakiksenspeksi.fi\/riidankylvajat\/wp-json\/wp\/v2\/types\/page"}],"author":[{"embeddable":true,"href":"https:\/\/laakiksenspeksi.fi\/riidankylvajat\/wp-json\/wp\/v2\/users\/5"}],"replies":[{"embeddable":true,"href":"https:\/\/laakiksenspeksi.fi\/riidankylvajat\/wp-json\/wp\/v2\/comments?post=504"}],"version-history":[{"count":75,"href":"https:\/\/laakiksenspeksi.fi\/riidankylvajat\/wp-json\/wp\/v2\/pages\/504\/revisions"}],"predecessor-version":[{"id":1056,"href":"https:\/\/laakiksenspeksi.fi\/riidankylvajat\/wp-json\/wp\/v2\/pages\/504\/revisions\/1056"}],"wp:attachment":[{"href":"https:\/\/laakiksenspeksi.fi\/riidankylvajat\/wp-json\/wp\/v2\/media?parent=504"}],"curies":[{"name":"wp","href":"https:\/\/api.w.org\/{rel}","templated":true}]}}