{"id":1506,"date":"2022-03-29T15:04:54","date_gmt":"2022-03-29T12:04:54","guid":{"rendered":"https:\/\/laakiksenspeksi.fi\/speksi1\/?page_id=1506"},"modified":"2023-08-22T17:00:31","modified_gmt":"2023-08-22T14:00:31","slug":"saannot","status":"publish","type":"page","link":"https:\/\/laakiksenspeksi.fi\/speksi\/saannot\/","title":{"rendered":"Helsingin L\u00e4\u00e4kiksen Speksi ry:n s\u00e4\u00e4nn\u00f6t"},"content":{"rendered":"\n<div class=\"wp-block-file\"><object class=\"wp-block-file__embed\" data=\"https:\/\/laakiksenspeksi.fi\/speksi\/wp-content\/uploads\/sites\/15\/2023\/08\/speksi_saannot.pdf\" type=\"application\/pdf\" style=\"width:100%;height:600px\" aria-label=\"Tiedoston Speksi_Saannot upotus.\"><\/object><a id=\"wp-block-file--media-7cb0c125-7e8b-4bdc-921c-48984936beb8\" href=\"https:\/\/laakiksenspeksi.fi\/speksi\/wp-content\/uploads\/sites\/15\/2023\/08\/speksi_saannot.pdf\">Speksi_Saannot<\/a><a href=\"https:\/\/laakiksenspeksi.fi\/speksi\/wp-content\/uploads\/sites\/15\/2023\/08\/speksi_saannot.pdf\" class=\"wp-block-file__button wp-element-button\" download aria-describedby=\"wp-block-file--media-7cb0c125-7e8b-4bdc-921c-48984936beb8\">Lataa<\/a><\/div>\n","protected":false},"excerpt":{"rendered":"","protected":false},"author":5,"featured_media":0,"parent":0,"menu_order":0,"comment_status":"closed","ping_status":"closed","template":"","meta":{"_mi_skip_tracking":false,"_ti_tpc_template_sync":false,"_ti_tpc_template_id":"","footnotes":""},"aioseo_notices":[],"yoast_head":"<!-- This site is optimized with the Yoast SEO plugin v19.13 - https:\/\/yoast.com\/wordpress\/plugins\/seo\/ -->\n<title>Helsingin L\u00e4\u00e4kiksen Speksi ry:n s\u00e4\u00e4nn\u00f6t - Helsingin L\u00e4\u00e4kiksen Speksi<\/title>\n<meta name=\"robots\" content=\"index, follow, max-snippet:-1, max-image-preview:large, max-video-preview:-1\" \/>\n<link rel=\"canonical\" href=\"https:\/\/laakiksenspeksi.fi\/speksi\/saannot\/\" \/>\n<meta property=\"og:locale\" content=\"fi_FI\" \/>\n<meta property=\"og:type\" content=\"article\" \/>\n<meta property=\"og:title\" content=\"Helsingin L\u00e4\u00e4kiksen Speksi ry:n s\u00e4\u00e4nn\u00f6t - Helsingin L\u00e4\u00e4kiksen Speksi\" \/>\n<meta property=\"og:url\" content=\"https:\/\/laakiksenspeksi.fi\/speksi\/saannot\/\" \/>\n<meta property=\"og:site_name\" content=\"Helsingin L\u00e4\u00e4kiksen Speksi\" \/>\n<meta property=\"article:modified_time\" content=\"2023-08-22T14:00:31+00:00\" \/>\n<meta name=\"twitter:card\" content=\"summary_large_image\" \/>\n<meta name=\"twitter:label1\" content=\"Arvioitu lukuaika\" \/>\n\t<meta name=\"twitter:data1\" content=\"1 minuutti\" \/>\n<script type=\"application\/ld+json\" class=\"yoast-schema-graph\">{\"@context\":\"https:\/\/schema.org\",\"@graph\":[{\"@type\":\"WebPage\",\"@id\":\"https:\/\/laakiksenspeksi.fi\/speksi\/saannot\/\",\"url\":\"https:\/\/laakiksenspeksi.fi\/speksi\/saannot\/\",\"name\":\"Helsingin L\u00e4\u00e4kiksen Speksi ry:n s\u00e4\u00e4nn\u00f6t - Helsingin L\u00e4\u00e4kiksen Speksi\",\"isPartOf\":{\"@id\":\"https:\/\/laakiksenspeksi.fi\/speksi\/#website\"},\"datePublished\":\"2022-03-29T12:04:54+00:00\",\"dateModified\":\"2023-08-22T14:00:31+00:00\",\"breadcrumb\":{\"@id\":\"https:\/\/laakiksenspeksi.fi\/speksi\/saannot\/#breadcrumb\"},\"inLanguage\":\"fi\",\"potentialAction\":[{\"@type\":\"ReadAction\",\"target\":[\"https:\/\/laakiksenspeksi.fi\/speksi\/saannot\/\"]}]},{\"@type\":\"BreadcrumbList\",\"@id\":\"https:\/\/laakiksenspeksi.fi\/speksi\/saannot\/#breadcrumb\",\"itemListElement\":[{\"@type\":\"ListItem\",\"position\":1,\"name\":\"Home\",\"item\":\"https:\/\/laakiksenspeksi.fi\/speksi\/\"},{\"@type\":\"ListItem\",\"position\":2,\"name\":\"Helsingin L\u00e4\u00e4kiksen Speksi ry:n s\u00e4\u00e4nn\u00f6t\"}]},{\"@type\":\"WebSite\",\"@id\":\"https:\/\/laakiksenspeksi.fi\/speksi\/#website\",\"url\":\"https:\/\/laakiksenspeksi.fi\/speksi\/\",\"name\":\"Helsingin L\u00e4\u00e4kiksen Speksi\",\"description\":\"\",\"publisher\":{\"@id\":\"https:\/\/laakiksenspeksi.fi\/speksi\/#organization\"},\"potentialAction\":[{\"@type\":\"SearchAction\",\"target\":{\"@type\":\"EntryPoint\",\"urlTemplate\":\"https:\/\/laakiksenspeksi.fi\/speksi\/?s={search_term_string}\"},\"query-input\":\"required name=search_term_string\"}],\"inLanguage\":\"fi\"},{\"@type\":\"Organization\",\"@id\":\"https:\/\/laakiksenspeksi.fi\/speksi\/#organization\",\"name\":\"Helsingin L\u00e4\u00e4kiksen Speksi\",\"url\":\"https:\/\/laakiksenspeksi.fi\/speksi\/\",\"logo\":{\"@type\":\"ImageObject\",\"inLanguage\":\"fi\",\"@id\":\"https:\/\/laakiksenspeksi.fi\/speksi\/#\/schema\/logo\/image\/\",\"url\":\"https:\/\/laakiksenspeksi.fi\/speksi\/wp-content\/uploads\/sites\/15\/2022\/04\/cropped-kropattulintu.png\",\"contentUrl\":\"https:\/\/laakiksenspeksi.fi\/speksi\/wp-content\/uploads\/sites\/15\/2022\/04\/cropped-kropattulintu.png\",\"width\":542,\"height\":472,\"caption\":\"Helsingin L\u00e4\u00e4kiksen Speksi\"},\"image\":{\"@id\":\"https:\/\/laakiksenspeksi.fi\/speksi\/#\/schema\/logo\/image\/\"}}]}<\/script>\n<!-- \/ Yoast SEO plugin. -->","yoast_head_json":{"title":"Helsingin L\u00e4\u00e4kiksen Speksi ry:n s\u00e4\u00e4nn\u00f6t - Helsingin L\u00e4\u00e4kiksen Speksi","robots":{"index":"index","follow":"follow","max-snippet":"max-snippet:-1","max-image-preview":"max-image-preview:large","max-video-preview":"max-video-preview:-1"},"canonical":"https:\/\/laakiksenspeksi.fi\/speksi\/saannot\/","og_locale":"fi_FI","og_type":"article","og_title":"Helsingin L\u00e4\u00e4kiksen Speksi ry:n s\u00e4\u00e4nn\u00f6t - Helsingin L\u00e4\u00e4kiksen Speksi","og_url":"https:\/\/laakiksenspeksi.fi\/speksi\/saannot\/","og_site_name":"Helsingin L\u00e4\u00e4kiksen Speksi","article_modified_time":"2023-08-22T14:00:31+00:00","twitter_card":"summary_large_image","twitter_misc":{"Arvioitu lukuaika":"1 minuutti"},"schema":{"@context":"https:\/\/schema.org","@graph":[{"@type":"WebPage","@id":"https:\/\/laakiksenspeksi.fi\/speksi\/saannot\/","url":"https:\/\/laakiksenspeksi.fi\/speksi\/saannot\/","name":"Helsingin L\u00e4\u00e4kiksen Speksi ry:n s\u00e4\u00e4nn\u00f6t - Helsingin L\u00e4\u00e4kiksen Speksi","isPartOf":{"@id":"https:\/\/laakiksenspeksi.fi\/speksi\/#website"},"datePublished":"2022-03-29T12:04:54+00:00","dateModified":"2023-08-22T14:00:31+00:00","breadcrumb":{"@id":"https:\/\/laakiksenspeksi.fi\/speksi\/saannot\/#breadcrumb"},"inLanguage":"fi","potentialAction":[{"@type":"ReadAction","target":["https:\/\/laakiksenspeksi.fi\/speksi\/saannot\/"]}]},{"@type":"BreadcrumbList","@id":"https:\/\/laakiksenspeksi.fi\/speksi\/saannot\/#breadcrumb","itemListElement":[{"@type":"ListItem","position":1,"name":"Home","item":"https:\/\/laakiksenspeksi.fi\/speksi\/"},{"@type":"ListItem","position":2,"name":"Helsingin L\u00e4\u00e4kiksen Speksi ry:n s\u00e4\u00e4nn\u00f6t"}]},{"@type":"WebSite","@id":"https:\/\/laakiksenspeksi.fi\/speksi\/#website","url":"https:\/\/laakiksenspeksi.fi\/speksi\/","name":"Helsingin L\u00e4\u00e4kiksen Speksi","description":"","publisher":{"@id":"https:\/\/laakiksenspeksi.fi\/speksi\/#organization"},"potentialAction":[{"@type":"SearchAction","target":{"@type":"EntryPoint","urlTemplate":"https:\/\/laakiksenspeksi.fi\/speksi\/?s={search_term_string}"},"query-input":"required name=search_term_string"}],"inLanguage":"fi"},{"@type":"Organization","@id":"https:\/\/laakiksenspeksi.fi\/speksi\/#organization","name":"Helsingin L\u00e4\u00e4kiksen Speksi","url":"https:\/\/laakiksenspeksi.fi\/speksi\/","logo":{"@type":"ImageObject","inLanguage":"fi","@id":"https:\/\/laakiksenspeksi.fi\/speksi\/#\/schema\/logo\/image\/","url":"https:\/\/laakiksenspeksi.fi\/speksi\/wp-content\/uploads\/sites\/15\/2022\/04\/cropped-kropattulintu.png","contentUrl":"https:\/\/laakiksenspeksi.fi\/speksi\/wp-content\/uploads\/sites\/15\/2022\/04\/cropped-kropattulintu.png","width":542,"height":472,"caption":"Helsingin L\u00e4\u00e4kiksen Speksi"},"image":{"@id":"https:\/\/laakiksenspeksi.fi\/speksi\/#\/schema\/logo\/image\/"}}]}},"_links":{"self":[{"href":"https:\/\/laakiksenspeksi.fi\/speksi\/wp-json\/wp\/v2\/pages\/1506"}],"collection":[{"href":"https:\/\/laakiksenspeksi.fi\/speksi\/wp-json\/wp\/v2\/pages"}],"about":[{"href":"https:\/\/laakiksenspeksi.fi\/speksi\/wp-json\/wp\/v2\/types\/page"}],"author":[{"embeddable":true,"href":"https:\/\/laakiksenspeksi.fi\/speksi\/wp-json\/wp\/v2\/users\/5"}],"replies":[{"embeddable":true,"href":"https:\/\/laakiksenspeksi.fi\/speksi\/wp-json\/wp\/v2\/comments?post=1506"}],"version-history":[{"count":6,"href":"https:\/\/laakiksenspeksi.fi\/speksi\/wp-json\/wp\/v2\/pages\/1506\/revisions"}],"predecessor-version":[{"id":1725,"href":"https:\/\/laakiksenspeksi.fi\/speksi\/wp-json\/wp\/v2\/pages\/1506\/revisions\/1725"}],"wp:attachment":[{"href":"https:\/\/laakiksenspeksi.fi\/speksi\/wp-json\/wp\/v2\/media?parent=1506"}],"curies":[{"name":"wp","href":"https:\/\/api.w.org\/{rel}","templated":true}]}}