{"id":1764,"date":"2023-11-08T14:56:54","date_gmt":"2023-11-08T12:56:54","guid":{"rendered":"https:\/\/laakiksenspeksi.fi\/speksi\/?page_id=1764"},"modified":"2026-02-18T13:29:51","modified_gmt":"2026-02-18T11:29:51","slug":"laskutustiedot","status":"publish","type":"page","link":"https:\/\/laakiksenspeksi.fi\/speksi\/laskutustiedot\/","title":{"rendered":"L\u00e4\u00e4kiksen speksin laskutustiedot"},"content":{"rendered":"\n<p>Helsingin L\u00e4\u00e4kiksen Speksi ry<br>Y-tunnus: 1952055-9<\/p>\n\n\n\n<p>Verkkolaskutusosoitteemme on:<br>Verkkolaskuosoite (OVT-tunnus): 003719520559<br>Verkkolaskuoperaattori: Maventa<br>Operaattorin v\u00e4litt\u00e4j\u00e4n tunnus: 003721291126 (DABAFIHH)<\/p>\n\n\n\n<p>Mik\u00e4li ette pysty toimittamaan verkkolaskua, niin PDF-laskun voi l\u00e4hett\u00e4\u00e4 osoitteeseen talous@laakiksenspeksi.fi. Paperilaskuja emme vastaanota. <\/p>\n\n\n\n<p>Minimimaksuehto verkko- ja s\u00e4hk\u00f6postilaskuille on 14 p\u00e4iv\u00e4\u00e4 netto, ellei muuta ole sovittu.<\/p>\n","protected":false},"excerpt":{"rendered":"<p>Helsingin L\u00e4\u00e4kiksen Speksi ryY-tunnus: 1952055-9 Verkkolaskutusosoitteemme on:Verkkolaskuosoite (OVT-tunnus): 003719520559Verkkolaskuoperaattori: MaventaOperaattorin v\u00e4litt\u00e4j\u00e4n tunnus: 003721291126 (DABAFIHH) Mik\u00e4li ette pysty toimittamaan verkkolaskua, niin PDF-laskun voi l\u00e4hett\u00e4\u00e4 osoitteeseen talous@laakiksenspeksi.fi. Paperilaskuja emme vastaanota. Minimimaksuehto verkko- ja s\u00e4hk\u00f6postilaskuille on 14 p\u00e4iv\u00e4\u00e4 netto, ellei muuta ole sovittu.<\/p>\n","protected":false},"author":9,"featured_media":0,"parent":0,"menu_order":0,"comment_status":"closed","ping_status":"closed","template":"","meta":{"_mi_skip_tracking":false,"_ti_tpc_template_sync":false,"_ti_tpc_template_id":"","footnotes":""},"aioseo_notices":[],"yoast_head":"<!-- This site is optimized with the Yoast SEO plugin v19.13 - https:\/\/yoast.com\/wordpress\/plugins\/seo\/ -->\n<title>L\u00e4\u00e4kiksen speksin laskutustiedot - Helsingin L\u00e4\u00e4kiksen Speksi<\/title>\n<meta name=\"robots\" content=\"index, follow, max-snippet:-1, max-image-preview:large, max-video-preview:-1\" \/>\n<link rel=\"canonical\" href=\"https:\/\/laakiksenspeksi.fi\/speksi\/laskutustiedot\/\" \/>\n<meta property=\"og:locale\" content=\"fi_FI\" \/>\n<meta property=\"og:type\" content=\"article\" \/>\n<meta property=\"og:title\" content=\"L\u00e4\u00e4kiksen speksin laskutustiedot - Helsingin L\u00e4\u00e4kiksen Speksi\" \/>\n<meta property=\"og:description\" content=\"Helsingin L\u00e4\u00e4kiksen Speksi ryY-tunnus: 1952055-9 Verkkolaskutusosoitteemme on:Verkkolaskuosoite (OVT-tunnus): 003719520559Verkkolaskuoperaattori: MaventaOperaattorin v\u00e4litt\u00e4j\u00e4n tunnus: 003721291126 (DABAFIHH) Mik\u00e4li ette pysty toimittamaan verkkolaskua, niin PDF-laskun voi l\u00e4hett\u00e4\u00e4 osoitteeseen talous@laakiksenspeksi.fi. Paperilaskuja emme vastaanota. Minimimaksuehto verkko- ja s\u00e4hk\u00f6postilaskuille on 14 p\u00e4iv\u00e4\u00e4 netto, ellei muuta ole sovittu.\" \/>\n<meta property=\"og:url\" content=\"https:\/\/laakiksenspeksi.fi\/speksi\/laskutustiedot\/\" \/>\n<meta property=\"og:site_name\" content=\"Helsingin L\u00e4\u00e4kiksen Speksi\" \/>\n<meta property=\"article:modified_time\" content=\"2026-02-18T11:29:51+00:00\" \/>\n<meta name=\"twitter:card\" content=\"summary_large_image\" \/>\n<script type=\"application\/ld+json\" class=\"yoast-schema-graph\">{\"@context\":\"https:\/\/schema.org\",\"@graph\":[{\"@type\":\"WebPage\",\"@id\":\"https:\/\/laakiksenspeksi.fi\/speksi\/laskutustiedot\/\",\"url\":\"https:\/\/laakiksenspeksi.fi\/speksi\/laskutustiedot\/\",\"name\":\"L\u00e4\u00e4kiksen speksin laskutustiedot - Helsingin L\u00e4\u00e4kiksen Speksi\",\"isPartOf\":{\"@id\":\"https:\/\/laakiksenspeksi.fi\/speksi\/#website\"},\"datePublished\":\"2023-11-08T12:56:54+00:00\",\"dateModified\":\"2026-02-18T11:29:51+00:00\",\"breadcrumb\":{\"@id\":\"https:\/\/laakiksenspeksi.fi\/speksi\/laskutustiedot\/#breadcrumb\"},\"inLanguage\":\"fi\",\"potentialAction\":[{\"@type\":\"ReadAction\",\"target\":[\"https:\/\/laakiksenspeksi.fi\/speksi\/laskutustiedot\/\"]}]},{\"@type\":\"BreadcrumbList\",\"@id\":\"https:\/\/laakiksenspeksi.fi\/speksi\/laskutustiedot\/#breadcrumb\",\"itemListElement\":[{\"@type\":\"ListItem\",\"position\":1,\"name\":\"Home\",\"item\":\"https:\/\/laakiksenspeksi.fi\/speksi\/\"},{\"@type\":\"ListItem\",\"position\":2,\"name\":\"L\u00e4\u00e4kiksen speksin laskutustiedot\"}]},{\"@type\":\"WebSite\",\"@id\":\"https:\/\/laakiksenspeksi.fi\/speksi\/#website\",\"url\":\"https:\/\/laakiksenspeksi.fi\/speksi\/\",\"name\":\"Helsingin L\u00e4\u00e4kiksen Speksi\",\"description\":\"\",\"publisher\":{\"@id\":\"https:\/\/laakiksenspeksi.fi\/speksi\/#organization\"},\"potentialAction\":[{\"@type\":\"SearchAction\",\"target\":{\"@type\":\"EntryPoint\",\"urlTemplate\":\"https:\/\/laakiksenspeksi.fi\/speksi\/?s={search_term_string}\"},\"query-input\":\"required name=search_term_string\"}],\"inLanguage\":\"fi\"},{\"@type\":\"Organization\",\"@id\":\"https:\/\/laakiksenspeksi.fi\/speksi\/#organization\",\"name\":\"Helsingin L\u00e4\u00e4kiksen Speksi\",\"url\":\"https:\/\/laakiksenspeksi.fi\/speksi\/\",\"logo\":{\"@type\":\"ImageObject\",\"inLanguage\":\"fi\",\"@id\":\"https:\/\/laakiksenspeksi.fi\/speksi\/#\/schema\/logo\/image\/\",\"url\":\"https:\/\/laakiksenspeksi.fi\/speksi\/wp-content\/uploads\/sites\/15\/2022\/04\/cropped-kropattulintu.png\",\"contentUrl\":\"https:\/\/laakiksenspeksi.fi\/speksi\/wp-content\/uploads\/sites\/15\/2022\/04\/cropped-kropattulintu.png\",\"width\":542,\"height\":472,\"caption\":\"Helsingin L\u00e4\u00e4kiksen Speksi\"},\"image\":{\"@id\":\"https:\/\/laakiksenspeksi.fi\/speksi\/#\/schema\/logo\/image\/\"}}]}<\/script>\n<!-- \/ Yoast SEO plugin. -->","yoast_head_json":{"title":"L\u00e4\u00e4kiksen speksin laskutustiedot - Helsingin L\u00e4\u00e4kiksen Speksi","robots":{"index":"index","follow":"follow","max-snippet":"max-snippet:-1","max-image-preview":"max-image-preview:large","max-video-preview":"max-video-preview:-1"},"canonical":"https:\/\/laakiksenspeksi.fi\/speksi\/laskutustiedot\/","og_locale":"fi_FI","og_type":"article","og_title":"L\u00e4\u00e4kiksen speksin laskutustiedot - Helsingin L\u00e4\u00e4kiksen Speksi","og_description":"Helsingin L\u00e4\u00e4kiksen Speksi ryY-tunnus: 1952055-9 Verkkolaskutusosoitteemme on:Verkkolaskuosoite (OVT-tunnus): 003719520559Verkkolaskuoperaattori: MaventaOperaattorin v\u00e4litt\u00e4j\u00e4n tunnus: 003721291126 (DABAFIHH) Mik\u00e4li ette pysty toimittamaan verkkolaskua, niin PDF-laskun voi l\u00e4hett\u00e4\u00e4 osoitteeseen talous@laakiksenspeksi.fi. Paperilaskuja emme vastaanota. Minimimaksuehto verkko- ja s\u00e4hk\u00f6postilaskuille on 14 p\u00e4iv\u00e4\u00e4 netto, ellei muuta ole sovittu.","og_url":"https:\/\/laakiksenspeksi.fi\/speksi\/laskutustiedot\/","og_site_name":"Helsingin L\u00e4\u00e4kiksen Speksi","article_modified_time":"2026-02-18T11:29:51+00:00","twitter_card":"summary_large_image","schema":{"@context":"https:\/\/schema.org","@graph":[{"@type":"WebPage","@id":"https:\/\/laakiksenspeksi.fi\/speksi\/laskutustiedot\/","url":"https:\/\/laakiksenspeksi.fi\/speksi\/laskutustiedot\/","name":"L\u00e4\u00e4kiksen speksin laskutustiedot - Helsingin L\u00e4\u00e4kiksen Speksi","isPartOf":{"@id":"https:\/\/laakiksenspeksi.fi\/speksi\/#website"},"datePublished":"2023-11-08T12:56:54+00:00","dateModified":"2026-02-18T11:29:51+00:00","breadcrumb":{"@id":"https:\/\/laakiksenspeksi.fi\/speksi\/laskutustiedot\/#breadcrumb"},"inLanguage":"fi","potentialAction":[{"@type":"ReadAction","target":["https:\/\/laakiksenspeksi.fi\/speksi\/laskutustiedot\/"]}]},{"@type":"BreadcrumbList","@id":"https:\/\/laakiksenspeksi.fi\/speksi\/laskutustiedot\/#breadcrumb","itemListElement":[{"@type":"ListItem","position":1,"name":"Home","item":"https:\/\/laakiksenspeksi.fi\/speksi\/"},{"@type":"ListItem","position":2,"name":"L\u00e4\u00e4kiksen speksin laskutustiedot"}]},{"@type":"WebSite","@id":"https:\/\/laakiksenspeksi.fi\/speksi\/#website","url":"https:\/\/laakiksenspeksi.fi\/speksi\/","name":"Helsingin L\u00e4\u00e4kiksen Speksi","description":"","publisher":{"@id":"https:\/\/laakiksenspeksi.fi\/speksi\/#organization"},"potentialAction":[{"@type":"SearchAction","target":{"@type":"EntryPoint","urlTemplate":"https:\/\/laakiksenspeksi.fi\/speksi\/?s={search_term_string}"},"query-input":"required name=search_term_string"}],"inLanguage":"fi"},{"@type":"Organization","@id":"https:\/\/laakiksenspeksi.fi\/speksi\/#organization","name":"Helsingin L\u00e4\u00e4kiksen Speksi","url":"https:\/\/laakiksenspeksi.fi\/speksi\/","logo":{"@type":"ImageObject","inLanguage":"fi","@id":"https:\/\/laakiksenspeksi.fi\/speksi\/#\/schema\/logo\/image\/","url":"https:\/\/laakiksenspeksi.fi\/speksi\/wp-content\/uploads\/sites\/15\/2022\/04\/cropped-kropattulintu.png","contentUrl":"https:\/\/laakiksenspeksi.fi\/speksi\/wp-content\/uploads\/sites\/15\/2022\/04\/cropped-kropattulintu.png","width":542,"height":472,"caption":"Helsingin L\u00e4\u00e4kiksen Speksi"},"image":{"@id":"https:\/\/laakiksenspeksi.fi\/speksi\/#\/schema\/logo\/image\/"}}]}},"_links":{"self":[{"href":"https:\/\/laakiksenspeksi.fi\/speksi\/wp-json\/wp\/v2\/pages\/1764"}],"collection":[{"href":"https:\/\/laakiksenspeksi.fi\/speksi\/wp-json\/wp\/v2\/pages"}],"about":[{"href":"https:\/\/laakiksenspeksi.fi\/speksi\/wp-json\/wp\/v2\/types\/page"}],"author":[{"embeddable":true,"href":"https:\/\/laakiksenspeksi.fi\/speksi\/wp-json\/wp\/v2\/users\/9"}],"replies":[{"embeddable":true,"href":"https:\/\/laakiksenspeksi.fi\/speksi\/wp-json\/wp\/v2\/comments?post=1764"}],"version-history":[{"count":4,"href":"https:\/\/laakiksenspeksi.fi\/speksi\/wp-json\/wp\/v2\/pages\/1764\/revisions"}],"predecessor-version":[{"id":1929,"href":"https:\/\/laakiksenspeksi.fi\/speksi\/wp-json\/wp\/v2\/pages\/1764\/revisions\/1929"}],"wp:attachment":[{"href":"https:\/\/laakiksenspeksi.fi\/speksi\/wp-json\/wp\/v2\/media?parent=1764"}],"curies":[{"name":"wp","href":"https:\/\/api.w.org\/{rel}","templated":true}]}}