{"id":1883,"date":"2025-11-18T10:48:33","date_gmt":"2025-11-18T08:48:33","guid":{"rendered":"https:\/\/laakiksenspeksi.fi\/speksi\/?page_id=1883"},"modified":"2025-11-18T10:51:48","modified_gmt":"2025-11-18T08:51:48","slug":"arvot","status":"publish","type":"page","link":"https:\/\/laakiksenspeksi.fi\/speksi\/arvot\/","title":{"rendered":"Helsingin L\u00e4\u00e4kiksen Speksin arvot"},"content":{"rendered":"\n<h3 class=\"wp-block-heading\">1. Ilo tekemisest\u00e4 ja yhteis\u00f6llisyydest\u00e4 \u2013 speksin on tarkoitus olla kivaa vapaa-ajan tekemist\u00e4.<\/h3>\n\n\n\n<h3 class=\"wp-block-heading\">2. Speksi saa n\u00e4ytt\u00e4\u00e4 juuri sen kertaisilta tekij\u00f6ilt\u00e4\u00e4n.<\/h3>\n\n\n\n<ul>\n<li style=\"color:white;font-weight:500;\">Taiteellinen vapaus.<\/li>\n\n\n\n<li style=\"color:white;font-weight:500;\">Avoimuus uusille ideoille ja kritiikille.<\/li>\n<\/ul>\n\n\n\n<p>Speksi voi olla juuri niin suuri, pieni, kunnianhimoinen tai kunnianhimoton kuin sen kertaiset tekij\u00e4t p\u00e4\u00e4tt\u00e4v\u00e4t. Speksi\u00e4 ei ole pakko toteuttaa aiemmin totutulla tavalla, vaan jokaisen vuoden ty\u00f6ryhm\u00e4 saa olla avoin uusille ideoille ja suhtautua kriittisesti aiempiin toimintatapoihin.<\/p>\n\n\n\n<h3 class=\"wp-block-heading\">3. Yhdenvertaisuus, saavutettavuus ja syrjim\u00e4tt\u00f6myys.<\/h3>\n\n\n\n<ul>\n<li style=\"color:white;font-weight:500;\">Yleisen syrjim\u00e4tt\u00f6myysperiaatteen lis\u00e4ksi emme syrji tiimin, speksi-i\u00e4n tai<br>opiskelulinjan perusteella.<\/li>\n\n\n\n<li style=\"color:white;font-weight:500;\">Jokaisella on mahdollisuus p\u00e4\u00e4st\u00e4 speksiyhteis\u00f6\u00f6n mukaan.<\/li>\n\n\n\n<li style=\"color:white;font-weight:500;\">Avoimuus, l\u00e4pin\u00e4kyvyys ja turhan salailun v\u00e4ltt\u00e4minen.<\/li>\n\n\n\n<li style=\"color:white;font-weight:500;\">Keskustelevuus ja kompromissit<br>Jokainen speksaaja on arvokas ja yhdenvertainen. Vastustamme syrjint\u00e4\u00e4 aktiivisesti.<\/li>\n<\/ul>\n\n\n\n<p>Speksiyhteis\u00f6n erityispiirteen\u00e4 emme my\u00f6sk\u00e4\u00e4n hyv\u00e4ksy syrjint\u00e4\u00e4 yksil\u00f6n tiimin, speksi-i\u00e4n tai opiskelulinjan perusteella. Jokaiselle halukkaalle tiedekuntamme perustutkinto-opiskelijalle tulee mahdollistaa osallistuminen speksiyhteis\u00f6n toimintaan jossain muodossa. Pyrimme toiminnassamme, kuten henkil\u00f6valinnoissa ja hallituksen toiminnassa, avoimuuteen ja l\u00e4pin\u00e4kyvyyteen. Ristiriitatilanteissa tapamme toimia on keskustelu ja kompromissit.<\/p>\n\n\n\n<h3 class=\"wp-block-heading\">4. Kest\u00e4vyys.<\/h3>\n\n\n\n<ul>\n<li style=\"color:white;font-weight:500;\">Ekologinen ja sosiaalinen kest\u00e4vyys.<\/li>\n\n\n\n<li style=\"color:white;font-weight:500;\">Tiedemy\u00f6nteisyys ja ammattietiikka.<\/li>\n<\/ul>\n\n\n\n<p>Speksi pyrkii minimoimaan toiminnassaan aiheutuvat ymp\u00e4rist\u00f6haitat. Speksi kantaa toiminnassaan sosiaalisen vastuun, eik\u00e4 esimerkiksi tee yhteisty\u00f6t\u00e4 ep\u00e4kest\u00e4vien tahojen kanssa tai hanki materiaaleja t\u00e4llaisilta tahoilta. Speksi ei levit\u00e4 tutkitun tiedon kanssa ristiriidassa olevaa informaatiota. Toimimme terveydenhuollon ammattieettisten periaatteiden mukaisesti esimerkiksi potilaiden kunnioittamisen ja kollegiaalisuusperiaatteen huomioiden.<\/p>\n\n\n\n<h3 class=\"wp-block-heading\">5. Jatkuvuus.<\/h3>\n\n\n\n<ul>\n<li style=\"color:white;font-weight:500;\">Taloudellinen jatkuvuus.<\/li>\n\n\n\n<li style=\"color:white;font-weight:500;\">Jatkuvuus yhteisty\u00f6suhteissa.<\/li>\n\n\n\n<li style=\"color:white;font-weight:500;\">Jatkuvuuden turvaaminen henkil\u00f6valinnoissa.<\/li>\n<\/ul>\n\n\n\n<p>Speksin tekemisest\u00e4 nauttiminen tulee olla mahdollista my\u00f6s tulevaisuudessa. T\u00e4st\u00e4 huolehtiaksemme k\u00e4yt\u00e4mme taloudellisia ja aineellisia resurssejamme kest\u00e4v\u00e4sti. Toimimme yhteisty\u00f6suhteissamme tavalla, joka mahdollistaa speksaamisen jatkossakin. Henkil\u00f6valinnoissa ymm\u00e4rr\u00e4mme sek\u00e4 j\u00e4rjest\u00f6muistin ett\u00e4 uusien tekij\u00f6iden t\u00e4rkeyden. Emme suosi tiimivalinoissa uusia tai vanhoja speksaajia toistensa kustannuksella.<\/p>\n\n\n\n<p><em>Arvot hyv\u00e4ksytty 13.11.2024<\/em><\/p>\n","protected":false},"excerpt":{"rendered":"<p>1. Ilo tekemisest\u00e4 ja yhteis\u00f6llisyydest\u00e4 \u2013 speksin on tarkoitus olla kivaa vapaa-ajan tekemist\u00e4. 2. Speksi saa n\u00e4ytt\u00e4\u00e4 juuri sen kertaisilta tekij\u00f6ilt\u00e4\u00e4n. Speksi voi olla juuri niin suuri, pieni, kunnianhimoinen tai kunnianhimoton kuin sen kertaiset tekij\u00e4t p\u00e4\u00e4tt\u00e4v\u00e4t. Speksi\u00e4 ei ole pakko toteuttaa aiemmin totutulla tavalla, vaan jokaisen vuoden ty\u00f6ryhm\u00e4 saa olla avoin uusille ideoille ja suhtautua<\/p>\n<div><a class=\"btn-filled btn\" href=\"https:\/\/laakiksenspeksi.fi\/speksi\/arvot\/\" title=\"Helsingin L\u00e4\u00e4kiksen Speksin arvot\">Read More<\/a><\/div>\n","protected":false},"author":11,"featured_media":0,"parent":0,"menu_order":0,"comment_status":"closed","ping_status":"closed","template":"","meta":{"_mi_skip_tracking":false,"_ti_tpc_template_sync":false,"_ti_tpc_template_id":"","footnotes":""},"aioseo_notices":[],"yoast_head":"<!-- This site is optimized with the Yoast SEO plugin v19.13 - https:\/\/yoast.com\/wordpress\/plugins\/seo\/ -->\n<title>Helsingin L\u00e4\u00e4kiksen Speksin arvot - Helsingin L\u00e4\u00e4kiksen Speksi<\/title>\n<meta name=\"robots\" content=\"index, follow, max-snippet:-1, max-image-preview:large, max-video-preview:-1\" \/>\n<link rel=\"canonical\" href=\"https:\/\/laakiksenspeksi.fi\/speksi\/arvot\/\" \/>\n<meta property=\"og:locale\" content=\"fi_FI\" \/>\n<meta property=\"og:type\" content=\"article\" \/>\n<meta property=\"og:title\" content=\"Helsingin L\u00e4\u00e4kiksen Speksin arvot - Helsingin L\u00e4\u00e4kiksen Speksi\" \/>\n<meta property=\"og:description\" content=\"1. Ilo tekemisest\u00e4 ja yhteis\u00f6llisyydest\u00e4 \u2013 speksin on tarkoitus olla kivaa vapaa-ajan tekemist\u00e4. 2. Speksi saa n\u00e4ytt\u00e4\u00e4 juuri sen kertaisilta tekij\u00f6ilt\u00e4\u00e4n. Speksi voi olla juuri niin suuri, pieni, kunnianhimoinen tai kunnianhimoton kuin sen kertaiset tekij\u00e4t p\u00e4\u00e4tt\u00e4v\u00e4t. Speksi\u00e4 ei ole pakko toteuttaa aiemmin totutulla tavalla, vaan jokaisen vuoden ty\u00f6ryhm\u00e4 saa olla avoin uusille ideoille ja suhtautuaRead More\" \/>\n<meta property=\"og:url\" content=\"https:\/\/laakiksenspeksi.fi\/speksi\/arvot\/\" \/>\n<meta property=\"og:site_name\" content=\"Helsingin L\u00e4\u00e4kiksen Speksi\" \/>\n<meta property=\"article:modified_time\" content=\"2025-11-18T08:51:48+00:00\" \/>\n<meta name=\"twitter:card\" content=\"summary_large_image\" \/>\n<meta name=\"twitter:label1\" content=\"Arvioitu lukuaika\" \/>\n\t<meta name=\"twitter:data1\" content=\"1 minuutti\" \/>\n<script type=\"application\/ld+json\" class=\"yoast-schema-graph\">{\"@context\":\"https:\/\/schema.org\",\"@graph\":[{\"@type\":\"WebPage\",\"@id\":\"https:\/\/laakiksenspeksi.fi\/speksi\/arvot\/\",\"url\":\"https:\/\/laakiksenspeksi.fi\/speksi\/arvot\/\",\"name\":\"Helsingin L\u00e4\u00e4kiksen Speksin arvot - Helsingin L\u00e4\u00e4kiksen Speksi\",\"isPartOf\":{\"@id\":\"https:\/\/laakiksenspeksi.fi\/speksi\/#website\"},\"datePublished\":\"2025-11-18T08:48:33+00:00\",\"dateModified\":\"2025-11-18T08:51:48+00:00\",\"breadcrumb\":{\"@id\":\"https:\/\/laakiksenspeksi.fi\/speksi\/arvot\/#breadcrumb\"},\"inLanguage\":\"fi\",\"potentialAction\":[{\"@type\":\"ReadAction\",\"target\":[\"https:\/\/laakiksenspeksi.fi\/speksi\/arvot\/\"]}]},{\"@type\":\"BreadcrumbList\",\"@id\":\"https:\/\/laakiksenspeksi.fi\/speksi\/arvot\/#breadcrumb\",\"itemListElement\":[{\"@type\":\"ListItem\",\"position\":1,\"name\":\"Home\",\"item\":\"https:\/\/laakiksenspeksi.fi\/speksi\/\"},{\"@type\":\"ListItem\",\"position\":2,\"name\":\"Helsingin L\u00e4\u00e4kiksen Speksin arvot\"}]},{\"@type\":\"WebSite\",\"@id\":\"https:\/\/laakiksenspeksi.fi\/speksi\/#website\",\"url\":\"https:\/\/laakiksenspeksi.fi\/speksi\/\",\"name\":\"Helsingin L\u00e4\u00e4kiksen Speksi\",\"description\":\"\",\"publisher\":{\"@id\":\"https:\/\/laakiksenspeksi.fi\/speksi\/#organization\"},\"potentialAction\":[{\"@type\":\"SearchAction\",\"target\":{\"@type\":\"EntryPoint\",\"urlTemplate\":\"https:\/\/laakiksenspeksi.fi\/speksi\/?s={search_term_string}\"},\"query-input\":\"required name=search_term_string\"}],\"inLanguage\":\"fi\"},{\"@type\":\"Organization\",\"@id\":\"https:\/\/laakiksenspeksi.fi\/speksi\/#organization\",\"name\":\"Helsingin L\u00e4\u00e4kiksen Speksi\",\"url\":\"https:\/\/laakiksenspeksi.fi\/speksi\/\",\"logo\":{\"@type\":\"ImageObject\",\"inLanguage\":\"fi\",\"@id\":\"https:\/\/laakiksenspeksi.fi\/speksi\/#\/schema\/logo\/image\/\",\"url\":\"https:\/\/laakiksenspeksi.fi\/speksi\/wp-content\/uploads\/sites\/15\/2022\/04\/cropped-kropattulintu.png\",\"contentUrl\":\"https:\/\/laakiksenspeksi.fi\/speksi\/wp-content\/uploads\/sites\/15\/2022\/04\/cropped-kropattulintu.png\",\"width\":542,\"height\":472,\"caption\":\"Helsingin L\u00e4\u00e4kiksen Speksi\"},\"image\":{\"@id\":\"https:\/\/laakiksenspeksi.fi\/speksi\/#\/schema\/logo\/image\/\"}}]}<\/script>\n<!-- \/ Yoast SEO plugin. -->","yoast_head_json":{"title":"Helsingin L\u00e4\u00e4kiksen Speksin arvot - Helsingin L\u00e4\u00e4kiksen Speksi","robots":{"index":"index","follow":"follow","max-snippet":"max-snippet:-1","max-image-preview":"max-image-preview:large","max-video-preview":"max-video-preview:-1"},"canonical":"https:\/\/laakiksenspeksi.fi\/speksi\/arvot\/","og_locale":"fi_FI","og_type":"article","og_title":"Helsingin L\u00e4\u00e4kiksen Speksin arvot - Helsingin L\u00e4\u00e4kiksen Speksi","og_description":"1. Ilo tekemisest\u00e4 ja yhteis\u00f6llisyydest\u00e4 \u2013 speksin on tarkoitus olla kivaa vapaa-ajan tekemist\u00e4. 2. Speksi saa n\u00e4ytt\u00e4\u00e4 juuri sen kertaisilta tekij\u00f6ilt\u00e4\u00e4n. Speksi voi olla juuri niin suuri, pieni, kunnianhimoinen tai kunnianhimoton kuin sen kertaiset tekij\u00e4t p\u00e4\u00e4tt\u00e4v\u00e4t. Speksi\u00e4 ei ole pakko toteuttaa aiemmin totutulla tavalla, vaan jokaisen vuoden ty\u00f6ryhm\u00e4 saa olla avoin uusille ideoille ja suhtautuaRead More","og_url":"https:\/\/laakiksenspeksi.fi\/speksi\/arvot\/","og_site_name":"Helsingin L\u00e4\u00e4kiksen Speksi","article_modified_time":"2025-11-18T08:51:48+00:00","twitter_card":"summary_large_image","twitter_misc":{"Arvioitu lukuaika":"1 minuutti"},"schema":{"@context":"https:\/\/schema.org","@graph":[{"@type":"WebPage","@id":"https:\/\/laakiksenspeksi.fi\/speksi\/arvot\/","url":"https:\/\/laakiksenspeksi.fi\/speksi\/arvot\/","name":"Helsingin L\u00e4\u00e4kiksen Speksin arvot - Helsingin L\u00e4\u00e4kiksen Speksi","isPartOf":{"@id":"https:\/\/laakiksenspeksi.fi\/speksi\/#website"},"datePublished":"2025-11-18T08:48:33+00:00","dateModified":"2025-11-18T08:51:48+00:00","breadcrumb":{"@id":"https:\/\/laakiksenspeksi.fi\/speksi\/arvot\/#breadcrumb"},"inLanguage":"fi","potentialAction":[{"@type":"ReadAction","target":["https:\/\/laakiksenspeksi.fi\/speksi\/arvot\/"]}]},{"@type":"BreadcrumbList","@id":"https:\/\/laakiksenspeksi.fi\/speksi\/arvot\/#breadcrumb","itemListElement":[{"@type":"ListItem","position":1,"name":"Home","item":"https:\/\/laakiksenspeksi.fi\/speksi\/"},{"@type":"ListItem","position":2,"name":"Helsingin L\u00e4\u00e4kiksen Speksin arvot"}]},{"@type":"WebSite","@id":"https:\/\/laakiksenspeksi.fi\/speksi\/#website","url":"https:\/\/laakiksenspeksi.fi\/speksi\/","name":"Helsingin L\u00e4\u00e4kiksen Speksi","description":"","publisher":{"@id":"https:\/\/laakiksenspeksi.fi\/speksi\/#organization"},"potentialAction":[{"@type":"SearchAction","target":{"@type":"EntryPoint","urlTemplate":"https:\/\/laakiksenspeksi.fi\/speksi\/?s={search_term_string}"},"query-input":"required name=search_term_string"}],"inLanguage":"fi"},{"@type":"Organization","@id":"https:\/\/laakiksenspeksi.fi\/speksi\/#organization","name":"Helsingin L\u00e4\u00e4kiksen Speksi","url":"https:\/\/laakiksenspeksi.fi\/speksi\/","logo":{"@type":"ImageObject","inLanguage":"fi","@id":"https:\/\/laakiksenspeksi.fi\/speksi\/#\/schema\/logo\/image\/","url":"https:\/\/laakiksenspeksi.fi\/speksi\/wp-content\/uploads\/sites\/15\/2022\/04\/cropped-kropattulintu.png","contentUrl":"https:\/\/laakiksenspeksi.fi\/speksi\/wp-content\/uploads\/sites\/15\/2022\/04\/cropped-kropattulintu.png","width":542,"height":472,"caption":"Helsingin L\u00e4\u00e4kiksen Speksi"},"image":{"@id":"https:\/\/laakiksenspeksi.fi\/speksi\/#\/schema\/logo\/image\/"}}]}},"_links":{"self":[{"href":"https:\/\/laakiksenspeksi.fi\/speksi\/wp-json\/wp\/v2\/pages\/1883"}],"collection":[{"href":"https:\/\/laakiksenspeksi.fi\/speksi\/wp-json\/wp\/v2\/pages"}],"about":[{"href":"https:\/\/laakiksenspeksi.fi\/speksi\/wp-json\/wp\/v2\/types\/page"}],"author":[{"embeddable":true,"href":"https:\/\/laakiksenspeksi.fi\/speksi\/wp-json\/wp\/v2\/users\/11"}],"replies":[{"embeddable":true,"href":"https:\/\/laakiksenspeksi.fi\/speksi\/wp-json\/wp\/v2\/comments?post=1883"}],"version-history":[{"count":15,"href":"https:\/\/laakiksenspeksi.fi\/speksi\/wp-json\/wp\/v2\/pages\/1883\/revisions"}],"predecessor-version":[{"id":1900,"href":"https:\/\/laakiksenspeksi.fi\/speksi\/wp-json\/wp\/v2\/pages\/1883\/revisions\/1900"}],"wp:attachment":[{"href":"https:\/\/laakiksenspeksi.fi\/speksi\/wp-json\/wp\/v2\/media?parent=1883"}],"curies":[{"name":"wp","href":"https:\/\/api.w.org\/{rel}","templated":true}]}}