{"id":378,"date":"2018-09-18T11:56:42","date_gmt":"2018-09-18T08:56:42","guid":{"rendered":"https:\/\/laakiksenspeksi.fi\/testi\/?page_id=378"},"modified":"2025-09-29T12:49:06","modified_gmt":"2025-09-29T09:49:06","slug":"speksin-tiimit","status":"publish","type":"page","link":"https:\/\/laakiksenspeksi.fi\/speksi\/speksin-tiimit\/","title":{"rendered":"Speksin tiimit"},"content":{"rendered":"<p><span style=\"font-size: 24pt;\"><strong>K\u00e4sikirjoitus<\/strong><\/span><\/p>\n<p><span style=\"font-size: 14pt;\">Jokaisen speksivuoden r\u00e4mps\u00e4ytt\u00e4\u00e4 k\u00e4yntiin k\u00e4sikirjoitustiimi (*r\u00e4mps*), jonka vastuulla on luoda kullekin vuodelle uusi, ainutlaatuinen tarina juonenk\u00e4\u00e4nteineen ja hahmoineen.<\/span><\/p>\n<p><em><span style=\"font-weight: 400; font-size: 14pt;\">Pomo: Aino Kuoppa<br \/><\/span><\/em><\/p>\n<p><span style=\"font-size: 24pt;\"><strong>Musatiim\u00d6<br \/><\/strong><\/span><\/p>\n<p><span style=\"font-weight: 400; font-size: 14pt;\">Jokaisesta speksin kappaleesta, viulujen tiitaasta ja s\u00e4hk\u00f6kitaran s\u00e4r\u00f6st\u00e4 vastaa Musatiim\u00d6. Kaksikymmenp\u00e4inen orkesteri ja solistit sovittavat esitett\u00e4v\u00e4t kappaleet sek\u00e4 taustamusiikin speksin teeman mukaiseksi. El\u00e4v\u00e4 musiikki luo autenttista tunnelmaa lavan tapahtumiin ja juonenk\u00e4\u00e4nteisiin.<\/span><\/p>\n<p><em><span style=\"font-size: 14pt;\">Pomot: Venla Sepp\u00e4 ja Katri Junnila<br \/><\/span><\/em><\/p>\n<p><span style=\"font-size: 24pt;\"><strong>Sanoitus<\/strong><\/span><\/p>\n<p><span style=\"font-size: 14pt; font-weight: 400;\">Sanoitustiimi sanoittaa kaiken speksiss\u00e4 kuultavan musiikin. Tiimi her\u00e4tt\u00e4\u00e4 speksin biisit eloon, ja antaa \u00e4\u00e4nen speksin syvimmille ja kaunemmille tunteille. Sanoitustiimi on toisin sanoen k\u00e4ss\u00e4ritiimin t\u00e4rkein taiteellinen ja moni\u00e4\u00e4ninen jatke. Sanoitustiimin toiminta ajoittuu vuodenvaihteeseen, ja mukaan p\u00e4\u00e4see hyvinkin matalalla\u00a0kynnyksell\u00e4.<\/span><\/p>\n<p><em><span style=\"font-size: 14pt;\">Pomot: Aino Honkanen (lyyrinen) ja Aino Kuoppa (juonellinen)<\/span><\/em><\/p>\n<p><span style=\"font-size: 24pt;\"><strong>Tanssitiimi<\/strong><\/span><\/p>\n<p><span style=\"font-weight: 400; font-size: 14pt;\">Timanttinen tanssitiimimme koreografioi ja esitt\u00e4\u00e4 speksin upeat tanssinumerot. Lavalla on vuosien varrella n\u00e4hty niin tulista salsaa kuin p\u00e4\u00e4t\u00e4 huimaavaa breakdancea. P\u00e4\u00e4set kokeilemaan tanssinpy\u00f6rteit\u00e4 jo syksyll\u00e4 osallistumalla kaikille avoimiin tanssitunteihin eli\u00a0<strong>Tanssicuksiin<\/strong>.<\/span><\/p>\n<p><span style=\"font-size: 14pt;\"><em>Pomot: Pihka Oksanen ja Viola Brotherus<\/em><\/span><\/p>\n<p><span style=\"font-size: 24pt;\"><strong>N\u00e4yttelij\u00e4t<\/strong><\/span><\/p>\n<p><span style=\"font-weight: 400; font-size: 14pt;\">Tarinan keskeisimmist\u00e4 hahmoista ovat vastuussa speksin n\u00e4yttelij\u00e4t. Perinteisen roolity\u00f6n lis\u00e4ksi n\u00e4yttelij\u00e4n\u00e4 voi p\u00e4\u00e4st\u00e4 my\u00f6s tanssimaan ja laulamaan, sek\u00e4 ennen kaikkea improvisoimaan. Syksyll\u00e4 j\u00e4rjestet\u00e4\u00e4n kaikille avoin improkerho <strong>Mimicus<\/strong>, jonka tunneilla\u00a0voit harjoitella heitt\u00e4ytymist\u00e4, esiintymist\u00e4 ja mokaamista.<\/span><\/p>\n<p><em><span style=\"font-size: 14pt;\">Ohjaaja: Siiri Paloheimo<\/span><\/em><\/p>\n<p><span style=\"font-size: 24pt;\"><strong>Lavastus<\/strong><\/span><\/p>\n<p><span style=\"font-weight: 400; font-size: 14pt;\">Lavalla hahmojen ymp\u00e4rill\u00e4 n\u00e4ht\u00e4v\u00e4n puisen, vaahtoisen ja rautaisen maailman loihtii Lavastustiimi. Tiimin j\u00e4senet my\u00f6s vastaavat lavasteiden siirtelyst\u00e4 kohtausten v\u00e4lill\u00e4.<\/span><\/p>\n<p><em><span style=\"font-size: 14pt;\">Pomot: Laura V\u00e4is\u00e4nen ja Onni Paloheimo<\/span><\/em><\/p>\n<p><span style=\"font-size: 24pt;\"><strong>Rekvisiitta<\/strong><\/span><\/p>\n<p><span style=\"font-weight: 400; font-size: 14pt;\">Rekvisiittatiimi luo pienet, sit\u00e4kin t\u00e4rke\u00e4mm\u00e4t yksityiskohdat speksin lavalle. Mennein\u00e4 vuosina speksivaraston ytimess\u00e4 on syntynyt mm. kultainen apina, kauko-ohjattava vainumarsu sek\u00e4 laboratoriollinen r\u00e4j\u00e4ht\u00e4vi\u00e4 liuoksia.\u00a0<\/span><\/p>\n<p><em><span style=\"font-size: 14pt;\">Pomot: Riimu Lyly ja Emma Varmavuo<\/span><\/em><\/p>\n<p><span style=\"font-size: 24pt;\"><strong>Puvustus<\/strong><\/span><\/p>\n<p><span style=\"font-size: 14pt;\">Ompelukone-ajokortit j\u00e4\u00e4v\u00e4t hyllylle, kun puvustus p\u00e4\u00e4see vauhtiin ja surauttaa mit\u00e4 h\u00e4ik\u00e4isevimpi\u00e4 asuja speksin lavalla h\u00e4\u00e4r\u00e4\u00e4ville n\u00e4yttelij\u00f6ille sek\u00e4 tanssijoille. K\u00e4sity\u00f6n lis\u00e4ksi tiimin toiminta sis\u00e4lt\u00e4\u00e4 luovaa muotitiedon hy\u00f6dynt\u00e4mist\u00e4, sill\u00e4 asut suunnitellaan alusta alkaen kunkin speksin aikakauteen ja hahmokaartiin sopiviksi.<\/span><\/p>\n<p><em><span style=\"font-size: 14pt;\">Pomot: Pinja Sten ja Laura Savolainen<\/span><\/em><\/p>\n<p><span style=\"font-size: 24pt;\"><strong>Maski<\/strong><\/span><\/p>\n<p><span style=\"font-size: 14pt;\">Maski\u00a0pit\u00e4\u00e4 huolen siit\u00e4, ett\u00e4 hiukset ovat kiharretut, nen\u00e4t puuteroidut ja sotamaalaukset mintiss\u00e4, ennen kuin esiintyj\u00e4 pyyh\u00e4lt\u00e4\u00e4 lavalle spottivalojen kuumotukseen.<\/span><\/p>\n<p><em><span style=\"font-size: 14pt;\">Pomo: <span style=\"font-weight: 400;\">Annasofia Lindman<\/span><\/span><\/em><\/p>\n<p><span style=\"font-size: 24pt;\"><strong>\u00c4\u00e4nitiimi<\/strong><\/span><\/p>\n<p><span style=\"font-weight: 400; font-size: 14pt;\">\u00c4\u00e4nitiimi tekee speksin kuuluvaksi. T\u00e4m\u00e4 tiimi luo esitykseen autenttisuutta tuovat \u00e4\u00e4nitehosteet ja on l\u00e4sn\u00e4 jokaisessa esityksess\u00e4 salin h\u00e4m\u00e4r\u00e4ss\u00e4.<\/span><\/p>\n<p><em><span style=\"font-size: 14pt;\">Pomo: Nikke Haataja<\/span><\/em><\/p>\n<p><span style=\"font-size: 24pt;\"><strong>Valotiimi<\/strong><\/span><\/p>\n<p><span style=\"font-weight: 400; font-size: 14pt;\">Ilman t\u00e4t\u00e4 tiimi\u00e4 et n\u00e4kisi speksi\u00e4. Ja milt\u00e4 muka n\u00e4ytt\u00e4isi teatteriesitys kelme\u00e4ss\u00e4 huonevalossa? Taitava valotiimi vastaa kaikkien kohtausten valaistuksen sek\u00e4 erilaisten valoefektien luomisesta ja teknisest\u00e4 toteutuksesta.<\/span><\/p>\n<p><em><span style=\"font-size: 14pt;\">Pomot: Eerik Jussila<\/span><\/em><\/p>\n<p><span style=\"font-size: 24pt;\"><strong>Grafiikka<\/strong><\/span><\/p>\n<p><span style=\"font-weight: 400; font-size: 14pt;\">Grafiikkatiimi luo yhdess\u00e4 pomonsa johdolla speksin teemaan sopivan visuaalisen ilmeen. Toisin sanoen: t\u00e4m\u00e4 tiimi p\u00e4\u00e4tt\u00e4\u00e4, milt\u00e4 kyseisen vuoden speksi tulee n\u00e4ytt\u00e4m\u00e4\u00e4n suurelle yleis\u00f6lle mm. julisteiden sek\u00e4 trailerin muodossa.<\/span><\/p>\n<p><em><span style=\"font-size: 14pt;\">Pomo: Hanna Helanne<\/span><\/em><\/p>\n<p><span style=\"font-size: 24pt;\"><strong>Kuvaus<\/strong><\/span><\/p>\n<p><span style=\"font-weight: 400; font-size: 14pt;\">Speksin tapahtumissa on aina l\u00e4sn\u00e4 my\u00f6s kuvaaja, joka taltioi niin speksin arkea kuin itse esityksi\u00e4. Kuvaustiimin merkitys on jatkuvasti korostunut erilaisten speksitapahtumien my\u00f6t\u00e4. Esimerkiksi menneen\u00e4 vuonna kuvaajat olivat mukana speksin flashmobissa ja videotrailerin teossa.<\/span><\/p>\n<p><em><span style=\"font-size: 14pt;\">Pomo: Antti Hautam\u00e4ki<\/span><\/em><\/p>\n<p><span style=\"font-size: 24pt;\"><strong>Hupitiimi<\/strong><\/span><\/p>\n<p><span style=\"font-weight: 400; font-size: 14pt;\">Hupitiimi huolehtii speksaajien jaksamisesta l\u00e4pi speksikev\u00e4\u00e4n. Keitti\u00f6n h\u00f6yryiss\u00e4 syntyv\u00e4t maittavat ateriat pit\u00e4v\u00e4t vatsat t\u00e4ysin\u00e4 niin speksim\u00f6kill\u00e4 kuin kiertueellakin. Hupitiimi on perinteisesti vastannut my\u00f6s l\u00e4mpi\u00f6n tarjoiluista n\u00e4yt\u00f6sten puoliajoilla.<\/span><\/p>\n<p><em><span style=\"font-size: 14pt;\">Pomot: Hanna P\u00f6rsti, Lotta Kaikkonen, Selina Lindholm ja Saana Silvennoinen<\/span><\/em><\/p>\n<p><span style=\"font-size: 24pt;\"><strong>Markkinointi<\/strong><\/span><\/p>\n<p><span style=\"font-size: 14pt;\">Speksin toiminta ei jatkuisi kauaa samanlaisena, jos meill\u00e4 ei olisi yleis\u00f6\u00e4 katsomassa esityksi\u00e4mme. T\u00e4ss\u00e4 markkinointitiimi astuu esiin ja pit\u00e4\u00e4 huolen siit\u00e4, ett\u00e4 tieto speksist\u00e4 kantautuu ihmisten korviin sek\u00e4 teatterin penkit t\u00e4yttyv\u00e4t!<\/span><\/p>\n<p><em><span style=\"font-size: 14pt;\">Pomo: Ilmari Moisio ja Maria Kahanp\u00e4\u00e4<\/span><\/em><\/p>\n<p><span style=\"font-size: 24pt;\"><strong>Tuotteet<\/strong><\/span><\/p>\n<p><span style=\"font-size: 14pt;\">Tuotetiimi luo speksille ainutlaatuisen tuotevalikoiman, joka her\u00e4tt\u00e4\u00e4 muistoja ja tuo iloa katsojille viel\u00e4 esityksen j\u00e4lkeenkin. Tiimi yhdist\u00e4\u00e4 luovuuden ja k\u00e4yt\u00e4nn\u00f6n toteutuksen varmistaen, ett\u00e4 speksi n\u00e4kyy ja tuntuu my\u00f6s teatterin ulkopuolella.<\/span><\/p>\n<p><em><span style=\"font-size: 14pt;\">Pomo: Lassi Lakkavaara<\/span><\/em><\/p>\n<p><span style=\"font-size: 24pt;\"><strong>Kiertue<\/strong><\/span><\/p>\n<p><span style=\"font-size: 14pt;\">Sanonta kuuluu: Speksi on opintojen parasta aikaa, mutta kiertue on <em>el\u00e4m\u00e4n<\/em> parasta aikaa. Huhtikuussa koittaa jokavuotinen tourn\u00e9e, jonka aikana ikimuistoinen spektaakkelimme esitet\u00e4\u00e4n Suomen jokaisessa l\u00e4\u00e4kiskaupungissa: Kuopiossa, Oulussa, Tampereella ja Turussa. Kolmantena kiertuep\u00e4iv\u00e4n\u00e4 koittaa virkist\u00e4v\u00e4 v\u00e4lip\u00e4iv\u00e4 salaisessa\u00a0kohteessa.<\/span><\/p>\n<p><em><span style=\"font-size: 14pt;\">Kiertuepomot: Ilmari Moisio ja Aleksi Moision<\/span><\/em><\/p>\n<p><span style=\"font-size: 24pt;\"><strong>Tartto<\/strong><\/span><\/p>\n<p><span style=\"font-size: 14pt;\">Joka toinen vuosi Helsingin L\u00e4\u00e4kiksen Speksi poistuu Suomen rajojen ulkopuolelle n\u00e4ytt\u00e4m\u00e4\u00e4n teostaan! Tarttoon l\u00e4hdet\u00e4\u00e4n esitt\u00e4m\u00e4\u00e4n show viimeisen kerran suuren fanijoukon (Speksiritareiden ja\u00a0alumnien)\u00a0kera.<\/span><\/p>\n<p><em><span style=\"font-size: 14pt;\">Seuraavan kerran Tarttoon l\u00e4hdet\u00e4\u00e4n kev\u00e4\u00e4ll\u00e4 2027<\/span><\/em><\/p>\n<p><span style=\"font-size: 24pt;\"><strong>Nettisivut<\/strong><\/span><\/p>\n<p><em><span style=\"font-size: 14pt;\">Pomo: Topias Muukkonen<\/span><\/em><\/p>\n\n","protected":false},"excerpt":{"rendered":"<p>K\u00e4sikirjoitus Jokaisen speksivuoden r\u00e4mps\u00e4ytt\u00e4\u00e4 k\u00e4yntiin k\u00e4sikirjoitustiimi (*r\u00e4mps*), jonka vastuulla on luoda kullekin vuodelle uusi, ainutlaatuinen tarina juonenk\u00e4\u00e4nteineen ja hahmoineen. Pomo: Aino Kuoppa Musatiim\u00d6 Jokaisesta speksin kappaleesta, viulujen tiitaasta ja s\u00e4hk\u00f6kitaran s\u00e4r\u00f6st\u00e4 vastaa Musatiim\u00d6. Kaksikymmenp\u00e4inen orkesteri ja solistit sovittavat esitett\u00e4v\u00e4t kappaleet sek\u00e4 taustamusiikin speksin teeman mukaiseksi. El\u00e4v\u00e4 musiikki luo autenttista tunnelmaa lavan tapahtumiin ja juonenk\u00e4\u00e4nteisiin. Pomot:<\/p>\n<div><a class=\"btn-filled btn\" href=\"https:\/\/laakiksenspeksi.fi\/speksi\/speksin-tiimit\/\" title=\"Speksin tiimit\">Read More<\/a><\/div>\n","protected":false},"author":5,"featured_media":0,"parent":0,"menu_order":0,"comment_status":"closed","ping_status":"closed","template":"","meta":{"_mi_skip_tracking":false,"_ti_tpc_template_sync":false,"_ti_tpc_template_id":"","footnotes":""},"aioseo_notices":[],"yoast_head":"<!-- This site is optimized with the Yoast SEO plugin v19.13 - https:\/\/yoast.com\/wordpress\/plugins\/seo\/ -->\n<title>Speksin tiimit - Helsingin L\u00e4\u00e4kiksen Speksi<\/title>\n<meta name=\"robots\" content=\"index, follow, max-snippet:-1, max-image-preview:large, max-video-preview:-1\" \/>\n<link rel=\"canonical\" href=\"https:\/\/laakiksenspeksi.fi\/speksi\/speksin-tiimit\/\" \/>\n<meta property=\"og:locale\" content=\"fi_FI\" \/>\n<meta property=\"og:type\" content=\"article\" \/>\n<meta property=\"og:title\" content=\"Speksin tiimit - Helsingin L\u00e4\u00e4kiksen Speksi\" \/>\n<meta property=\"og:description\" content=\"K\u00e4sikirjoitus Jokaisen speksivuoden r\u00e4mps\u00e4ytt\u00e4\u00e4 k\u00e4yntiin k\u00e4sikirjoitustiimi (*r\u00e4mps*), jonka vastuulla on luoda kullekin vuodelle uusi, ainutlaatuinen tarina juonenk\u00e4\u00e4nteineen ja hahmoineen. Pomo: Aino Kuoppa Musatiim\u00d6 Jokaisesta speksin kappaleesta, viulujen tiitaasta ja s\u00e4hk\u00f6kitaran s\u00e4r\u00f6st\u00e4 vastaa Musatiim\u00d6. Kaksikymmenp\u00e4inen orkesteri ja solistit sovittavat esitett\u00e4v\u00e4t kappaleet sek\u00e4 taustamusiikin speksin teeman mukaiseksi. El\u00e4v\u00e4 musiikki luo autenttista tunnelmaa lavan tapahtumiin ja juonenk\u00e4\u00e4nteisiin. Pomot:Read More\" \/>\n<meta property=\"og:url\" content=\"https:\/\/laakiksenspeksi.fi\/speksi\/speksin-tiimit\/\" \/>\n<meta property=\"og:site_name\" content=\"Helsingin L\u00e4\u00e4kiksen Speksi\" \/>\n<meta property=\"article:modified_time\" content=\"2025-09-29T09:49:06+00:00\" \/>\n<meta name=\"twitter:card\" content=\"summary_large_image\" \/>\n<meta name=\"twitter:label1\" content=\"Arvioitu lukuaika\" \/>\n\t<meta name=\"twitter:data1\" content=\"3 minuuttia\" \/>\n<script type=\"application\/ld+json\" class=\"yoast-schema-graph\">{\"@context\":\"https:\/\/schema.org\",\"@graph\":[{\"@type\":\"WebPage\",\"@id\":\"https:\/\/laakiksenspeksi.fi\/speksi\/speksin-tiimit\/\",\"url\":\"https:\/\/laakiksenspeksi.fi\/speksi\/speksin-tiimit\/\",\"name\":\"Speksin tiimit - Helsingin L\u00e4\u00e4kiksen Speksi\",\"isPartOf\":{\"@id\":\"https:\/\/laakiksenspeksi.fi\/speksi\/#website\"},\"datePublished\":\"2018-09-18T08:56:42+00:00\",\"dateModified\":\"2025-09-29T09:49:06+00:00\",\"breadcrumb\":{\"@id\":\"https:\/\/laakiksenspeksi.fi\/speksi\/speksin-tiimit\/#breadcrumb\"},\"inLanguage\":\"fi\",\"potentialAction\":[{\"@type\":\"ReadAction\",\"target\":[\"https:\/\/laakiksenspeksi.fi\/speksi\/speksin-tiimit\/\"]}]},{\"@type\":\"BreadcrumbList\",\"@id\":\"https:\/\/laakiksenspeksi.fi\/speksi\/speksin-tiimit\/#breadcrumb\",\"itemListElement\":[{\"@type\":\"ListItem\",\"position\":1,\"name\":\"Home\",\"item\":\"https:\/\/laakiksenspeksi.fi\/speksi\/\"},{\"@type\":\"ListItem\",\"position\":2,\"name\":\"Speksin tiimit\"}]},{\"@type\":\"WebSite\",\"@id\":\"https:\/\/laakiksenspeksi.fi\/speksi\/#website\",\"url\":\"https:\/\/laakiksenspeksi.fi\/speksi\/\",\"name\":\"Helsingin L\u00e4\u00e4kiksen Speksi\",\"description\":\"\",\"publisher\":{\"@id\":\"https:\/\/laakiksenspeksi.fi\/speksi\/#organization\"},\"potentialAction\":[{\"@type\":\"SearchAction\",\"target\":{\"@type\":\"EntryPoint\",\"urlTemplate\":\"https:\/\/laakiksenspeksi.fi\/speksi\/?s={search_term_string}\"},\"query-input\":\"required name=search_term_string\"}],\"inLanguage\":\"fi\"},{\"@type\":\"Organization\",\"@id\":\"https:\/\/laakiksenspeksi.fi\/speksi\/#organization\",\"name\":\"Helsingin L\u00e4\u00e4kiksen Speksi\",\"url\":\"https:\/\/laakiksenspeksi.fi\/speksi\/\",\"logo\":{\"@type\":\"ImageObject\",\"inLanguage\":\"fi\",\"@id\":\"https:\/\/laakiksenspeksi.fi\/speksi\/#\/schema\/logo\/image\/\",\"url\":\"https:\/\/laakiksenspeksi.fi\/speksi\/wp-content\/uploads\/sites\/15\/2022\/04\/cropped-kropattulintu.png\",\"contentUrl\":\"https:\/\/laakiksenspeksi.fi\/speksi\/wp-content\/uploads\/sites\/15\/2022\/04\/cropped-kropattulintu.png\",\"width\":542,\"height\":472,\"caption\":\"Helsingin L\u00e4\u00e4kiksen Speksi\"},\"image\":{\"@id\":\"https:\/\/laakiksenspeksi.fi\/speksi\/#\/schema\/logo\/image\/\"}}]}<\/script>\n<!-- \/ Yoast SEO plugin. -->","yoast_head_json":{"title":"Speksin tiimit - Helsingin L\u00e4\u00e4kiksen Speksi","robots":{"index":"index","follow":"follow","max-snippet":"max-snippet:-1","max-image-preview":"max-image-preview:large","max-video-preview":"max-video-preview:-1"},"canonical":"https:\/\/laakiksenspeksi.fi\/speksi\/speksin-tiimit\/","og_locale":"fi_FI","og_type":"article","og_title":"Speksin tiimit - Helsingin L\u00e4\u00e4kiksen Speksi","og_description":"K\u00e4sikirjoitus Jokaisen speksivuoden r\u00e4mps\u00e4ytt\u00e4\u00e4 k\u00e4yntiin k\u00e4sikirjoitustiimi (*r\u00e4mps*), jonka vastuulla on luoda kullekin vuodelle uusi, ainutlaatuinen tarina juonenk\u00e4\u00e4nteineen ja hahmoineen. Pomo: Aino Kuoppa Musatiim\u00d6 Jokaisesta speksin kappaleesta, viulujen tiitaasta ja s\u00e4hk\u00f6kitaran s\u00e4r\u00f6st\u00e4 vastaa Musatiim\u00d6. Kaksikymmenp\u00e4inen orkesteri ja solistit sovittavat esitett\u00e4v\u00e4t kappaleet sek\u00e4 taustamusiikin speksin teeman mukaiseksi. El\u00e4v\u00e4 musiikki luo autenttista tunnelmaa lavan tapahtumiin ja juonenk\u00e4\u00e4nteisiin. Pomot:Read More","og_url":"https:\/\/laakiksenspeksi.fi\/speksi\/speksin-tiimit\/","og_site_name":"Helsingin L\u00e4\u00e4kiksen Speksi","article_modified_time":"2025-09-29T09:49:06+00:00","twitter_card":"summary_large_image","twitter_misc":{"Arvioitu lukuaika":"3 minuuttia"},"schema":{"@context":"https:\/\/schema.org","@graph":[{"@type":"WebPage","@id":"https:\/\/laakiksenspeksi.fi\/speksi\/speksin-tiimit\/","url":"https:\/\/laakiksenspeksi.fi\/speksi\/speksin-tiimit\/","name":"Speksin tiimit - Helsingin L\u00e4\u00e4kiksen Speksi","isPartOf":{"@id":"https:\/\/laakiksenspeksi.fi\/speksi\/#website"},"datePublished":"2018-09-18T08:56:42+00:00","dateModified":"2025-09-29T09:49:06+00:00","breadcrumb":{"@id":"https:\/\/laakiksenspeksi.fi\/speksi\/speksin-tiimit\/#breadcrumb"},"inLanguage":"fi","potentialAction":[{"@type":"ReadAction","target":["https:\/\/laakiksenspeksi.fi\/speksi\/speksin-tiimit\/"]}]},{"@type":"BreadcrumbList","@id":"https:\/\/laakiksenspeksi.fi\/speksi\/speksin-tiimit\/#breadcrumb","itemListElement":[{"@type":"ListItem","position":1,"name":"Home","item":"https:\/\/laakiksenspeksi.fi\/speksi\/"},{"@type":"ListItem","position":2,"name":"Speksin tiimit"}]},{"@type":"WebSite","@id":"https:\/\/laakiksenspeksi.fi\/speksi\/#website","url":"https:\/\/laakiksenspeksi.fi\/speksi\/","name":"Helsingin L\u00e4\u00e4kiksen Speksi","description":"","publisher":{"@id":"https:\/\/laakiksenspeksi.fi\/speksi\/#organization"},"potentialAction":[{"@type":"SearchAction","target":{"@type":"EntryPoint","urlTemplate":"https:\/\/laakiksenspeksi.fi\/speksi\/?s={search_term_string}"},"query-input":"required name=search_term_string"}],"inLanguage":"fi"},{"@type":"Organization","@id":"https:\/\/laakiksenspeksi.fi\/speksi\/#organization","name":"Helsingin L\u00e4\u00e4kiksen Speksi","url":"https:\/\/laakiksenspeksi.fi\/speksi\/","logo":{"@type":"ImageObject","inLanguage":"fi","@id":"https:\/\/laakiksenspeksi.fi\/speksi\/#\/schema\/logo\/image\/","url":"https:\/\/laakiksenspeksi.fi\/speksi\/wp-content\/uploads\/sites\/15\/2022\/04\/cropped-kropattulintu.png","contentUrl":"https:\/\/laakiksenspeksi.fi\/speksi\/wp-content\/uploads\/sites\/15\/2022\/04\/cropped-kropattulintu.png","width":542,"height":472,"caption":"Helsingin L\u00e4\u00e4kiksen Speksi"},"image":{"@id":"https:\/\/laakiksenspeksi.fi\/speksi\/#\/schema\/logo\/image\/"}}]}},"_links":{"self":[{"href":"https:\/\/laakiksenspeksi.fi\/speksi\/wp-json\/wp\/v2\/pages\/378"}],"collection":[{"href":"https:\/\/laakiksenspeksi.fi\/speksi\/wp-json\/wp\/v2\/pages"}],"about":[{"href":"https:\/\/laakiksenspeksi.fi\/speksi\/wp-json\/wp\/v2\/types\/page"}],"author":[{"embeddable":true,"href":"https:\/\/laakiksenspeksi.fi\/speksi\/wp-json\/wp\/v2\/users\/5"}],"replies":[{"embeddable":true,"href":"https:\/\/laakiksenspeksi.fi\/speksi\/wp-json\/wp\/v2\/comments?post=378"}],"version-history":[{"count":109,"href":"https:\/\/laakiksenspeksi.fi\/speksi\/wp-json\/wp\/v2\/pages\/378\/revisions"}],"predecessor-version":[{"id":1868,"href":"https:\/\/laakiksenspeksi.fi\/speksi\/wp-json\/wp\/v2\/pages\/378\/revisions\/1868"}],"wp:attachment":[{"href":"https:\/\/laakiksenspeksi.fi\/speksi\/wp-json\/wp\/v2\/media?parent=378"}],"curies":[{"name":"wp","href":"https:\/\/api.w.org\/{rel}","templated":true}]}}