{"id":379,"date":"2018-09-18T11:56:42","date_gmt":"2018-09-18T08:56:42","guid":{"rendered":"https:\/\/laakiksenspeksi.fi\/testi\/?page_id=379"},"modified":"2025-09-17T14:48:05","modified_gmt":"2025-09-17T11:48:05","slug":"paivamaaria","status":"publish","type":"page","link":"https:\/\/laakiksenspeksi.fi\/speksi\/paivamaaria\/","title":{"rendered":"P\u00e4iv\u00e4m\u00e4\u00e4ri\u00e4"},"content":{"rendered":"\n<ul>\n<li>\n<h5>Yleiskokous 11.9.2025 kello 16 Basaarissa<\/h5>\n<\/li>\n<li>\n<h5>Mimicukset 16.9.2025 alkaen joka tiistai 28.10. asti (16.9. \/ 23.9. \/ 30.9. \/ 7.10. \/ 14.10. \/ 28.10.)<\/h5>\n<\/li>\n<li>\n<h5>Tanssicukset 17.9.2025 alkaen joka keskiviikko 22.10. asti. (17.9. \/ 24.9. \/ 1.10. \/ 8.10. \/ 15.10. \/ 22.10.)<\/h5>\n<\/li>\n<li>\n<h5>DVD-ilta ja syyskokous 7.10.2025<\/h5>\n<\/li>\n<li>\n<h5>Laulup\u00e4\u00e4sykokeet 24.-25.10.2025<\/h5>\n<\/li>\n<li class=\"li1\">\n<h5><span class=\"s1\">Musap\u00e4\u00e4sykokeet 30.-31.10.2025<\/span><\/h5>\n<\/li>\n<li class=\"li1\">\n<h5><span class=\"s1\">N\u00e4yttelij\u00e4p\u00e4\u00e4sykokeet 3.-4.11.2025<\/span><\/h5>\n<\/li>\n<li class=\"li1\">\n<h5><span class=\"s1\">Tanssip\u00e4\u00e4sykoe 27.10.2025<\/span><\/h5>\n<\/li>\n<li class=\"li1\">\n<h5><span class=\"s1\">Speksim\u00f6kki 13.-15.2.2026<\/span><\/h5>\n<\/li>\n<li class=\"li1\">\n<h5><span class=\"s1\">Treeniviikonloppu 20.-22.2.2026<\/span><\/h5>\n<\/li>\n<li class=\"li1\">\n<h5><span class=\"s1\">Teatterikausi 2.-14.3.2026<\/span><\/h5>\n<\/li>\n<li class=\"li1\">\n<h5><span class=\"s1\">Kiertue 17.-21.4.2026<\/span><\/h5>\n<\/li>\n<\/ul>\n\n\n\n<p><span style=\"font-size: 24pt;\">Linkkej\u00e4<\/span><\/p>\n\n\n\n<p><span style=\"font-size: 14pt;\">Speksin Google-kalenteriin p\u00e4\u00e4set&nbsp;<a href=\"https:\/\/goo.gl\/6UEWDh\">t\u00e4st\u00e4<\/a><\/span><\/p>\n","protected":false},"excerpt":{"rendered":"<p>Yleiskokous 11.9.2025 kello 16 Basaarissa Mimicukset 16.9.2025 alkaen joka tiistai 28.10. asti (16.9. \/ 23.9. \/ 30.9. \/ 7.10. \/ 14.10. \/ 28.10.) Tanssicukset 17.9.2025 alkaen joka keskiviikko 22.10. asti. (17.9. \/ 24.9. \/ 1.10. \/ 8.10. \/ 15.10. \/ 22.10.) DVD-ilta ja syyskokous 7.10.2025 Laulup\u00e4\u00e4sykokeet 24.-25.10.2025 Musap\u00e4\u00e4sykokeet 30.-31.10.2025 N\u00e4yttelij\u00e4p\u00e4\u00e4sykokeet 3.-4.11.2025 Tanssip\u00e4\u00e4sykoe 27.10.2025 Speksim\u00f6kki 13.-15.2.2026<\/p>\n<div><a class=\"btn-filled btn\" href=\"https:\/\/laakiksenspeksi.fi\/speksi\/paivamaaria\/\" title=\"P\u00e4iv\u00e4m\u00e4\u00e4ri\u00e4\">Read More<\/a><\/div>\n","protected":false},"author":5,"featured_media":0,"parent":0,"menu_order":0,"comment_status":"closed","ping_status":"closed","template":"","meta":{"_mi_skip_tracking":false,"_ti_tpc_template_sync":false,"_ti_tpc_template_id":"","footnotes":""},"aioseo_notices":[],"yoast_head":"<!-- This site is optimized with the Yoast SEO plugin v19.13 - https:\/\/yoast.com\/wordpress\/plugins\/seo\/ -->\n<title>P\u00e4iv\u00e4m\u00e4\u00e4ri\u00e4 - Helsingin L\u00e4\u00e4kiksen Speksi<\/title>\n<meta name=\"robots\" content=\"index, follow, max-snippet:-1, max-image-preview:large, max-video-preview:-1\" \/>\n<link rel=\"canonical\" href=\"https:\/\/laakiksenspeksi.fi\/speksi\/paivamaaria\/\" \/>\n<meta property=\"og:locale\" content=\"fi_FI\" \/>\n<meta property=\"og:type\" content=\"article\" \/>\n<meta property=\"og:title\" content=\"P\u00e4iv\u00e4m\u00e4\u00e4ri\u00e4 - Helsingin L\u00e4\u00e4kiksen Speksi\" \/>\n<meta property=\"og:description\" content=\"Yleiskokous 11.9.2025 kello 16 Basaarissa Mimicukset 16.9.2025 alkaen joka tiistai 28.10. asti (16.9. \/ 23.9. \/ 30.9. \/ 7.10. \/ 14.10. \/ 28.10.) Tanssicukset 17.9.2025 alkaen joka keskiviikko 22.10. asti. (17.9. \/ 24.9. \/ 1.10. \/ 8.10. \/ 15.10. \/ 22.10.) DVD-ilta ja syyskokous 7.10.2025 Laulup\u00e4\u00e4sykokeet 24.-25.10.2025 Musap\u00e4\u00e4sykokeet 30.-31.10.2025 N\u00e4yttelij\u00e4p\u00e4\u00e4sykokeet 3.-4.11.2025 Tanssip\u00e4\u00e4sykoe 27.10.2025 Speksim\u00f6kki 13.-15.2.2026Read More\" \/>\n<meta property=\"og:url\" content=\"https:\/\/laakiksenspeksi.fi\/speksi\/paivamaaria\/\" \/>\n<meta property=\"og:site_name\" content=\"Helsingin L\u00e4\u00e4kiksen Speksi\" \/>\n<meta property=\"article:modified_time\" content=\"2025-09-17T11:48:05+00:00\" \/>\n<meta name=\"twitter:card\" content=\"summary_large_image\" \/>\n<meta name=\"twitter:label1\" content=\"Arvioitu lukuaika\" \/>\n\t<meta name=\"twitter:data1\" content=\"1 minuutti\" \/>\n<script type=\"application\/ld+json\" class=\"yoast-schema-graph\">{\"@context\":\"https:\/\/schema.org\",\"@graph\":[{\"@type\":\"WebPage\",\"@id\":\"https:\/\/laakiksenspeksi.fi\/speksi\/paivamaaria\/\",\"url\":\"https:\/\/laakiksenspeksi.fi\/speksi\/paivamaaria\/\",\"name\":\"P\u00e4iv\u00e4m\u00e4\u00e4ri\u00e4 - Helsingin L\u00e4\u00e4kiksen Speksi\",\"isPartOf\":{\"@id\":\"https:\/\/laakiksenspeksi.fi\/speksi\/#website\"},\"datePublished\":\"2018-09-18T08:56:42+00:00\",\"dateModified\":\"2025-09-17T11:48:05+00:00\",\"breadcrumb\":{\"@id\":\"https:\/\/laakiksenspeksi.fi\/speksi\/paivamaaria\/#breadcrumb\"},\"inLanguage\":\"fi\",\"potentialAction\":[{\"@type\":\"ReadAction\",\"target\":[\"https:\/\/laakiksenspeksi.fi\/speksi\/paivamaaria\/\"]}]},{\"@type\":\"BreadcrumbList\",\"@id\":\"https:\/\/laakiksenspeksi.fi\/speksi\/paivamaaria\/#breadcrumb\",\"itemListElement\":[{\"@type\":\"ListItem\",\"position\":1,\"name\":\"Home\",\"item\":\"https:\/\/laakiksenspeksi.fi\/speksi\/\"},{\"@type\":\"ListItem\",\"position\":2,\"name\":\"P\u00e4iv\u00e4m\u00e4\u00e4ri\u00e4\"}]},{\"@type\":\"WebSite\",\"@id\":\"https:\/\/laakiksenspeksi.fi\/speksi\/#website\",\"url\":\"https:\/\/laakiksenspeksi.fi\/speksi\/\",\"name\":\"Helsingin L\u00e4\u00e4kiksen Speksi\",\"description\":\"\",\"publisher\":{\"@id\":\"https:\/\/laakiksenspeksi.fi\/speksi\/#organization\"},\"potentialAction\":[{\"@type\":\"SearchAction\",\"target\":{\"@type\":\"EntryPoint\",\"urlTemplate\":\"https:\/\/laakiksenspeksi.fi\/speksi\/?s={search_term_string}\"},\"query-input\":\"required name=search_term_string\"}],\"inLanguage\":\"fi\"},{\"@type\":\"Organization\",\"@id\":\"https:\/\/laakiksenspeksi.fi\/speksi\/#organization\",\"name\":\"Helsingin L\u00e4\u00e4kiksen Speksi\",\"url\":\"https:\/\/laakiksenspeksi.fi\/speksi\/\",\"logo\":{\"@type\":\"ImageObject\",\"inLanguage\":\"fi\",\"@id\":\"https:\/\/laakiksenspeksi.fi\/speksi\/#\/schema\/logo\/image\/\",\"url\":\"https:\/\/laakiksenspeksi.fi\/speksi\/wp-content\/uploads\/sites\/15\/2022\/04\/cropped-kropattulintu.png\",\"contentUrl\":\"https:\/\/laakiksenspeksi.fi\/speksi\/wp-content\/uploads\/sites\/15\/2022\/04\/cropped-kropattulintu.png\",\"width\":542,\"height\":472,\"caption\":\"Helsingin L\u00e4\u00e4kiksen Speksi\"},\"image\":{\"@id\":\"https:\/\/laakiksenspeksi.fi\/speksi\/#\/schema\/logo\/image\/\"}}]}<\/script>\n<!-- \/ Yoast SEO plugin. -->","yoast_head_json":{"title":"P\u00e4iv\u00e4m\u00e4\u00e4ri\u00e4 - Helsingin L\u00e4\u00e4kiksen Speksi","robots":{"index":"index","follow":"follow","max-snippet":"max-snippet:-1","max-image-preview":"max-image-preview:large","max-video-preview":"max-video-preview:-1"},"canonical":"https:\/\/laakiksenspeksi.fi\/speksi\/paivamaaria\/","og_locale":"fi_FI","og_type":"article","og_title":"P\u00e4iv\u00e4m\u00e4\u00e4ri\u00e4 - Helsingin L\u00e4\u00e4kiksen Speksi","og_description":"Yleiskokous 11.9.2025 kello 16 Basaarissa Mimicukset 16.9.2025 alkaen joka tiistai 28.10. asti (16.9. \/ 23.9. \/ 30.9. \/ 7.10. \/ 14.10. \/ 28.10.) Tanssicukset 17.9.2025 alkaen joka keskiviikko 22.10. asti. (17.9. \/ 24.9. \/ 1.10. \/ 8.10. \/ 15.10. \/ 22.10.) DVD-ilta ja syyskokous 7.10.2025 Laulup\u00e4\u00e4sykokeet 24.-25.10.2025 Musap\u00e4\u00e4sykokeet 30.-31.10.2025 N\u00e4yttelij\u00e4p\u00e4\u00e4sykokeet 3.-4.11.2025 Tanssip\u00e4\u00e4sykoe 27.10.2025 Speksim\u00f6kki 13.-15.2.2026Read More","og_url":"https:\/\/laakiksenspeksi.fi\/speksi\/paivamaaria\/","og_site_name":"Helsingin L\u00e4\u00e4kiksen Speksi","article_modified_time":"2025-09-17T11:48:05+00:00","twitter_card":"summary_large_image","twitter_misc":{"Arvioitu lukuaika":"1 minuutti"},"schema":{"@context":"https:\/\/schema.org","@graph":[{"@type":"WebPage","@id":"https:\/\/laakiksenspeksi.fi\/speksi\/paivamaaria\/","url":"https:\/\/laakiksenspeksi.fi\/speksi\/paivamaaria\/","name":"P\u00e4iv\u00e4m\u00e4\u00e4ri\u00e4 - Helsingin L\u00e4\u00e4kiksen Speksi","isPartOf":{"@id":"https:\/\/laakiksenspeksi.fi\/speksi\/#website"},"datePublished":"2018-09-18T08:56:42+00:00","dateModified":"2025-09-17T11:48:05+00:00","breadcrumb":{"@id":"https:\/\/laakiksenspeksi.fi\/speksi\/paivamaaria\/#breadcrumb"},"inLanguage":"fi","potentialAction":[{"@type":"ReadAction","target":["https:\/\/laakiksenspeksi.fi\/speksi\/paivamaaria\/"]}]},{"@type":"BreadcrumbList","@id":"https:\/\/laakiksenspeksi.fi\/speksi\/paivamaaria\/#breadcrumb","itemListElement":[{"@type":"ListItem","position":1,"name":"Home","item":"https:\/\/laakiksenspeksi.fi\/speksi\/"},{"@type":"ListItem","position":2,"name":"P\u00e4iv\u00e4m\u00e4\u00e4ri\u00e4"}]},{"@type":"WebSite","@id":"https:\/\/laakiksenspeksi.fi\/speksi\/#website","url":"https:\/\/laakiksenspeksi.fi\/speksi\/","name":"Helsingin L\u00e4\u00e4kiksen Speksi","description":"","publisher":{"@id":"https:\/\/laakiksenspeksi.fi\/speksi\/#organization"},"potentialAction":[{"@type":"SearchAction","target":{"@type":"EntryPoint","urlTemplate":"https:\/\/laakiksenspeksi.fi\/speksi\/?s={search_term_string}"},"query-input":"required name=search_term_string"}],"inLanguage":"fi"},{"@type":"Organization","@id":"https:\/\/laakiksenspeksi.fi\/speksi\/#organization","name":"Helsingin L\u00e4\u00e4kiksen Speksi","url":"https:\/\/laakiksenspeksi.fi\/speksi\/","logo":{"@type":"ImageObject","inLanguage":"fi","@id":"https:\/\/laakiksenspeksi.fi\/speksi\/#\/schema\/logo\/image\/","url":"https:\/\/laakiksenspeksi.fi\/speksi\/wp-content\/uploads\/sites\/15\/2022\/04\/cropped-kropattulintu.png","contentUrl":"https:\/\/laakiksenspeksi.fi\/speksi\/wp-content\/uploads\/sites\/15\/2022\/04\/cropped-kropattulintu.png","width":542,"height":472,"caption":"Helsingin L\u00e4\u00e4kiksen Speksi"},"image":{"@id":"https:\/\/laakiksenspeksi.fi\/speksi\/#\/schema\/logo\/image\/"}}]}},"_links":{"self":[{"href":"https:\/\/laakiksenspeksi.fi\/speksi\/wp-json\/wp\/v2\/pages\/379"}],"collection":[{"href":"https:\/\/laakiksenspeksi.fi\/speksi\/wp-json\/wp\/v2\/pages"}],"about":[{"href":"https:\/\/laakiksenspeksi.fi\/speksi\/wp-json\/wp\/v2\/types\/page"}],"author":[{"embeddable":true,"href":"https:\/\/laakiksenspeksi.fi\/speksi\/wp-json\/wp\/v2\/users\/5"}],"replies":[{"embeddable":true,"href":"https:\/\/laakiksenspeksi.fi\/speksi\/wp-json\/wp\/v2\/comments?post=379"}],"version-history":[{"count":77,"href":"https:\/\/laakiksenspeksi.fi\/speksi\/wp-json\/wp\/v2\/pages\/379\/revisions"}],"predecessor-version":[{"id":1846,"href":"https:\/\/laakiksenspeksi.fi\/speksi\/wp-json\/wp\/v2\/pages\/379\/revisions\/1846"}],"wp:attachment":[{"href":"https:\/\/laakiksenspeksi.fi\/speksi\/wp-json\/wp\/v2\/media?parent=379"}],"curies":[{"name":"wp","href":"https:\/\/api.w.org\/{rel}","templated":true}]}}