{"id":28,"date":"2024-11-12T16:09:47","date_gmt":"2024-11-12T14:09:47","guid":{"rendered":"https:\/\/laakiksenspeksi.fi\/turbokertomus\/?page_id=28"},"modified":"2025-01-29T21:43:05","modified_gmt":"2025-01-29T19:43:05","slug":"helsingin-laakiksen-speksi-2025","status":"publish","type":"page","link":"https:\/\/laakiksenspeksi.fi\/turbokertomus\/","title":{"rendered":"Helsingin L\u00e4\u00e4kiksen Speksi 2025"},"content":{"rendered":"\n<p class=\"has-text-align-center\">Helsingin l\u00e4\u00e4kiksen 37. speksi. 90-luku on kest\u00e4nyt jo vuosikymmeni\u00e4. Talousvaikeudet ovat syvent\u00e4neet eroja v\u00e4est\u00f6ryhmien v\u00e4lill\u00e4. Vuosisadan suuret ideologiset kokeilut on kokeiltu, eiv\u00e4tk\u00e4 ihmiset en\u00e4\u00e4 uskalla uskoa ideoihin tai aatteisiin. Vaihtoehtoisessa maailmassamme yksil\u00f6ill\u00e4 on arkisia, hy\u00f6dyllisyydelt\u00e4\u00e4n huomattavasti eroavia turbovoimia. Tervetuloa TURBO-Suomeen!<\/p>\n\n\n\n<p class=\"has-text-align-center\">Speksimme on kertomus Kai Onnettoman el\u00e4m\u00e4st\u00e4. Menneet ovat ajaneet t\u00e4m\u00e4n entisen pes\u00e4pallot\u00e4hden pys\u00e4htyneisyyden maailmaan. Kaikki kuitenkin muuttuu, kun h\u00e4n kohtaa odottamattoman yst\u00e4v\u00e4n. Kaksikko p\u00e4\u00e4tyy yhteiselle seikkailulle, joka ulottuu Turboper\u00e4n takapajulasta kansainv\u00e4lisille vesille asti. Turbokertomus on musta komedia, joka tutkii l\u00e4ht\u00f6kohtia, julkisuutta, luovuttamista ja yksil\u00f6keskeisyytt\u00e4.<\/p>\n\n\n\n<div class=\"wp-block-buttons is-content-justification-center is-layout-flex wp-container-1 wp-block-buttons-is-layout-flex\">\n<div class=\"wp-block-button\"><a class=\"wp-block-button__link wp-element-button\" href=\"https:\/\/www.lippu.fi\/artist\/helsingin-laakiksen-speksi\/\">Lippukauppa<\/a><\/div>\n\n\n\n<div class=\"wp-block-button\"><a class=\"wp-block-button__link wp-element-button\" href=\"https:\/\/laakiksenspeksi.fi\/kauppa\/\">Kiertueliput<\/a><\/div>\n<\/div>\n\n\n<div id=\"pl-gb28-69e44501666b3\"  class=\"panel-layout\" ><div id=\"pg-gb28-69e44501666b3-0\"  class=\"panel-grid panel-no-style\" ><div id=\"pgc-gb28-69e44501666b3-0-0\"  class=\"panel-grid-cell\" ><div id=\"panel-gb28-69e44501666b3-0-0-0\" class=\"so-panel widget widget_sow-slider panel-first-child panel-last-child\" data-index=\"0\" ><div\n\t\t\t\n\t\t\tclass=\"so-widget-sow-slider so-widget-sow-slider-default-53fd0f98de19-28\"\n\t\t\t\n\t\t><div class=\"sow-slider-base\" style=\"display: none\"><ul\n\t\t\t\t\tclass=\"sow-slider-images\"\n\t\t\t\t\tdata-settings=\"{&quot;pagination&quot;:true,&quot;speed&quot;:800,&quot;timeout&quot;:8000,&quot;paused&quot;:false,&quot;pause_on_hover&quot;:true,&quot;swipe&quot;:true,&quot;nav_always_show_desktop&quot;:&quot;&quot;,&quot;nav_always_show_mobile&quot;:&quot;&quot;,&quot;breakpoint&quot;:&quot;780px&quot;,&quot;unmute&quot;:false,&quot;anchor&quot;:null}\"\n\t\t\t\t\t\t\t\t\t\tdata-anchor-id=\"\"\n\t\t\t\t>\t\t<li class=\"sow-slider-image  sow-slider-image-cover\" style=\"visibility: visible;;background-image: url(https:\/\/laakiksenspeksi.fi\/turbokertomus\/wp-content\/uploads\/sites\/19\/2025\/01\/SATA_Laakiksen-speksi-mainos-1920x1080-min-scaled.jpg);cursor: pointer;\" data-url=\"{&quot;url&quot;:&quot;https:\\\/\\\/satakunnanhyvinvointialue.fi\\\/rekry\\\/laakarien-urapolut\\\/&quot;,&quot;new_window&quot;:true}\" >\n\t\t\t\t\t\t\t\t\t\t<a href=\"https:\/\/satakunnanhyvinvointialue.fi\/rekry\/laakarien-urapolut\/\"\n\t\t\t\t\t\t\t\t\t\t\t\t\t\t\ttarget=\"_blank\" \t\t\t\t\t\t\t\t\t\t\t\t\t\t\t\t\t\t\t\trel=\"noopener noreferrer\" \t\t\t\t\t\t\t\t\t>\n\t\t\t\t\t\t<img width=\"2560\" height=\"1440\" src=\"https:\/\/laakiksenspeksi.fi\/turbokertomus\/wp-content\/uploads\/sites\/19\/2025\/01\/SATA_Laakiksen-speksi-mainos-1920x1080-min-scaled.jpg\" class=\"sow-slider-background-image skip-lazy\" alt=\"\" decoding=\"async\" loading=\"eager\" fetchpriority=\"high\" srcset=\"https:\/\/laakiksenspeksi.fi\/turbokertomus\/wp-content\/uploads\/sites\/19\/2025\/01\/SATA_Laakiksen-speksi-mainos-1920x1080-min-scaled.jpg 2560w, https:\/\/laakiksenspeksi.fi\/turbokertomus\/wp-content\/uploads\/sites\/19\/2025\/01\/SATA_Laakiksen-speksi-mainos-1920x1080-min-300x169.jpg 300w, https:\/\/laakiksenspeksi.fi\/turbokertomus\/wp-content\/uploads\/sites\/19\/2025\/01\/SATA_Laakiksen-speksi-mainos-1920x1080-min-1024x576.jpg 1024w, https:\/\/laakiksenspeksi.fi\/turbokertomus\/wp-content\/uploads\/sites\/19\/2025\/01\/SATA_Laakiksen-speksi-mainos-1920x1080-min-768x432.jpg 768w, https:\/\/laakiksenspeksi.fi\/turbokertomus\/wp-content\/uploads\/sites\/19\/2025\/01\/SATA_Laakiksen-speksi-mainos-1920x1080-min-1536x864.jpg 1536w, https:\/\/laakiksenspeksi.fi\/turbokertomus\/wp-content\/uploads\/sites\/19\/2025\/01\/SATA_Laakiksen-speksi-mainos-1920x1080-min-2048x1152.jpg 2048w\" sizes=\"(max-width: 2560px) 100vw, 2560px\" \/>\t\t\t\t\t\t\t<\/a>\n\t\t\t\t\t\t\t\t<\/li>\n\t\t\t\t<li class=\"sow-slider-image  sow-slider-image-cover\" style=\"visibility: hidden;;background-image: url(https:\/\/laakiksenspeksi.fi\/turbokertomus\/wp-content\/uploads\/sites\/19\/2025\/01\/Doctors-by-Eezy-1600x900-1.png);cursor: pointer;\" data-url=\"{&quot;url&quot;:&quot;https:\\\/\\\/eezy.fi\\\/yksiloille\\\/doctors-by-eezy\\\/&quot;,&quot;new_window&quot;:true}\" >\n\t\t\t\t\t\t\t\t\t\t<a href=\"https:\/\/eezy.fi\/yksiloille\/doctors-by-eezy\/\"\n\t\t\t\t\t\t\t\t\t\t\t\t\t\t\ttarget=\"_blank\" \t\t\t\t\t\t\t\t\t\t\t\t\t\t\t\t\t\t\t\trel=\"noopener noreferrer\" \t\t\t\t\t\t\t\t\t>\n\t\t\t\t\t\t<img width=\"1600\" height=\"900\" src=\"https:\/\/laakiksenspeksi.fi\/turbokertomus\/wp-content\/uploads\/sites\/19\/2025\/01\/Doctors-by-Eezy-1600x900-1.png\" class=\"sow-slider-background-image skip-lazy\" alt=\"\" decoding=\"async\" loading=\"eager\" srcset=\"https:\/\/laakiksenspeksi.fi\/turbokertomus\/wp-content\/uploads\/sites\/19\/2025\/01\/Doctors-by-Eezy-1600x900-1.png 1600w, https:\/\/laakiksenspeksi.fi\/turbokertomus\/wp-content\/uploads\/sites\/19\/2025\/01\/Doctors-by-Eezy-1600x900-1-300x169.png 300w, https:\/\/laakiksenspeksi.fi\/turbokertomus\/wp-content\/uploads\/sites\/19\/2025\/01\/Doctors-by-Eezy-1600x900-1-1024x576.png 1024w, https:\/\/laakiksenspeksi.fi\/turbokertomus\/wp-content\/uploads\/sites\/19\/2025\/01\/Doctors-by-Eezy-1600x900-1-768x432.png 768w, https:\/\/laakiksenspeksi.fi\/turbokertomus\/wp-content\/uploads\/sites\/19\/2025\/01\/Doctors-by-Eezy-1600x900-1-1536x864.png 1536w\" sizes=\"(max-width: 1600px) 100vw, 1600px\" \/>\t\t\t\t\t\t\t<\/a>\n\t\t\t\t\t\t\t\t<\/li>\n\t\t\t\t<li class=\"sow-slider-image  sow-slider-image-cover\" style=\"visibility: hidden;;background-image: url(https:\/\/laakiksenspeksi.fi\/turbokertomus\/wp-content\/uploads\/sites\/19\/2025\/01\/laakari247_169.png);cursor: pointer;\" data-url=\"{&quot;url&quot;:&quot;https:\\\/\\\/www.xn--lkri247-5waab.fi\\\/&quot;,&quot;new_window&quot;:true}\" >\n\t\t\t\t\t\t\t\t\t\t<a href=\"https:\/\/www.xn--lkri247-5waab.fi\/\"\n\t\t\t\t\t\t\t\t\t\t\t\t\t\t\ttarget=\"_blank\" \t\t\t\t\t\t\t\t\t\t\t\t\t\t\t\t\t\t\t\trel=\"noopener noreferrer\" \t\t\t\t\t\t\t\t\t>\n\t\t\t\t\t\t<img width=\"1600\" height=\"900\" src=\"https:\/\/laakiksenspeksi.fi\/turbokertomus\/wp-content\/uploads\/sites\/19\/2025\/01\/laakari247_169.png\" class=\"sow-slider-background-image skip-lazy\" alt=\"\" decoding=\"async\" loading=\"eager\" srcset=\"https:\/\/laakiksenspeksi.fi\/turbokertomus\/wp-content\/uploads\/sites\/19\/2025\/01\/laakari247_169.png 1600w, https:\/\/laakiksenspeksi.fi\/turbokertomus\/wp-content\/uploads\/sites\/19\/2025\/01\/laakari247_169-300x169.png 300w, https:\/\/laakiksenspeksi.fi\/turbokertomus\/wp-content\/uploads\/sites\/19\/2025\/01\/laakari247_169-1024x576.png 1024w, https:\/\/laakiksenspeksi.fi\/turbokertomus\/wp-content\/uploads\/sites\/19\/2025\/01\/laakari247_169-768x432.png 768w, https:\/\/laakiksenspeksi.fi\/turbokertomus\/wp-content\/uploads\/sites\/19\/2025\/01\/laakari247_169-1536x864.png 1536w\" sizes=\"(max-width: 1600px) 100vw, 1600px\" \/>\t\t\t\t\t\t\t<\/a>\n\t\t\t\t\t\t\t\t<\/li>\n\t\t\t\t<li class=\"sow-slider-image  sow-slider-image-cover\" style=\"visibility: hidden;;background-image: url(https:\/\/laakiksenspeksi.fi\/turbokertomus\/wp-content\/uploads\/sites\/19\/2025\/01\/Copy-of-vannas_16_9-1024x576-kopio.jpg);cursor: pointer;\" data-url=\"{&quot;url&quot;:&quot;https:\\\/\\\/www.marttivannas.com\\\/&quot;,&quot;new_window&quot;:true}\" >\n\t\t\t\t\t\t\t\t\t\t<a href=\"https:\/\/www.marttivannas.com\/\"\n\t\t\t\t\t\t\t\t\t\t\t\t\t\t\ttarget=\"_blank\" \t\t\t\t\t\t\t\t\t\t\t\t\t\t\t\t\t\t\t\trel=\"noopener noreferrer\" \t\t\t\t\t\t\t\t\t>\n\t\t\t\t\t\t<img width=\"1024\" height=\"576\" src=\"https:\/\/laakiksenspeksi.fi\/turbokertomus\/wp-content\/uploads\/sites\/19\/2025\/01\/Copy-of-vannas_16_9-1024x576-kopio.jpg\" class=\"sow-slider-background-image skip-lazy\" alt=\"\" decoding=\"async\" loading=\"eager\" srcset=\"https:\/\/laakiksenspeksi.fi\/turbokertomus\/wp-content\/uploads\/sites\/19\/2025\/01\/Copy-of-vannas_16_9-1024x576-kopio.jpg 1024w, https:\/\/laakiksenspeksi.fi\/turbokertomus\/wp-content\/uploads\/sites\/19\/2025\/01\/Copy-of-vannas_16_9-1024x576-kopio-300x169.jpg 300w, https:\/\/laakiksenspeksi.fi\/turbokertomus\/wp-content\/uploads\/sites\/19\/2025\/01\/Copy-of-vannas_16_9-1024x576-kopio-768x432.jpg 768w\" sizes=\"(max-width: 1024px) 100vw, 1024px\" \/>\t\t\t\t\t\t\t<\/a>\n\t\t\t\t\t\t\t\t<\/li>\n\t\t\t\t<li class=\"sow-slider-image  sow-slider-image-cover\" style=\"visibility: hidden;;background-image: url(https:\/\/laakiksenspeksi.fi\/turbokertomus\/wp-content\/uploads\/sites\/19\/2025\/01\/psykologiliitto_169-1.png);cursor: pointer;\" data-url=\"{&quot;url&quot;:&quot;https:\\\/\\\/www.psyli.fi\\\/&quot;,&quot;new_window&quot;:true}\" >\n\t\t\t\t\t\t\t\t\t\t<a href=\"https:\/\/www.psyli.fi\/\"\n\t\t\t\t\t\t\t\t\t\t\t\t\t\t\ttarget=\"_blank\" \t\t\t\t\t\t\t\t\t\t\t\t\t\t\t\t\t\t\t\trel=\"noopener noreferrer\" \t\t\t\t\t\t\t\t\t>\n\t\t\t\t\t\t<img width=\"1209\" height=\"680\" src=\"https:\/\/laakiksenspeksi.fi\/turbokertomus\/wp-content\/uploads\/sites\/19\/2025\/01\/psykologiliitto_169-1.png\" class=\"sow-slider-background-image skip-lazy\" alt=\"\" decoding=\"async\" loading=\"eager\" srcset=\"https:\/\/laakiksenspeksi.fi\/turbokertomus\/wp-content\/uploads\/sites\/19\/2025\/01\/psykologiliitto_169-1.png 1209w, https:\/\/laakiksenspeksi.fi\/turbokertomus\/wp-content\/uploads\/sites\/19\/2025\/01\/psykologiliitto_169-1-300x169.png 300w, https:\/\/laakiksenspeksi.fi\/turbokertomus\/wp-content\/uploads\/sites\/19\/2025\/01\/psykologiliitto_169-1-1024x576.png 1024w, https:\/\/laakiksenspeksi.fi\/turbokertomus\/wp-content\/uploads\/sites\/19\/2025\/01\/psykologiliitto_169-1-768x432.png 768w\" sizes=\"(max-width: 1209px) 100vw, 1209px\" \/>\t\t\t\t\t\t\t<\/a>\n\t\t\t\t\t\t\t\t<\/li>\n\t\t<\/ul>\t\t\t\t<ol class=\"sow-slider-pagination\">\n\t\t\t\t\t\t\t\t\t\t\t<li><a href=\"#\" data-goto=\"0\" aria-label=\"display slide 1\"><\/a><\/li>\n\t\t\t\t\t\t\t\t\t\t\t<li><a href=\"#\" data-goto=\"1\" aria-label=\"display slide 2\"><\/a><\/li>\n\t\t\t\t\t\t\t\t\t\t\t<li><a href=\"#\" data-goto=\"2\" aria-label=\"display slide 3\"><\/a><\/li>\n\t\t\t\t\t\t\t\t\t\t\t<li><a href=\"#\" data-goto=\"3\" aria-label=\"display slide 4\"><\/a><\/li>\n\t\t\t\t\t\t\t\t\t\t\t<li><a href=\"#\" data-goto=\"4\" aria-label=\"display slide 5\"><\/a><\/li>\n\t\t\t\t\t\t\t\t\t<\/ol>\n\n\t\t\t\t<div class=\"sow-slide-nav sow-slide-nav-next\">\n\t\t\t\t\t<a href=\"#\" data-goto=\"next\" aria-label=\"next slide\" data-action=\"next\">\n\t\t\t\t\t\t<em class=\"sow-sld-icon-thin-right\"><\/em>\n\t\t\t\t\t<\/a>\n\t\t\t\t<\/div>\n\n\t\t\t\t<div class=\"sow-slide-nav sow-slide-nav-prev\">\n\t\t\t\t\t<a href=\"#\" data-goto=\"previous\" aria-label=\"previous slide\" data-action=\"prev\">\n\t\t\t\t\t\t<em class=\"sow-sld-icon-thin-left\"><\/em>\n\t\t\t\t\t<\/a>\n\t\t\t\t<\/div>\n\t\t\t\t<\/div><\/div><\/div><\/div><\/div><\/div>\n\n\n<figure class=\"wp-block-image size-large\"><img decoding=\"async\" loading=\"lazy\" width=\"1024\" height=\"1024\" src=\"http:\/\/laakiksenspeksi.fi\/turbokertomus\/wp-content\/uploads\/sites\/19\/2025\/01\/pizza-3-min-1024x1024.png\" alt=\"\" class=\"wp-image-121\" srcset=\"https:\/\/laakiksenspeksi.fi\/turbokertomus\/wp-content\/uploads\/sites\/19\/2025\/01\/pizza-3-min-1024x1024.png 1024w, https:\/\/laakiksenspeksi.fi\/turbokertomus\/wp-content\/uploads\/sites\/19\/2025\/01\/pizza-3-min-300x300.png 300w, https:\/\/laakiksenspeksi.fi\/turbokertomus\/wp-content\/uploads\/sites\/19\/2025\/01\/pizza-3-min-150x150.png 150w, https:\/\/laakiksenspeksi.fi\/turbokertomus\/wp-content\/uploads\/sites\/19\/2025\/01\/pizza-3-min-768x768.png 768w, https:\/\/laakiksenspeksi.fi\/turbokertomus\/wp-content\/uploads\/sites\/19\/2025\/01\/pizza-3-min-1536x1536.png 1536w, https:\/\/laakiksenspeksi.fi\/turbokertomus\/wp-content\/uploads\/sites\/19\/2025\/01\/pizza-3-min.png 2048w\" sizes=\"(max-width: 1024px) 100vw, 1024px\" \/><\/figure>\n","protected":false},"excerpt":{"rendered":"<p>Helsingin l\u00e4\u00e4kiksen 37. speksi. 90-luku on kest\u00e4nyt jo vuosikymmeni\u00e4. Talousvaikeudet ovat syvent\u00e4neet eroja v\u00e4est\u00f6ryhmien v\u00e4lill\u00e4. Vuosisadan suuret ideologiset kokeilut on kokeiltu, eiv\u00e4tk\u00e4 ihmiset en\u00e4\u00e4 uskalla uskoa ideoihin tai aatteisiin. Vaihtoehtoisessa maailmassamme yksil\u00f6ill\u00e4 on arkisia, hy\u00f6dyllisyydelt\u00e4\u00e4n huomattavasti eroavia turbovoimia. Tervetuloa TURBO-Suomeen! Speksimme on kertomus Kai Onnettoman el\u00e4m\u00e4st\u00e4. Menneet ovat ajaneet t\u00e4m\u00e4n entisen pes\u00e4pallot\u00e4hden pys\u00e4htyneisyyden maailmaan. Kaikki [&hellip;]<\/p>\n","protected":false},"author":11,"featured_media":0,"parent":0,"menu_order":0,"comment_status":"closed","ping_status":"closed","template":"","meta":{"_mi_skip_tracking":false,"_ti_tpc_template_sync":false,"_ti_tpc_template_id":"","footnotes":""},"aioseo_notices":[],"yoast_head":"<!-- This site is optimized with the Yoast SEO plugin v19.13 - https:\/\/yoast.com\/wordpress\/plugins\/seo\/ -->\n<title>Helsingin L\u00e4\u00e4kiksen Speksi 2025 - Turbokertomus<\/title>\n<meta name=\"robots\" content=\"index, follow, max-snippet:-1, max-image-preview:large, max-video-preview:-1\" \/>\n<link rel=\"canonical\" href=\"https:\/\/laakiksenspeksi.fi\/turbokertomus\/\" \/>\n<meta property=\"og:locale\" content=\"fi_FI\" \/>\n<meta property=\"og:type\" content=\"article\" \/>\n<meta property=\"og:title\" content=\"Helsingin L\u00e4\u00e4kiksen Speksi 2025 - Turbokertomus\" \/>\n<meta property=\"og:description\" content=\"Helsingin l\u00e4\u00e4kiksen 37. speksi. 90-luku on kest\u00e4nyt jo vuosikymmeni\u00e4. Talousvaikeudet ovat syvent\u00e4neet eroja v\u00e4est\u00f6ryhmien v\u00e4lill\u00e4. Vuosisadan suuret ideologiset kokeilut on kokeiltu, eiv\u00e4tk\u00e4 ihmiset en\u00e4\u00e4 uskalla uskoa ideoihin tai aatteisiin. Vaihtoehtoisessa maailmassamme yksil\u00f6ill\u00e4 on arkisia, hy\u00f6dyllisyydelt\u00e4\u00e4n huomattavasti eroavia turbovoimia. Tervetuloa TURBO-Suomeen! Speksimme on kertomus Kai Onnettoman el\u00e4m\u00e4st\u00e4. Menneet ovat ajaneet t\u00e4m\u00e4n entisen pes\u00e4pallot\u00e4hden pys\u00e4htyneisyyden maailmaan. Kaikki [&hellip;]\" \/>\n<meta property=\"og:url\" content=\"https:\/\/laakiksenspeksi.fi\/turbokertomus\/\" \/>\n<meta property=\"og:site_name\" content=\"Turbokertomus\" \/>\n<meta property=\"article:modified_time\" content=\"2025-01-29T19:43:05+00:00\" \/>\n<meta property=\"og:image\" content=\"http:\/\/laakiksenspeksi.fi\/turbokertomus\/wp-content\/uploads\/sites\/19\/2025\/01\/SATA_Laakiksen-speksi-mainos-1920x1080-min-scaled.jpg\" \/>\n<meta name=\"twitter:card\" content=\"summary_large_image\" \/>\n<meta name=\"twitter:label1\" content=\"Arvioitu lukuaika\" \/>\n\t<meta name=\"twitter:data1\" content=\"1 minuutti\" \/>\n<script type=\"application\/ld+json\" class=\"yoast-schema-graph\">{\"@context\":\"https:\/\/schema.org\",\"@graph\":[{\"@type\":\"WebPage\",\"@id\":\"https:\/\/laakiksenspeksi.fi\/turbokertomus\/\",\"url\":\"https:\/\/laakiksenspeksi.fi\/turbokertomus\/\",\"name\":\"Helsingin L\u00e4\u00e4kiksen Speksi 2025 - Turbokertomus\",\"isPartOf\":{\"@id\":\"https:\/\/laakiksenspeksi.fi\/turbokertomus\/#website\"},\"datePublished\":\"2024-11-12T14:09:47+00:00\",\"dateModified\":\"2025-01-29T19:43:05+00:00\",\"breadcrumb\":{\"@id\":\"https:\/\/laakiksenspeksi.fi\/turbokertomus\/#breadcrumb\"},\"inLanguage\":\"fi\",\"potentialAction\":[{\"@type\":\"ReadAction\",\"target\":[\"https:\/\/laakiksenspeksi.fi\/turbokertomus\/\"]}]},{\"@type\":\"BreadcrumbList\",\"@id\":\"https:\/\/laakiksenspeksi.fi\/turbokertomus\/#breadcrumb\",\"itemListElement\":[{\"@type\":\"ListItem\",\"position\":1,\"name\":\"Etusivu\",\"item\":\"https:\/\/laakiksenspeksi.fi\/turbokertomus\/\"},{\"@type\":\"ListItem\",\"position\":2,\"name\":\"Helsingin L\u00e4\u00e4kiksen Speksi 2025\"}]},{\"@type\":\"WebSite\",\"@id\":\"https:\/\/laakiksenspeksi.fi\/turbokertomus\/#website\",\"url\":\"https:\/\/laakiksenspeksi.fi\/turbokertomus\/\",\"name\":\"Turbokertomus\",\"description\":\"Helsingin L\u00e4\u00e4kiksen Speksin vuoden 2025 produktio\",\"publisher\":{\"@id\":\"https:\/\/laakiksenspeksi.fi\/turbokertomus\/#organization\"},\"potentialAction\":[{\"@type\":\"SearchAction\",\"target\":{\"@type\":\"EntryPoint\",\"urlTemplate\":\"https:\/\/laakiksenspeksi.fi\/turbokertomus\/?s={search_term_string}\"},\"query-input\":\"required name=search_term_string\"}],\"inLanguage\":\"fi\"},{\"@type\":\"Organization\",\"@id\":\"https:\/\/laakiksenspeksi.fi\/turbokertomus\/#organization\",\"name\":\"Turbokertomus\",\"url\":\"https:\/\/laakiksenspeksi.fi\/turbokertomus\/\",\"logo\":{\"@type\":\"ImageObject\",\"inLanguage\":\"fi\",\"@id\":\"https:\/\/laakiksenspeksi.fi\/turbokertomus\/#\/schema\/logo\/image\/\",\"url\":\"https:\/\/laakiksenspeksi.fi\/turbokertomus\/wp-content\/uploads\/sites\/19\/2024\/12\/turbokertomus-logo-3.0-valmis-final-e1735497019523.png\",\"contentUrl\":\"https:\/\/laakiksenspeksi.fi\/turbokertomus\/wp-content\/uploads\/sites\/19\/2024\/12\/turbokertomus-logo-3.0-valmis-final-e1735497019523.png\",\"width\":1830,\"height\":365,\"caption\":\"Turbokertomus\"},\"image\":{\"@id\":\"https:\/\/laakiksenspeksi.fi\/turbokertomus\/#\/schema\/logo\/image\/\"}}]}<\/script>\n<!-- \/ Yoast SEO plugin. -->","yoast_head_json":{"title":"Helsingin L\u00e4\u00e4kiksen Speksi 2025 - Turbokertomus","robots":{"index":"index","follow":"follow","max-snippet":"max-snippet:-1","max-image-preview":"max-image-preview:large","max-video-preview":"max-video-preview:-1"},"canonical":"https:\/\/laakiksenspeksi.fi\/turbokertomus\/","og_locale":"fi_FI","og_type":"article","og_title":"Helsingin L\u00e4\u00e4kiksen Speksi 2025 - Turbokertomus","og_description":"Helsingin l\u00e4\u00e4kiksen 37. speksi. 90-luku on kest\u00e4nyt jo vuosikymmeni\u00e4. Talousvaikeudet ovat syvent\u00e4neet eroja v\u00e4est\u00f6ryhmien v\u00e4lill\u00e4. Vuosisadan suuret ideologiset kokeilut on kokeiltu, eiv\u00e4tk\u00e4 ihmiset en\u00e4\u00e4 uskalla uskoa ideoihin tai aatteisiin. Vaihtoehtoisessa maailmassamme yksil\u00f6ill\u00e4 on arkisia, hy\u00f6dyllisyydelt\u00e4\u00e4n huomattavasti eroavia turbovoimia. Tervetuloa TURBO-Suomeen! Speksimme on kertomus Kai Onnettoman el\u00e4m\u00e4st\u00e4. Menneet ovat ajaneet t\u00e4m\u00e4n entisen pes\u00e4pallot\u00e4hden pys\u00e4htyneisyyden maailmaan. Kaikki [&hellip;]","og_url":"https:\/\/laakiksenspeksi.fi\/turbokertomus\/","og_site_name":"Turbokertomus","article_modified_time":"2025-01-29T19:43:05+00:00","og_image":[{"url":"http:\/\/laakiksenspeksi.fi\/turbokertomus\/wp-content\/uploads\/sites\/19\/2025\/01\/SATA_Laakiksen-speksi-mainos-1920x1080-min-scaled.jpg"}],"twitter_card":"summary_large_image","twitter_misc":{"Arvioitu lukuaika":"1 minuutti"},"schema":{"@context":"https:\/\/schema.org","@graph":[{"@type":"WebPage","@id":"https:\/\/laakiksenspeksi.fi\/turbokertomus\/","url":"https:\/\/laakiksenspeksi.fi\/turbokertomus\/","name":"Helsingin L\u00e4\u00e4kiksen Speksi 2025 - Turbokertomus","isPartOf":{"@id":"https:\/\/laakiksenspeksi.fi\/turbokertomus\/#website"},"datePublished":"2024-11-12T14:09:47+00:00","dateModified":"2025-01-29T19:43:05+00:00","breadcrumb":{"@id":"https:\/\/laakiksenspeksi.fi\/turbokertomus\/#breadcrumb"},"inLanguage":"fi","potentialAction":[{"@type":"ReadAction","target":["https:\/\/laakiksenspeksi.fi\/turbokertomus\/"]}]},{"@type":"BreadcrumbList","@id":"https:\/\/laakiksenspeksi.fi\/turbokertomus\/#breadcrumb","itemListElement":[{"@type":"ListItem","position":1,"name":"Etusivu","item":"https:\/\/laakiksenspeksi.fi\/turbokertomus\/"},{"@type":"ListItem","position":2,"name":"Helsingin L\u00e4\u00e4kiksen Speksi 2025"}]},{"@type":"WebSite","@id":"https:\/\/laakiksenspeksi.fi\/turbokertomus\/#website","url":"https:\/\/laakiksenspeksi.fi\/turbokertomus\/","name":"Turbokertomus","description":"Helsingin L\u00e4\u00e4kiksen Speksin vuoden 2025 produktio","publisher":{"@id":"https:\/\/laakiksenspeksi.fi\/turbokertomus\/#organization"},"potentialAction":[{"@type":"SearchAction","target":{"@type":"EntryPoint","urlTemplate":"https:\/\/laakiksenspeksi.fi\/turbokertomus\/?s={search_term_string}"},"query-input":"required name=search_term_string"}],"inLanguage":"fi"},{"@type":"Organization","@id":"https:\/\/laakiksenspeksi.fi\/turbokertomus\/#organization","name":"Turbokertomus","url":"https:\/\/laakiksenspeksi.fi\/turbokertomus\/","logo":{"@type":"ImageObject","inLanguage":"fi","@id":"https:\/\/laakiksenspeksi.fi\/turbokertomus\/#\/schema\/logo\/image\/","url":"https:\/\/laakiksenspeksi.fi\/turbokertomus\/wp-content\/uploads\/sites\/19\/2024\/12\/turbokertomus-logo-3.0-valmis-final-e1735497019523.png","contentUrl":"https:\/\/laakiksenspeksi.fi\/turbokertomus\/wp-content\/uploads\/sites\/19\/2024\/12\/turbokertomus-logo-3.0-valmis-final-e1735497019523.png","width":1830,"height":365,"caption":"Turbokertomus"},"image":{"@id":"https:\/\/laakiksenspeksi.fi\/turbokertomus\/#\/schema\/logo\/image\/"}}]}},"_links":{"self":[{"href":"https:\/\/laakiksenspeksi.fi\/turbokertomus\/wp-json\/wp\/v2\/pages\/28"}],"collection":[{"href":"https:\/\/laakiksenspeksi.fi\/turbokertomus\/wp-json\/wp\/v2\/pages"}],"about":[{"href":"https:\/\/laakiksenspeksi.fi\/turbokertomus\/wp-json\/wp\/v2\/types\/page"}],"author":[{"embeddable":true,"href":"https:\/\/laakiksenspeksi.fi\/turbokertomus\/wp-json\/wp\/v2\/users\/11"}],"replies":[{"embeddable":true,"href":"https:\/\/laakiksenspeksi.fi\/turbokertomus\/wp-json\/wp\/v2\/comments?post=28"}],"version-history":[{"count":16,"href":"https:\/\/laakiksenspeksi.fi\/turbokertomus\/wp-json\/wp\/v2\/pages\/28\/revisions"}],"predecessor-version":[{"id":155,"href":"https:\/\/laakiksenspeksi.fi\/turbokertomus\/wp-json\/wp\/v2\/pages\/28\/revisions\/155"}],"wp:attachment":[{"href":"https:\/\/laakiksenspeksi.fi\/turbokertomus\/wp-json\/wp\/v2\/media?parent=28"}],"curies":[{"name":"wp","href":"https:\/\/api.w.org\/{rel}","templated":true}]}}